{"id":1969,"date":"2015-10-26T00:51:34","date_gmt":"2015-10-25T23:51:34","guid":{"rendered":"https:\/\/www.sigre.es\/boletin\/sugre-informa-53\/convenios-y-acuerdos\/"},"modified":"2015-10-27T11:10:45","modified_gmt":"2015-10-27T10:10:45","slug":"convenios-y-acuerdos","status":"publish","type":"page","link":"https:\/\/www.sigre.es\/boletin\/sigre-informa-53\/convenios-y-acuerdos\/","title":{"rendered":"CONVENIOS Y ACUERDOS"},"content":{"rendered":"<div id=\"fb-root\"><\/div>\n<p>Durante los \u00faltimos meses, SIGRE ha llevado a cabo la renovaci\u00f3n de distintos convenios con instituciones de referencia, que le permitir\u00e1n continuar difundiendo su actividad medioambiental y socio-sanitaria.<\/p>\n<p>En este sentido, SIGRE ha renovado recientemente su acuerdo con la Agencia EFE, para impulsar conjuntamente acciones que promuevan el periodismo ambiental.<\/p>\n<p>Con este acuerdo, SIGRE se implica y participa activamente en la formaci\u00f3n de profesionales en esta \u00e1rea de la informaci\u00f3n, tan necesaria para crear una cultura y una concienciaci\u00f3n medioambiental en nuestra sociedad.<\/p>\n<p>Asimismo, SIGRE ha renovado su acuerdo con la Federaci\u00f3n Espa\u00f1ola de Religiosos de la Ense\u00f1anza (FERE) para continuar utilizando durante este curso escolar la herramienta educativa <a href=\"http:\/\/www.sigrelandia.es\/\" target=\"_blank\">Sigrelandia<\/a> en sus centros adheridos al Programa BEDA (Bilingual English Development &amp; Assessment).<\/p>\n<p>Esta iniciativa, que se ha llevado a cabo anteriormente con excelentes resultados, ha sido evaluada de manera muy positiva por los profesores y ha permitido a los alumnos del \u00faltimo ciclo de ense\u00f1anza primaria conocer la actividad de SIGRE.<\/p>\n","protected":false},"excerpt":{"rendered":"<p>Durante los \u00faltimos meses, SIGRE ha llevado a cabo la renovaci\u00f3n de distintos convenios con instituciones de referencia, que le permitir\u00e1n continuar difundiendo su actividad medioambiental y socio-sanitaria. En este sentido, SIGRE ha renovado recientemente su acuerdo con la Agencia EFE, para impulsar conjuntamente acciones que promuevan el periodismo ambiental. Con este acuerdo, SIGRE se [&hellip;]<\/p>\n","protected":false},"author":7,"featured_media":0,"parent":1900,"menu_order":295,"comment_status":"open","ping_status":"open","template":"articulo1.php","meta":{"footnotes":""},"class_list":["post-1969","page","type-page","status-publish","hentry"],"_links":{"self":[{"href":"https:\/\/www.sigre.es\/boletin\/wp-json\/wp\/v2\/pages\/1969","targetHints":{"allow":["GET"]}}],"collection":[{"href":"https:\/\/www.sigre.es\/boletin\/wp-json\/wp\/v2\/pages"}],"about":[{"href":"https:\/\/www.sigre.es\/boletin\/wp-json\/wp\/v2\/types\/page"}],"author":[{"embeddable":true,"href":"https:\/\/www.sigre.es\/boletin\/wp-json\/wp\/v2\/users\/7"}],"replies":[{"embeddable":true,"href":"https:\/\/www.sigre.es\/boletin\/wp-json\/wp\/v2\/comments?post=1969"}],"version-history":[{"count":0,"href":"https:\/\/www.sigre.es\/boletin\/wp-json\/wp\/v2\/pages\/1969\/revisions"}],"up":[{"embeddable":true,"href":"https:\/\/www.sigre.es\/boletin\/wp-json\/wp\/v2\/pages\/1900"}],"wp:attachment":[{"href":"https:\/\/www.sigre.es\/boletin\/wp-json\/wp\/v2\/media?parent=1969"}],"curies":[{"name":"wp","href":"https:\/\/api.w.org\/{rel}","templated":true}]}}