{"id":1959,"date":"2015-10-26T00:35:47","date_gmt":"2015-10-25T23:35:47","guid":{"rendered":"https:\/\/www.sigre.es\/boletin\/sugre-informa-53\/actualidad\/"},"modified":"2015-10-26T15:12:08","modified_gmt":"2015-10-26T14:12:08","slug":"actualidad","status":"publish","type":"page","link":"https:\/\/www.sigre.es\/boletin\/sigre-informa-53\/actualidad\/","title":{"rendered":"ACTUALIDAD"},"content":{"rendered":"<div id=\"fb-root\"><\/div>\n<p>Seg\u00fan el <em>\u201cEstudio sobre la percepci\u00f3n y conocimiento que los consumidores tienen sobre los pictogramas que aparecen en los envases\u00bb<\/em>, el s\u00edmbolo SIGRE ha sido reconocido por el 68,1% de los encuestados, lo que lo sit\u00faa como el s\u00edmbolo de car\u00e1cter medioambiental m\u00e1s conocido de los que aparecen en los diferentes envases.<\/p>\n<p>El estudio, realizado por la Plataforma Envase y Sociedad, EROSKI CONSUMER e Hispacoop (Confederaci\u00f3n Espa\u00f1ola de Cooperativas de Consumidores y Usuarios), tiene por objeto cuantificar el nivel de sensibilizaci\u00f3n y conocimiento que los consumidores tienen de los diferentes pictogramas, s\u00edmbolos o etiquetas que aparecen en los envases de los productos de consumo cotidiano, as\u00ed como sensibilizarles sobre la importancia de \u00e9stos para hacer un mejor uso de esos envases y productos.<\/p>\n<p>Este buen dato del conocimiento que los consumidores tienen del s\u00edmbolo SIGRE refleja el elevado grado de sensibilizaci\u00f3n de los ciudadanos con respecto a la correcta gesti\u00f3n medioambiental de los residuos de medicamentos y sus envases.<\/p>\n<p style=\"text-align: center;\"><a href=\"https:\/\/www.sigre.es\/boletin\/wp-content\/uploads\/2015\/10\/NdP.jpg\"><img loading=\"lazy\" decoding=\"async\" class=\"aligncenter wp-image-2039 size-medium\" src=\"https:\/\/www.sigre.es\/boletin\/wp-content\/uploads\/2015\/10\/NdP-300x155.jpg\" alt=\"NdP\" width=\"300\" height=\"155\" srcset=\"https:\/\/www.sigre.es\/boletin\/wp-content\/uploads\/2015\/10\/NdP-300x155.jpg 300w, https:\/\/www.sigre.es\/boletin\/wp-content\/uploads\/2015\/10\/NdP.jpg 629w\" sizes=\"auto, (max-width: 300px) 100vw, 300px\" \/><\/a><\/p>\n","protected":false},"excerpt":{"rendered":"<p>Seg\u00fan el \u201cEstudio sobre la percepci\u00f3n y conocimiento que los consumidores tienen sobre los pictogramas que aparecen en los envases\u00bb, el s\u00edmbolo SIGRE ha sido reconocido por el 68,1% de los encuestados, lo que lo sit\u00faa como el s\u00edmbolo de car\u00e1cter medioambiental m\u00e1s conocido de los que aparecen en los diferentes envases. El estudio, realizado [&hellip;]<\/p>\n","protected":false},"author":7,"featured_media":0,"parent":1900,"menu_order":286,"comment_status":"open","ping_status":"open","template":"articulo1.php","meta":{"footnotes":""},"class_list":["post-1959","page","type-page","status-publish","hentry"],"_links":{"self":[{"href":"https:\/\/www.sigre.es\/boletin\/wp-json\/wp\/v2\/pages\/1959","targetHints":{"allow":["GET"]}}],"collection":[{"href":"https:\/\/www.sigre.es\/boletin\/wp-json\/wp\/v2\/pages"}],"about":[{"href":"https:\/\/www.sigre.es\/boletin\/wp-json\/wp\/v2\/types\/page"}],"author":[{"embeddable":true,"href":"https:\/\/www.sigre.es\/boletin\/wp-json\/wp\/v2\/users\/7"}],"replies":[{"embeddable":true,"href":"https:\/\/www.sigre.es\/boletin\/wp-json\/wp\/v2\/comments?post=1959"}],"version-history":[{"count":0,"href":"https:\/\/www.sigre.es\/boletin\/wp-json\/wp\/v2\/pages\/1959\/revisions"}],"up":[{"embeddable":true,"href":"https:\/\/www.sigre.es\/boletin\/wp-json\/wp\/v2\/pages\/1900"}],"wp:attachment":[{"href":"https:\/\/www.sigre.es\/boletin\/wp-json\/wp\/v2\/media?parent=1959"}],"curies":[{"name":"wp","href":"https:\/\/api.w.org\/{rel}","templated":true}]}}