{"id":1954,"date":"2015-10-26T00:27:13","date_gmt":"2015-10-25T23:27:13","guid":{"rendered":"https:\/\/www.sigre.es\/boletin\/sugre-informa-53\/campana-de-comunicacion\/"},"modified":"2015-10-26T18:22:58","modified_gmt":"2015-10-26T17:22:58","slug":"campana-de-comunicacion","status":"publish","type":"page","link":"https:\/\/www.sigre.es\/boletin\/sigre-informa-53\/campana-de-comunicacion\/","title":{"rendered":"CAMPA\u00d1A DE COMUNICACI\u00d3N"},"content":{"rendered":"<div id=\"fb-root\"><\/div>\n<p>En pr\u00f3ximas fechas, SIGRE pondr\u00e1 en marcha, en colaboraci\u00f3n con las autoridades medioambientales, una nueva campa\u00f1a de sensibilizaci\u00f3n que tendr\u00e1 como objetivo concienciar al ciudadano y lograr su colaboraci\u00f3n en la gesti\u00f3n medioambiental de los envases y los residuos de medicamentos de origen domiciliario.<\/p>\n<p>La campa\u00f1a, que tendr\u00e1 como lema <strong><em>\u201cQu\u00e9 har\u00eda la naturaleza sin ti\u201d<\/em><\/strong>, hace un llamamiento a la participaci\u00f3n activa de los ciudadanos fomentando, por un lado, el uso responsable del medicamento y, por otro, la utilizaci\u00f3n del Punto SIGRE de la farmacia.<\/p>\n<p>A trav\u00e9s de las diferentes piezas que componen la campa\u00f1a, se explicar\u00e1 el papel que desempe\u00f1a cada uno de los agentes del sector farmac\u00e9utico para cerrar correctamente el ciclo de vida del medicamento y de su envase, poniendo en valor su colaboraci\u00f3n y compromiso con esta labor socio-sanitaria y medioambiental.<\/p>\n<p>\u201cQu\u00e9 har\u00eda la naturaleza sin ti\u201d estar\u00e1 presente en diversos soportes: medios digitales, medios escritos, televisi\u00f3n y radio, adem\u00e1s de en los m\u00e1s de 21.500 Puntos SIGRE ubicados en las farmacias.<\/p>\n<p><a href=\"https:\/\/www.sigre.es\/boletin\/wp-content\/uploads\/2015\/10\/Campana_2.jpg\"><img loading=\"lazy\" decoding=\"async\" class=\" wp-image-2052 size-medium aligncenter\" src=\"https:\/\/www.sigre.es\/boletin\/wp-content\/uploads\/2015\/10\/Campana_2-286x300.jpg\" alt=\"AF Sigre GENERICO\" width=\"286\" height=\"300\" srcset=\"https:\/\/www.sigre.es\/boletin\/wp-content\/uploads\/2015\/10\/Campana_2-286x300.jpg 286w, https:\/\/www.sigre.es\/boletin\/wp-content\/uploads\/2015\/10\/Campana_2.jpg 567w\" sizes=\"auto, (max-width: 286px) 100vw, 286px\" \/><\/a><\/p>\n","protected":false},"excerpt":{"rendered":"<p>En pr\u00f3ximas fechas, SIGRE pondr\u00e1 en marcha, en colaboraci\u00f3n con las autoridades medioambientales, una nueva campa\u00f1a de sensibilizaci\u00f3n que tendr\u00e1 como objetivo concienciar al ciudadano y lograr su colaboraci\u00f3n en la gesti\u00f3n medioambiental de los envases y los residuos de medicamentos de origen domiciliario. La campa\u00f1a, que tendr\u00e1 como lema \u201cQu\u00e9 har\u00eda la naturaleza sin [&hellip;]<\/p>\n","protected":false},"author":7,"featured_media":0,"parent":1900,"menu_order":277,"comment_status":"open","ping_status":"open","template":"articulo1.php","meta":{"footnotes":""},"class_list":["post-1954","page","type-page","status-publish","hentry"],"_links":{"self":[{"href":"https:\/\/www.sigre.es\/boletin\/wp-json\/wp\/v2\/pages\/1954","targetHints":{"allow":["GET"]}}],"collection":[{"href":"https:\/\/www.sigre.es\/boletin\/wp-json\/wp\/v2\/pages"}],"about":[{"href":"https:\/\/www.sigre.es\/boletin\/wp-json\/wp\/v2\/types\/page"}],"author":[{"embeddable":true,"href":"https:\/\/www.sigre.es\/boletin\/wp-json\/wp\/v2\/users\/7"}],"replies":[{"embeddable":true,"href":"https:\/\/www.sigre.es\/boletin\/wp-json\/wp\/v2\/comments?post=1954"}],"version-history":[{"count":0,"href":"https:\/\/www.sigre.es\/boletin\/wp-json\/wp\/v2\/pages\/1954\/revisions"}],"up":[{"embeddable":true,"href":"https:\/\/www.sigre.es\/boletin\/wp-json\/wp\/v2\/pages\/1900"}],"wp:attachment":[{"href":"https:\/\/www.sigre.es\/boletin\/wp-json\/wp\/v2\/media?parent=1954"}],"curies":[{"name":"wp","href":"https:\/\/api.w.org\/{rel}","templated":true}]}}