{"id":1946,"date":"2015-10-26T00:08:59","date_gmt":"2015-10-25T23:08:59","guid":{"rendered":"https:\/\/www.sigre.es\/boletin\/sugre-informa-53\/cursos\/"},"modified":"2015-10-26T00:24:57","modified_gmt":"2015-10-25T23:24:57","slug":"cursos","status":"publish","type":"page","link":"https:\/\/www.sigre.es\/boletin\/sigre-informa-53\/cursos\/","title":{"rendered":"CURSOS"},"content":{"rendered":"<div id=\"fb-root\"><\/div>\n<p>El sector farmac\u00e9utico se enfrenta al reto de responder a los cambios en la atenci\u00f3n socio-sanitaria que ocasionan el envejecimiento de la poblaci\u00f3n y el incremento de la cronificaci\u00f3n de las condiciones de salud.<\/p>\n<p>Para formar al farmac\u00e9utico en esta materia, SIGRE y el semanario Correo Farmac\u00e9utico dise\u00f1aron y pusieron en marcha el curso <em>\u201cAbordando la cronicidad: seguridad del paciente con el uso de los medicamentos desde la farmacia comunitaria\u201d<\/em>, que dio comienzo el pasado 27 de mayo y ha finalizado, con un gran \u00e9xito de participaci\u00f3n, el pasado 27 de septiembre.<\/p>\n<p style=\"text-align: center;\"><img loading=\"lazy\" decoding=\"async\" class=\"aligncenter wp-image-1949 size-full\" src=\"https:\/\/www.sigre.es\/boletin\/wp-content\/uploads\/2015\/10\/correo-farmaceutico.jpg\" alt=\"correo+farmaceutico\" width=\"360\" height=\"101\" srcset=\"https:\/\/www.sigre.es\/boletin\/wp-content\/uploads\/2015\/10\/correo-farmaceutico.jpg 360w, https:\/\/www.sigre.es\/boletin\/wp-content\/uploads\/2015\/10\/correo-farmaceutico-300x84.jpg 300w\" sizes=\"auto, (max-width: 360px) 100vw, 360px\" \/><\/p>\n<p>Los casi 1.500 farmac\u00e9uticos inscritos en este curso han tenido la oportunidad de abordar temas tan importantes como el uso responsable del medicamento, la importancia de la calidad en la dispensaci\u00f3n y la seguridad del paciente en la farmacia comunitaria.<\/p>\n<p>Dentro de esta tem\u00e1tica, los profesionales farmac\u00e9uticos han podido profundizar tambi\u00e9n en otros servicios que contribuyen a mejorar la atenci\u00f3n al paciente cr\u00f3nico, con especial atenci\u00f3n a las labores de concienciaci\u00f3n para la revisi\u00f3n peri\u00f3dica del botiqu\u00edn dom\u00e9stico y la entrega en el Punto SIGRE de los medicamentos caducados o que ya no sean necesarios.<\/p>\n","protected":false},"excerpt":{"rendered":"<p>El sector farmac\u00e9utico se enfrenta al reto de responder a los cambios en la atenci\u00f3n socio-sanitaria que ocasionan el envejecimiento de la poblaci\u00f3n y el incremento de la cronificaci\u00f3n de las condiciones de salud. Para formar al farmac\u00e9utico en esta materia, SIGRE y el semanario Correo Farmac\u00e9utico dise\u00f1aron y pusieron en marcha el curso \u201cAbordando [&hellip;]<\/p>\n","protected":false},"author":7,"featured_media":0,"parent":1900,"menu_order":268,"comment_status":"open","ping_status":"open","template":"articulo1.php","meta":{"footnotes":""},"class_list":["post-1946","page","type-page","status-publish","hentry"],"_links":{"self":[{"href":"https:\/\/www.sigre.es\/boletin\/wp-json\/wp\/v2\/pages\/1946","targetHints":{"allow":["GET"]}}],"collection":[{"href":"https:\/\/www.sigre.es\/boletin\/wp-json\/wp\/v2\/pages"}],"about":[{"href":"https:\/\/www.sigre.es\/boletin\/wp-json\/wp\/v2\/types\/page"}],"author":[{"embeddable":true,"href":"https:\/\/www.sigre.es\/boletin\/wp-json\/wp\/v2\/users\/7"}],"replies":[{"embeddable":true,"href":"https:\/\/www.sigre.es\/boletin\/wp-json\/wp\/v2\/comments?post=1946"}],"version-history":[{"count":0,"href":"https:\/\/www.sigre.es\/boletin\/wp-json\/wp\/v2\/pages\/1946\/revisions"}],"up":[{"embeddable":true,"href":"https:\/\/www.sigre.es\/boletin\/wp-json\/wp\/v2\/pages\/1900"}],"wp:attachment":[{"href":"https:\/\/www.sigre.es\/boletin\/wp-json\/wp\/v2\/media?parent=1946"}],"curies":[{"name":"wp","href":"https:\/\/api.w.org\/{rel}","templated":true}]}}