{"id":1941,"date":"2015-10-25T23:21:58","date_gmt":"2015-10-25T22:21:58","guid":{"rendered":"https:\/\/www.sigre.es\/boletin\/sugre-informa-53\/formacion\/"},"modified":"2015-10-26T15:20:30","modified_gmt":"2015-10-26T14:20:30","slug":"formacion","status":"publish","type":"page","link":"https:\/\/www.sigre.es\/boletin\/sigre-informa-53\/formacion\/","title":{"rendered":"FORMACI\u00d3N"},"content":{"rendered":"<div id=\"fb-root\"><\/div>\n<p>La Universidad proporciona a los estudiantes las competencias necesarias para el futuro desarrollo de las actividades profesionales, incluyendo aquellos aspectos y obligaciones de car\u00e1cter medioambiental que deber\u00e1n tener en cuenta.<\/p>\n<p>Para facilitar esta labor, SIGRE ha dise\u00f1ado un m\u00f3dulo formativo que permite a todos los profesores presentar, de forma clara y sencilla, los conocimientos b\u00e1sicos sobre la gesti\u00f3n ambiental en la oficina de farmacia y en la industria farmac\u00e9utica: consumo de recursos, residuos, vertidos, emisiones, etc.<\/p>\n<p>El Programa del m\u00f3dulo formativo se compone de tres unidades: \u201cLa gesti\u00f3n ambiental en la industria farmac\u00e9utica\u201d, \u201cLa gesti\u00f3n ambiental en la farmacia\u201d y \u201cLa gesti\u00f3n ambiental de los envases y residuos de medicamentos de origen dom\u00e9stico\u201d.<\/p>\n<p>Todos los centros o profesores de educaci\u00f3n superior que deseen incluir estos contenidos en sus acciones formativas, pueden solicitar de forma gratuita los materiales del m\u00f3dulo formativo.<\/p>\n<p>Asimismo, estos materiales est\u00e1n a disposici\u00f3n de Colegios Oficiales de Farmac\u00e9uticos y otras instituciones del sector farmac\u00e9utico que deseen incorporarlos a los cursos que organizan.<\/p>\n<p>Todos los centros o profesores de educaci\u00f3n superior, que deseen incluir estos contenidos en sus acciones formativas, pueden solicitar los materiales y fichas de manera gratuita cumplimentando un breve formulario en el <a href=\"https:\/\/www.sigre.es\/educacion\/educacion-superior\/\" target=\"_blank\">apartado educaci\u00f3n<\/a> de <a href=\"https:\/\/www.sigre.es\" target=\"_blank\">www.sigre.es<\/a>.<\/p>\n","protected":false},"excerpt":{"rendered":"<p>La Universidad proporciona a los estudiantes las competencias necesarias para el futuro desarrollo de las actividades profesionales, incluyendo aquellos aspectos y obligaciones de car\u00e1cter medioambiental que deber\u00e1n tener en cuenta. Para facilitar esta labor, SIGRE ha dise\u00f1ado un m\u00f3dulo formativo que permite a todos los profesores presentar, de forma clara y sencilla, los conocimientos b\u00e1sicos [&hellip;]<\/p>\n","protected":false},"author":7,"featured_media":0,"parent":1900,"menu_order":259,"comment_status":"open","ping_status":"open","template":"articulo1.php","meta":{"footnotes":""},"class_list":["post-1941","page","type-page","status-publish","hentry"],"_links":{"self":[{"href":"https:\/\/www.sigre.es\/boletin\/wp-json\/wp\/v2\/pages\/1941","targetHints":{"allow":["GET"]}}],"collection":[{"href":"https:\/\/www.sigre.es\/boletin\/wp-json\/wp\/v2\/pages"}],"about":[{"href":"https:\/\/www.sigre.es\/boletin\/wp-json\/wp\/v2\/types\/page"}],"author":[{"embeddable":true,"href":"https:\/\/www.sigre.es\/boletin\/wp-json\/wp\/v2\/users\/7"}],"replies":[{"embeddable":true,"href":"https:\/\/www.sigre.es\/boletin\/wp-json\/wp\/v2\/comments?post=1941"}],"version-history":[{"count":0,"href":"https:\/\/www.sigre.es\/boletin\/wp-json\/wp\/v2\/pages\/1941\/revisions"}],"up":[{"embeddable":true,"href":"https:\/\/www.sigre.es\/boletin\/wp-json\/wp\/v2\/pages\/1900"}],"wp:attachment":[{"href":"https:\/\/www.sigre.es\/boletin\/wp-json\/wp\/v2\/media?parent=1941"}],"curies":[{"name":"wp","href":"https:\/\/api.w.org\/{rel}","templated":true}]}}