{"id":1929,"date":"2015-10-25T23:10:00","date_gmt":"2015-10-25T22:10:00","guid":{"rendered":"https:\/\/www.sigre.es\/boletin\/?page_id=1929"},"modified":"2015-10-27T08:36:51","modified_gmt":"2015-10-27T07:36:51","slug":"biblioteca-sigre","status":"publish","type":"page","link":"https:\/\/www.sigre.es\/boletin\/sigre-informa-53\/biblioteca-sigre\/","title":{"rendered":"BIBLIOTECA SIGRE"},"content":{"rendered":"<div id=\"fb-root\"><\/div>\n<p>El compromiso de todo el sector farmac\u00e9utico con la salud y con el cuidado de nuestro entorno ha quedado reflejado en la <a href=\"http:\/\/www.memoriasigre.es\/2014\/\" target=\"_blank\">Memoria de Responsabilidad Social 2014<\/a>, editada por SIGRE.<\/p>\n<p>Para la elaboraci\u00f3n de este informe se ha seguido, por segundo a\u00f1o consecutivo, los exigentes criterios establecidos por la nueva gu\u00eda GRI G. 4 en su nivel \u00abexhaustivo\u00bb. Esto garantiza que el contenido del mismo aborda los asuntos m\u00e1s relevantes para los grupos de inter\u00e9s, lo que facilita que estos puedan tener acceso a los aspectos ambientales, econ\u00f3micos y sociales significativos de la organizaci\u00f3n.<\/p>\n<p style=\"text-align: center;\"><a href=\"https:\/\/www.sigre.es\/boletin\/wp-content\/uploads\/2015\/10\/Memoria-Responsabilidad-Social-2014-home.jpg\"><img loading=\"lazy\" decoding=\"async\" class=\"aligncenter wp-image-1933 size-medium\" src=\"https:\/\/www.sigre.es\/boletin\/wp-content\/uploads\/2015\/10\/Memoria-Responsabilidad-Social-2014-home-300x183.jpg\" alt=\"Memoria-Responsabilidad-Social-2014-home\" width=\"300\" height=\"183\" srcset=\"https:\/\/www.sigre.es\/boletin\/wp-content\/uploads\/2015\/10\/Memoria-Responsabilidad-Social-2014-home-300x183.jpg 300w, https:\/\/www.sigre.es\/boletin\/wp-content\/uploads\/2015\/10\/Memoria-Responsabilidad-Social-2014-home-1024x625.jpg 1024w, https:\/\/www.sigre.es\/boletin\/wp-content\/uploads\/2015\/10\/Memoria-Responsabilidad-Social-2014-home.jpg 1200w\" sizes=\"auto, (max-width: 300px) 100vw, 300px\" \/><\/a><\/p>\n<p>De esta manera, en sus p\u00e1ginas interiores se recogen las tres principales l\u00edneas de actuaci\u00f3n en 2014: el impulso y coordinaci\u00f3n de la aplicaci\u00f3n de medidas de ecodise\u00f1o, para mejorar la prevenci\u00f3n en origen; la gesti\u00f3n medioambiental de los residuos depositados en el Punto SIGRE, para continuar protegiendo la naturaleza; y las acciones de sensibilizaci\u00f3n, para concienciar a la sociedad de la necesidad de colaborar en el reciclado.<\/p>\n<p style=\"text-align: center;\"><img loading=\"lazy\" decoding=\"async\" class=\"aligncenter wp-image-1932 size-full\" src=\"https:\/\/www.sigre.es\/boletin\/wp-content\/uploads\/2015\/10\/GRI.jpg\" alt=\"GRI\" width=\"303\" height=\"99\" srcset=\"https:\/\/www.sigre.es\/boletin\/wp-content\/uploads\/2015\/10\/GRI.jpg 303w, https:\/\/www.sigre.es\/boletin\/wp-content\/uploads\/2015\/10\/GRI-300x98.jpg 300w\" sizes=\"auto, (max-width: 303px) 100vw, 303px\" \/><\/p>\n<p style=\"text-align: center;\">Sello distintivo del Global Reporting Initiative (GRI)<\/p>\n<p style=\"text-align: left;\">SIGRE pone nuevamente a disposici\u00f3n de todos sus p\u00fablicos este relevante documento y les invita a comprobar de primera mano los numerosos avances efectuados por el sector farmac\u00e9utico en materia de sostenibilidad. <a href=\"http:\/\/www.memoriasigre.es\/2014\/\" target=\"_blank\">www.memoriasigre.es\/2014<\/a><\/p>\n<p style=\"text-align: center;\">\n","protected":false},"excerpt":{"rendered":"<p>El compromiso de todo el sector farmac\u00e9utico con la salud y con el cuidado de nuestro entorno ha quedado reflejado en la Memoria de Responsabilidad Social 2014, editada por SIGRE. Para la elaboraci\u00f3n de este informe se ha seguido, por segundo a\u00f1o consecutivo, los exigentes criterios establecidos por la nueva gu\u00eda GRI G. 4 en [&hellip;]<\/p>\n","protected":false},"author":7,"featured_media":0,"parent":1900,"menu_order":250,"comment_status":"open","ping_status":"open","template":"articulo1.php","meta":{"footnotes":""},"class_list":["post-1929","page","type-page","status-publish","hentry"],"_links":{"self":[{"href":"https:\/\/www.sigre.es\/boletin\/wp-json\/wp\/v2\/pages\/1929","targetHints":{"allow":["GET"]}}],"collection":[{"href":"https:\/\/www.sigre.es\/boletin\/wp-json\/wp\/v2\/pages"}],"about":[{"href":"https:\/\/www.sigre.es\/boletin\/wp-json\/wp\/v2\/types\/page"}],"author":[{"embeddable":true,"href":"https:\/\/www.sigre.es\/boletin\/wp-json\/wp\/v2\/users\/7"}],"replies":[{"embeddable":true,"href":"https:\/\/www.sigre.es\/boletin\/wp-json\/wp\/v2\/comments?post=1929"}],"version-history":[{"count":0,"href":"https:\/\/www.sigre.es\/boletin\/wp-json\/wp\/v2\/pages\/1929\/revisions"}],"up":[{"embeddable":true,"href":"https:\/\/www.sigre.es\/boletin\/wp-json\/wp\/v2\/pages\/1900"}],"wp:attachment":[{"href":"https:\/\/www.sigre.es\/boletin\/wp-json\/wp\/v2\/media?parent=1929"}],"curies":[{"name":"wp","href":"https:\/\/api.w.org\/{rel}","templated":true}]}}