{"id":1918,"date":"2015-10-25T22:36:19","date_gmt":"2015-10-25T21:36:19","guid":{"rendered":"https:\/\/www.sigre.es\/boletin\/?page_id=1918"},"modified":"2015-10-27T11:07:10","modified_gmt":"2015-10-27T10:07:10","slug":"sigre-responde","status":"publish","type":"page","link":"https:\/\/www.sigre.es\/boletin\/sigre-informa-53\/sigre-responde\/","title":{"rendered":"SIGRE RESPONDE"},"content":{"rendered":"<div id=\"fb-root\"><\/div>\n<p>Peri\u00f3dicamente, se realizan campa\u00f1as de concienciaci\u00f3n para recordar al ciudadano la importancia que, para su salud y para el medio ambiente, tiene su activa colaboraci\u00f3n en el reciclado de los residuos de medicamentos y sus envases.<\/p>\n<p>El resultado de este esfuerzo es una sociedad cada d\u00eda m\u00e1s concienciada. Seg\u00fan los datos del \u00faltimo sondeo de opini\u00f3n encargado por SIGRE, estas son algunas de las afirmaciones y opiniones del ciudadano sobre nuestra actividad:\u00a0<a href=\"https:\/\/www.sigre.es\/boletin\/wp-content\/uploads\/2015\/10\/SI53-SIGRE-Responde.jpg\"><img loading=\"lazy\" decoding=\"async\" class=\"aligncenter wp-image-2055 size-full\" src=\"https:\/\/www.sigre.es\/boletin\/wp-content\/uploads\/2015\/10\/SI53-SIGRE-Responde.jpg\" alt=\"SI53-SIGRE-Responde\" width=\"640\" height=\"456\" srcset=\"https:\/\/www.sigre.es\/boletin\/wp-content\/uploads\/2015\/10\/SI53-SIGRE-Responde.jpg 640w, https:\/\/www.sigre.es\/boletin\/wp-content\/uploads\/2015\/10\/SI53-SIGRE-Responde-300x214.jpg 300w\" sizes=\"auto, (max-width: 640px) 100vw, 640px\" \/><\/a><\/p>\n","protected":false},"excerpt":{"rendered":"<p>Peri\u00f3dicamente, se realizan campa\u00f1as de concienciaci\u00f3n para recordar al ciudadano la importancia que, para su salud y para el medio ambiente, tiene su activa colaboraci\u00f3n en el reciclado de los residuos de medicamentos y sus envases. El resultado de este esfuerzo es una sociedad cada d\u00eda m\u00e1s concienciada. Seg\u00fan los datos del \u00faltimo sondeo de [&hellip;]<\/p>\n","protected":false},"author":7,"featured_media":0,"parent":1900,"menu_order":241,"comment_status":"open","ping_status":"open","template":"sigre-responde.php","meta":{"footnotes":""},"class_list":["post-1918","page","type-page","status-publish","hentry"],"_links":{"self":[{"href":"https:\/\/www.sigre.es\/boletin\/wp-json\/wp\/v2\/pages\/1918","targetHints":{"allow":["GET"]}}],"collection":[{"href":"https:\/\/www.sigre.es\/boletin\/wp-json\/wp\/v2\/pages"}],"about":[{"href":"https:\/\/www.sigre.es\/boletin\/wp-json\/wp\/v2\/types\/page"}],"author":[{"embeddable":true,"href":"https:\/\/www.sigre.es\/boletin\/wp-json\/wp\/v2\/users\/7"}],"replies":[{"embeddable":true,"href":"https:\/\/www.sigre.es\/boletin\/wp-json\/wp\/v2\/comments?post=1918"}],"version-history":[{"count":0,"href":"https:\/\/www.sigre.es\/boletin\/wp-json\/wp\/v2\/pages\/1918\/revisions"}],"up":[{"embeddable":true,"href":"https:\/\/www.sigre.es\/boletin\/wp-json\/wp\/v2\/pages\/1900"}],"wp:attachment":[{"href":"https:\/\/www.sigre.es\/boletin\/wp-json\/wp\/v2\/media?parent=1918"}],"curies":[{"name":"wp","href":"https:\/\/api.w.org\/{rel}","templated":true}]}}