{"id":1913,"date":"2015-10-25T21:04:13","date_gmt":"2015-10-25T20:04:13","guid":{"rendered":"https:\/\/www.sigre.es\/boletin\/sugre-informa-53\/editorial\/"},"modified":"2015-10-27T11:05:16","modified_gmt":"2015-10-27T10:05:16","slug":"editorial","status":"publish","type":"page","link":"https:\/\/www.sigre.es\/boletin\/sigre-informa-53\/editorial\/","title":{"rendered":"EDITORIAL"},"content":{"rendered":"<div id=\"fb-root\"><\/div>\n<p>La aprobaci\u00f3n de los Objetivos de Desarrollo Sostenible (ODS) en la \u00faltima Cumbre de las Naciones Unidas, celebrada el pasado mes de septiembre, supone un nuevo impulso para que los programas globales que desarrollen los pa\u00edses miembros sean m\u00e1s integradores y sostenibles.<\/p>\n<p>El fin \u00faltimo de los 17 ODS aprobados es poner fin a la pobreza, luchar contra la desigualdad y la injusticia y hacer frente al cambio clim\u00e1tico. Campos en los que SIGRE y el sector farmac\u00e9utico ya estamos actuando a trav\u00e9s de la Red Espa\u00f1ola del Pacto Mundial, de la que somos miembros de su Comit\u00e9 Ejecutivo.<\/p>\n<p>Conscientes de que en la lucha contra el cambio clim\u00e1tico, es el \u00e1rea en la que SIGRE puede y debe aportar m\u00e1s, llevamos muchos a\u00f1os trabajando en el campo de la prevenci\u00f3n y la sostenibilidad de los envases de medicamentos y en el de la mejora del tratamiento final de sus residuos.<\/p>\n<p>M\u00e1s all\u00e1 de este trabajo diario, hemos querido dejar patente nuestro compromiso, uni\u00e9ndonos a la campa\u00f1a \u201c1 mill\u00f3n por el clima\u201d, impulsada por el Ministerio de Agricultura, Alimentaci\u00f3n y Medio Ambiente, con siete actuaciones que contribuyen a frenar este problema.<\/p>\n<p>Esperamos que todas estas actuaciones, junto con las de otras muchas personas, instituciones p\u00fablicas y privadas, empresas, organizaciones y entidades, sirvan de ejemplo para que en la COP21, XXI Conferencia de las Naciones Unidas sobre el Cambio Clim\u00e1tico, que se celebrar\u00e1 en Par\u00eds desde finales del pr\u00f3ximo mes de noviembre, se logren acuerdos vinculantes que permitan luchar eficazmente contra este problema global.<\/p>\n","protected":false},"excerpt":{"rendered":"<p>La aprobaci\u00f3n de los Objetivos de Desarrollo Sostenible (ODS) en la \u00faltima Cumbre de las Naciones Unidas, celebrada el pasado mes de septiembre, supone un nuevo impulso para que los programas globales que desarrollen los pa\u00edses miembros sean m\u00e1s integradores y sostenibles. El fin \u00faltimo de los 17 ODS aprobados es poner fin a la [&hellip;]<\/p>\n","protected":false},"author":7,"featured_media":0,"parent":1900,"menu_order":232,"comment_status":"open","ping_status":"open","template":"articulo1.php","meta":{"footnotes":""},"class_list":["post-1913","page","type-page","status-publish","hentry"],"_links":{"self":[{"href":"https:\/\/www.sigre.es\/boletin\/wp-json\/wp\/v2\/pages\/1913","targetHints":{"allow":["GET"]}}],"collection":[{"href":"https:\/\/www.sigre.es\/boletin\/wp-json\/wp\/v2\/pages"}],"about":[{"href":"https:\/\/www.sigre.es\/boletin\/wp-json\/wp\/v2\/types\/page"}],"author":[{"embeddable":true,"href":"https:\/\/www.sigre.es\/boletin\/wp-json\/wp\/v2\/users\/7"}],"replies":[{"embeddable":true,"href":"https:\/\/www.sigre.es\/boletin\/wp-json\/wp\/v2\/comments?post=1913"}],"version-history":[{"count":0,"href":"https:\/\/www.sigre.es\/boletin\/wp-json\/wp\/v2\/pages\/1913\/revisions"}],"up":[{"embeddable":true,"href":"https:\/\/www.sigre.es\/boletin\/wp-json\/wp\/v2\/pages\/1900"}],"wp:attachment":[{"href":"https:\/\/www.sigre.es\/boletin\/wp-json\/wp\/v2\/media?parent=1913"}],"curies":[{"name":"wp","href":"https:\/\/api.w.org\/{rel}","templated":true}]}}