{"id":1908,"date":"2015-10-25T20:52:39","date_gmt":"2015-10-25T19:52:39","guid":{"rendered":"https:\/\/www.sigre.es\/boletin\/sugre-informa-53\/rsc\/"},"modified":"2015-10-28T09:00:13","modified_gmt":"2015-10-28T08:00:13","slug":"rsc","status":"publish","type":"page","link":"https:\/\/www.sigre.es\/boletin\/sigre-informa-53\/rsc\/","title":{"rendered":"RSC"},"content":{"rendered":"<div id=\"fb-root\"><\/div>\n<p>SIGRE se ha adherido a la iniciativa \u201c1 mill\u00f3n por el clima\u201d, impulsada por el Ministerio de Agricultura, Alimentaci\u00f3n y Medio Ambiente y por la Fundaci\u00f3n Ecolog\u00eda y Desarrollo (Ecodes), para implicar a empresas, organismos y ciudadanos en la puesta en marcha de acciones que contribuyan a paliar los efectos del cambio clim\u00e1tico.<\/p>\n<p>Con esta adhesi\u00f3n, SIGRE se ha comprometido a efectuar siete actuaciones para frenar el cambio clim\u00e1tico, que se pueden consultar en la <a href=\"http:\/\/www.unmillonporelclima.es\/comprometidos\/entidades\/perfil\/?u=15f99e81-bd75-47e0-b1f2-8150e9632b63\" target=\"_blank\">web de la iniciativa<\/a>. Entre otras, la entidad compensar\u00e1 la huella de carbono generada por su actividad y promover\u00e1 la aplicaci\u00f3n de iniciativas de ecodise\u00f1o para minimizar el uso de recursos y optimizar el reciclaje.<\/p>\n<p>\u201c1 mill\u00f3n por el clima\u201d fomenta los valores sostenibles e invita a contribuir al cuidado y conservaci\u00f3n del medio ambiente, promoviendo la idea del valor que aporta cada acci\u00f3n, por peque\u00f1a que \u00e9sta sea.<\/p>\n<p>SIGRE invita a todos los lectores a participar en esta iniciativa y a comprometerse para frenar los efectos del cambio clim\u00e1tico, sumando esfuerzos para alcanzar la cifra de 1 mill\u00f3n de compromisos, objetivo fijado para presentar en la 21\u00ba Conferencia de las Partes de la Convenci\u00f3n Marco de las Naciones Unidas sobre Cambio Clim\u00e1tico (COP21), que se celebrar\u00e1 a partir del 30 de noviembre de este a\u00f1o en Le Bourget (Par\u00eds), Francia.<\/p>\n<p>Con estas actuaciones, SIGRE pone de manifiesto, una vez m\u00e1s, la firme apuesta del sector farmac\u00e9utico con la sostenibilidad.<\/p>\n","protected":false},"excerpt":{"rendered":"<p>SIGRE se ha adherido a la iniciativa \u201c1 mill\u00f3n por el clima\u201d, impulsada por el Ministerio de Agricultura, Alimentaci\u00f3n y Medio Ambiente y por la Fundaci\u00f3n Ecolog\u00eda y Desarrollo (Ecodes), para implicar a empresas, organismos y ciudadanos en la puesta en marcha de acciones que contribuyan a paliar los efectos del cambio clim\u00e1tico. Con esta [&hellip;]<\/p>\n","protected":false},"author":7,"featured_media":0,"parent":1900,"menu_order":222,"comment_status":"open","ping_status":"open","template":"articulo1.php","meta":{"footnotes":""},"class_list":["post-1908","page","type-page","status-publish","hentry"],"_links":{"self":[{"href":"https:\/\/www.sigre.es\/boletin\/wp-json\/wp\/v2\/pages\/1908","targetHints":{"allow":["GET"]}}],"collection":[{"href":"https:\/\/www.sigre.es\/boletin\/wp-json\/wp\/v2\/pages"}],"about":[{"href":"https:\/\/www.sigre.es\/boletin\/wp-json\/wp\/v2\/types\/page"}],"author":[{"embeddable":true,"href":"https:\/\/www.sigre.es\/boletin\/wp-json\/wp\/v2\/users\/7"}],"replies":[{"embeddable":true,"href":"https:\/\/www.sigre.es\/boletin\/wp-json\/wp\/v2\/comments?post=1908"}],"version-history":[{"count":0,"href":"https:\/\/www.sigre.es\/boletin\/wp-json\/wp\/v2\/pages\/1908\/revisions"}],"up":[{"embeddable":true,"href":"https:\/\/www.sigre.es\/boletin\/wp-json\/wp\/v2\/pages\/1900"}],"wp:attachment":[{"href":"https:\/\/www.sigre.es\/boletin\/wp-json\/wp\/v2\/media?parent=1908"}],"curies":[{"name":"wp","href":"https:\/\/api.w.org\/{rel}","templated":true}]}}