{"id":1902,"date":"2015-10-25T20:25:48","date_gmt":"2015-10-25T19:25:48","guid":{"rendered":"https:\/\/www.sigre.es\/boletin\/sugre-informa-53\/entrevista\/"},"modified":"2015-10-27T11:03:26","modified_gmt":"2015-10-27T10:03:26","slug":"entrevista","status":"publish","type":"page","link":"https:\/\/www.sigre.es\/boletin\/sigre-informa-53\/entrevista\/","title":{"rendered":"ENTREVISTA"},"content":{"rendered":"<div id=\"fb-root\"><\/div>\n<p><strong>El Consejo General es una de las organizaciones constituyentes de SIGRE. Tras catorce a\u00f1os de funcionamiento, \u00bfc\u00f3mo eval\u00faa el Consejo esta iniciativa del sector farmac\u00e9utico?<\/strong><\/p>\n<p>La participaci\u00f3n activa de los farmac\u00e9uticos y las farmacias comunitarias ha permitido que SIGRE se haya consolidado como una iniciativa que ha implantado el h\u00e1bito de reciclar los envases y los residuos de medicamentos en la gran mayor\u00eda de los hogares espa\u00f1oles, con los beneficios que, para la salud de los ciudadanos y para el medio ambiente, tiene esta pr\u00e1ctica.<\/p>\n<p>El farmac\u00e9utico, como profesional sanitario que asesora en todas las fases del medicamento, desde la investigaci\u00f3n hasta la dispensaci\u00f3n, cierra de esta manera el ciclo informando tambi\u00e9n sobre c\u00f3mo dar un correcto final al f\u00e1rmaco, mediante su correcto reciclaje. Por tanto, los farmac\u00e9uticos han jugado un papel clave en la implantaci\u00f3n, pero tambi\u00e9n ha sido fundamental la planificaci\u00f3n de las farmacias, lo que permite acercar el Punto SIGRE directamente al 99% de la poblaci\u00f3n.<\/p>\n<p><strong>Como Presidente, dos de sus principales objetivos son el desarrollo de la Profesi\u00f3n Farmac\u00e9utica y el avance hacia una Farmacia Asistencial. \u00bfC\u00f3mo puede contribuir la actividad de SIGRE a ello?<\/strong><\/p>\n<p>El farmac\u00e9utico, por el car\u00e1cter social de su actividad sanitaria, ha estado siempre especialmente concienciado con la importancia que tiene el cuidado del medio ambiente, tanto en su actividad profesional como en el plano personal. Adem\u00e1s, son muchas las \u00e1reas relacionadas con el medio ambiente en las que hay farmac\u00e9uticos. Por ejemplo, como responsables de la calidad del agua \u2013 tanto potable como residual &#8211; de muchas poblaciones.<\/p>\n<p>A este aspecto, se le suma que el farmac\u00e9utico ampl\u00eda su tradicional atenci\u00f3n sanitaria, asesorando al ciudadano tambi\u00e9n en materia medioambiental, aconsej\u00e1ndole sobre qu\u00e9 depositar y qu\u00e9 no depositar en el Punto SIGRE y, algo muy importante, record\u00e1ndole la importancia que tiene un correcto seguimiento de los tratamientos o hacer una revisi\u00f3n peri\u00f3dica del botiqu\u00edn dom\u00e9stico, entre otros. Esto determina que todos aquellos valores relacionados con el reciclado y la sostenibilidad est\u00e9n presentes en el \u00e1mbito de la farmacia y en el desarrollo profesional del farmac\u00e9utico.<\/p>\n<p><strong>Recientemente se ha conmemorado el D\u00eda Mundial del Farmac\u00e9utico, que ha tenido como lema \u201cel farmac\u00e9utico, tu aliado en salud\u201d. \u00bfC\u00f3mo valora la faceta de asesoramiento que tambi\u00e9n realiza en materia medioambiental?<\/strong><\/p>\n<p>El lema de este a\u00f1o, como se ha se\u00f1alado, era \u201cEl farmac\u00e9utico, tu aliado en Salud\u201d, y con \u00e9l quer\u00edamos destacar que el farmac\u00e9utico es aliado de los m\u00e1s de dos millones de ciudadanos que, cada d\u00eda, entran en las farmacias, pero tambi\u00e9n es aliado del resto de profesionales sanitarios o de las administraciones, entre otros colectivos. Adem\u00e1s, los farmac\u00e9uticos son aliados del medio ambiente, como demuestra la gran labor que desarrollan a trav\u00e9s de las farmacias comunitarias adheridas a SIGRE, informando y sensibilizando sobre el correcto reciclado para que los ciudadanos depositen en el contenedor los envases vac\u00edos y restos de medicamentos que ya no sean necesarios o que hayan caducado.<\/p>\n<p>Del mismo modo que son aliados de las nuevas tecnolog\u00edas, con el claro ejemplo de su participaci\u00f3n activa en la implantaci\u00f3n de la receta electr\u00f3nica; o aliados del empleo, no en vano, en las 21.854 farmacias trabajan m\u00e1s de 80.000 profesionales, un empleo, estable, cualificado, joven y mayoritariamente femenino.<\/p>\n","protected":false},"excerpt":{"rendered":"<p>El Consejo General es una de las organizaciones constituyentes de SIGRE. Tras catorce a\u00f1os de funcionamiento, \u00bfc\u00f3mo eval\u00faa el Consejo esta iniciativa del sector farmac\u00e9utico? La participaci\u00f3n activa de los farmac\u00e9uticos y las farmacias comunitarias ha permitido que SIGRE se haya consolidado como una iniciativa que ha implantado el h\u00e1bito de reciclar los envases y [&hellip;]<\/p>\n","protected":false},"author":7,"featured_media":0,"parent":1900,"menu_order":212,"comment_status":"open","ping_status":"open","template":"sigre-entrevista.php","meta":{"footnotes":""},"class_list":["post-1902","page","type-page","status-publish","hentry"],"_links":{"self":[{"href":"https:\/\/www.sigre.es\/boletin\/wp-json\/wp\/v2\/pages\/1902","targetHints":{"allow":["GET"]}}],"collection":[{"href":"https:\/\/www.sigre.es\/boletin\/wp-json\/wp\/v2\/pages"}],"about":[{"href":"https:\/\/www.sigre.es\/boletin\/wp-json\/wp\/v2\/types\/page"}],"author":[{"embeddable":true,"href":"https:\/\/www.sigre.es\/boletin\/wp-json\/wp\/v2\/users\/7"}],"replies":[{"embeddable":true,"href":"https:\/\/www.sigre.es\/boletin\/wp-json\/wp\/v2\/comments?post=1902"}],"version-history":[{"count":0,"href":"https:\/\/www.sigre.es\/boletin\/wp-json\/wp\/v2\/pages\/1902\/revisions"}],"up":[{"embeddable":true,"href":"https:\/\/www.sigre.es\/boletin\/wp-json\/wp\/v2\/pages\/1900"}],"wp:attachment":[{"href":"https:\/\/www.sigre.es\/boletin\/wp-json\/wp\/v2\/media?parent=1902"}],"curies":[{"name":"wp","href":"https:\/\/api.w.org\/{rel}","templated":true}]}}