{"id":11495,"date":"2026-04-08T17:12:27","date_gmt":"2026-04-08T16:12:27","guid":{"rendered":"https:\/\/www.sigre.es\/boletin\/?page_id=11495"},"modified":"2026-04-10T12:14:51","modified_gmt":"2026-04-10T11:14:51","slug":"colaboracion","status":"publish","type":"page","link":"https:\/\/www.sigre.es\/boletin\/sigre-informa-95\/colaboracion\/","title":{"rendered":"COLABORACI\u00d3N"},"content":{"rendered":"<div id=\"fb-root\"><\/div>\n<p>SIGRE y el Ayuntamiento de Tudela de Duero han prorrogado el convenio para que los vecinos de este municipio puedan seguir disfrutando de los servicios de la <a href=\"https:\/\/www.lineaverdetudeladeduero.com\/\">L\u00ednea Verde<\/a>.<\/p>\n<p>Gracias a esta herramienta, los vecinos pueden comunicar incidencias en la v\u00eda p\u00fablica y realizar consultas sobre cuestiones ambientales, mientras que el Ayuntamiento dispone de un canal \u00e1gil para mejorar la gesti\u00f3n municipal y la atenci\u00f3n ciudadana.<\/p>\n<p>Este servicio, que se encuentra en funcionamiento desde julio de 2014, refuerza nuestra vinculaci\u00f3n con el municipio vallisoletano donde se ubica la planta de clasificaci\u00f3n de envases y residuos de medicamentos, y da continuidad a una iniciativa que acerca la gesti\u00f3n ambiental al entorno local.<\/p>\n<p>&nbsp;<\/p>\n<p><a href=\"https:\/\/www.sigre.es\/boletin\/wp-content\/uploads\/2026\/04\/imagen-convenio-Tudela-e1775644440278.png\"><img loading=\"lazy\" decoding=\"async\" class=\"aligncenter wp-image-11393\" src=\"https:\/\/www.sigre.es\/boletin\/wp-content\/uploads\/2026\/04\/imagen-convenio-Tudela-e1775644440278.png\" alt=\"\" width=\"437\" height=\"294\" srcset=\"https:\/\/www.sigre.es\/boletin\/wp-content\/uploads\/2026\/04\/imagen-convenio-Tudela-e1775644440278.png 1357w, https:\/\/www.sigre.es\/boletin\/wp-content\/uploads\/2026\/04\/imagen-convenio-Tudela-e1775644440278-300x202.png 300w, https:\/\/www.sigre.es\/boletin\/wp-content\/uploads\/2026\/04\/imagen-convenio-Tudela-e1775644440278-1024x690.png 1024w, https:\/\/www.sigre.es\/boletin\/wp-content\/uploads\/2026\/04\/imagen-convenio-Tudela-e1775644440278-768x517.png 768w\" sizes=\"auto, (max-width: 437px) 100vw, 437px\" \/><\/a><\/p>\n<p>&nbsp;<\/p>\n","protected":false},"excerpt":{"rendered":"<p>SIGRE y el Ayuntamiento de Tudela de Duero han prorrogado el convenio para que los vecinos de este municipio puedan seguir disfrutando de los servicios de la L\u00ednea Verde. Gracias a esta herramienta, los vecinos pueden comunicar incidencias en la v\u00eda p\u00fablica y realizar consultas sobre cuestiones ambientales, mientras que el Ayuntamiento dispone de un [&hellip;]<\/p>\n","protected":false},"author":7,"featured_media":0,"parent":11334,"menu_order":138,"comment_status":"closed","ping_status":"closed","template":"sigre-entrevista.php","meta":{"footnotes":""},"class_list":["post-11495","page","type-page","status-publish","hentry"],"_links":{"self":[{"href":"https:\/\/www.sigre.es\/boletin\/wp-json\/wp\/v2\/pages\/11495","targetHints":{"allow":["GET"]}}],"collection":[{"href":"https:\/\/www.sigre.es\/boletin\/wp-json\/wp\/v2\/pages"}],"about":[{"href":"https:\/\/www.sigre.es\/boletin\/wp-json\/wp\/v2\/types\/page"}],"author":[{"embeddable":true,"href":"https:\/\/www.sigre.es\/boletin\/wp-json\/wp\/v2\/users\/7"}],"replies":[{"embeddable":true,"href":"https:\/\/www.sigre.es\/boletin\/wp-json\/wp\/v2\/comments?post=11495"}],"version-history":[{"count":9,"href":"https:\/\/www.sigre.es\/boletin\/wp-json\/wp\/v2\/pages\/11495\/revisions"}],"predecessor-version":[{"id":11614,"href":"https:\/\/www.sigre.es\/boletin\/wp-json\/wp\/v2\/pages\/11495\/revisions\/11614"}],"up":[{"embeddable":true,"href":"https:\/\/www.sigre.es\/boletin\/wp-json\/wp\/v2\/pages\/11334"}],"wp:attachment":[{"href":"https:\/\/www.sigre.es\/boletin\/wp-json\/wp\/v2\/media?parent=11495"}],"curies":[{"name":"wp","href":"https:\/\/api.w.org\/{rel}","templated":true}]}}