{"id":11492,"date":"2026-04-08T17:08:54","date_gmt":"2026-04-08T16:08:54","guid":{"rendered":"https:\/\/www.sigre.es\/boletin\/?page_id=11492"},"modified":"2026-04-10T12:14:07","modified_gmt":"2026-04-10T11:14:07","slug":"certificado-miterd","status":"publish","type":"page","link":"https:\/\/www.sigre.es\/boletin\/sigre-informa-95\/certificado-miterd\/","title":{"rendered":"SOSTENIBILIDAD"},"content":{"rendered":"<div id=\"fb-root\"><\/div>\n<p>Hemos renovado recientemente nuestra inscripci\u00f3n en el \u201cRegistro de huella de carbono, compensaci\u00f3n y proyectos de absorci\u00f3n de CO2\u201d del Ministerio para la Transici\u00f3n Ecol\u00f3gica y el Reto Demogr\u00e1fico (MITERD), habiendo obtenido el \u201cSello de c\u00e1lculo de huella de carbono\u201d.<\/p>\n<p>Este Registro recoge los esfuerzos que las entidades realizan para calcular, reducir y compensar las emisiones de gases de efecto invernadero que se generen con motivo de su actividad.<\/p>\n<p>Con esta renovaci\u00f3n, desde SIGRE reafirmamos el compromiso para calcular nuestra huella de carbono y contribuir a paliar la actual situaci\u00f3n de crisis ambiental para atenuar sus efectos sobre el clima, la biodiversidad y la salud p\u00fablica.<\/p>\n<p>La inclusi\u00f3n de SIGRE en este Registro y la obtenci\u00f3n del Sello de Huella de Carbono son una muestra m\u00e1s de nuestro compromiso con el cuidado del medioambiente y la implementaci\u00f3n de pol\u00edticas de desarrollo sostenible que, entre otras acciones, se ha concretado anteriormente en la obtenci\u00f3n de las certificaciones a nuestro <a href=\"https:\/\/www.sigre.es\/boletin\/sigre-informa-92\/auditoria-aenor\/\">Sistema de Gesti\u00f3n Ambiental ISO 14001<\/a>.<\/p>\n<p>&nbsp;<\/p>\n<p><a href=\"https:\/\/www.sigre.es\/boletin\/wp-content\/uploads\/2026\/04\/Imagen-sello-MITERD.png\"><img loading=\"lazy\" decoding=\"async\" class=\"aligncenter size-full wp-image-11389\" src=\"https:\/\/www.sigre.es\/boletin\/wp-content\/uploads\/2026\/04\/Imagen-sello-MITERD.png\" alt=\"\" width=\"159\" height=\"190\" \/><\/a><\/p>\n<p>&nbsp;<\/p>\n","protected":false},"excerpt":{"rendered":"<p>Hemos renovado recientemente nuestra inscripci\u00f3n en el \u201cRegistro de huella de carbono, compensaci\u00f3n y proyectos de absorci\u00f3n de CO2\u201d del Ministerio para la Transici\u00f3n Ecol\u00f3gica y el Reto Demogr\u00e1fico (MITERD), habiendo obtenido el \u201cSello de c\u00e1lculo de huella de carbono\u201d. Este Registro recoge los esfuerzos que las entidades realizan para calcular, reducir y compensar las [&hellip;]<\/p>\n","protected":false},"author":7,"featured_media":0,"parent":11334,"menu_order":119,"comment_status":"closed","ping_status":"closed","template":"sigre-entrevista.php","meta":{"footnotes":""},"class_list":["post-11492","page","type-page","status-publish","hentry"],"_links":{"self":[{"href":"https:\/\/www.sigre.es\/boletin\/wp-json\/wp\/v2\/pages\/11492","targetHints":{"allow":["GET"]}}],"collection":[{"href":"https:\/\/www.sigre.es\/boletin\/wp-json\/wp\/v2\/pages"}],"about":[{"href":"https:\/\/www.sigre.es\/boletin\/wp-json\/wp\/v2\/types\/page"}],"author":[{"embeddable":true,"href":"https:\/\/www.sigre.es\/boletin\/wp-json\/wp\/v2\/users\/7"}],"replies":[{"embeddable":true,"href":"https:\/\/www.sigre.es\/boletin\/wp-json\/wp\/v2\/comments?post=11492"}],"version-history":[{"count":10,"href":"https:\/\/www.sigre.es\/boletin\/wp-json\/wp\/v2\/pages\/11492\/revisions"}],"predecessor-version":[{"id":11613,"href":"https:\/\/www.sigre.es\/boletin\/wp-json\/wp\/v2\/pages\/11492\/revisions\/11613"}],"up":[{"embeddable":true,"href":"https:\/\/www.sigre.es\/boletin\/wp-json\/wp\/v2\/pages\/11334"}],"wp:attachment":[{"href":"https:\/\/www.sigre.es\/boletin\/wp-json\/wp\/v2\/media?parent=11492"}],"curies":[{"name":"wp","href":"https:\/\/api.w.org\/{rel}","templated":true}]}}