{"id":11488,"date":"2026-04-08T17:05:15","date_gmt":"2026-04-08T16:05:15","guid":{"rendered":"https:\/\/www.sigre.es\/boletin\/?page_id=11488"},"modified":"2026-04-10T13:13:29","modified_gmt":"2026-04-10T12:13:29","slug":"comunicacion","status":"publish","type":"page","link":"https:\/\/www.sigre.es\/boletin\/sigre-informa-95\/comunicacion\/","title":{"rendered":"COMUNICACI\u00d3N"},"content":{"rendered":"<div id=\"fb-root\"><\/div>\n<p>El pasado 25 de febrero se reuni\u00f3 el Comit\u00e9 de Comunicaci\u00f3n de SIGRE, en el que participan representantes de las distintas entidades que componen su Consejo de Administraci\u00f3n: <a href=\"https:\/\/www.farmaindustria.es\/web\/\">Farmaindustria<\/a>, <a href=\"https:\/\/www.aeseg.es\/es\/\">Aeseg<\/a>, <a href=\"https:\/\/anefp.org\/en\">Anefp<\/a>, <a href=\"https:\/\/fedifar.net\/\">Fedifar<\/a> y el <a href=\"https:\/\/www.farmaceuticos.com\/\">Consejo General de Colegios de Farmac\u00e9uticos<\/a>.<\/p>\n<p>La reuni\u00f3n se centr\u00f3, en primer lugar, en el an\u00e1lisis de los resultados de SIGRE en materia de comunicaci\u00f3n a lo largo de 2025, destac\u00e1ndose la obtenci\u00f3n de m\u00e1s de 1.200 impactos en medios y el tono positivo de la repercusi\u00f3n medi\u00e1tica conseguida.<\/p>\n<p>Estos resultados han permitido a SIGRE afianzar la concienciaci\u00f3n ciudadana sobre el uso racional de los medicamentos y contribuir a posicionar al sector farmac\u00e9utico como un referente en materia de ESG.<\/p>\n<p>Asimismo, el Comit\u00e9 analiz\u00f3 el Plan de Comunicaci\u00f3n 2026, que deber\u00e1 ser aprobado por las autoridades medioambientales competentes. En esta ocasi\u00f3n, adem\u00e1s de profundizar en las labores de sensibilizaci\u00f3n de los ciudadanos, el plan incluye un apartado espec\u00edfico para seguir informando a los distintos grupos de inter\u00e9s afectados sobre las obligaciones derivadas de la nueva normativa de residuos, as\u00ed como de los distintos actos que se organizar\u00e1n este a\u00f1o para celebrar el 25\u00ba aniversario de SIGRE.<\/p>\n<p><a href=\"https:\/\/www.sigre.es\/boletin\/wp-content\/uploads\/2026\/04\/imagen-ComCom-e1775642847355.jpeg\"><img loading=\"lazy\" decoding=\"async\" class=\"aligncenter wp-image-11373\" src=\"https:\/\/www.sigre.es\/boletin\/wp-content\/uploads\/2026\/04\/imagen-ComCom-e1775642847355.jpeg\" alt=\"\" width=\"529\" height=\"390\" srcset=\"https:\/\/www.sigre.es\/boletin\/wp-content\/uploads\/2026\/04\/imagen-ComCom-e1775642847355.jpeg 1424w, https:\/\/www.sigre.es\/boletin\/wp-content\/uploads\/2026\/04\/imagen-ComCom-e1775642847355-300x221.jpeg 300w, https:\/\/www.sigre.es\/boletin\/wp-content\/uploads\/2026\/04\/imagen-ComCom-e1775642847355-1024x755.jpeg 1024w, https:\/\/www.sigre.es\/boletin\/wp-content\/uploads\/2026\/04\/imagen-ComCom-e1775642847355-768x566.jpeg 768w\" sizes=\"auto, (max-width: 529px) 100vw, 529px\" \/><\/a><\/p>\n<p>&nbsp;<\/p>\n","protected":false},"excerpt":{"rendered":"<p>El pasado 25 de febrero se reuni\u00f3 el Comit\u00e9 de Comunicaci\u00f3n de SIGRE, en el que participan representantes de las distintas entidades que componen su Consejo de Administraci\u00f3n: Farmaindustria, Aeseg, Anefp, Fedifar y el Consejo General de Colegios de Farmac\u00e9uticos. La reuni\u00f3n se centr\u00f3, en primer lugar, en el an\u00e1lisis de los resultados de SIGRE [&hellip;]<\/p>\n","protected":false},"author":7,"featured_media":0,"parent":11334,"menu_order":55,"comment_status":"closed","ping_status":"closed","template":"sigre-entrevista.php","meta":{"footnotes":""},"class_list":["post-11488","page","type-page","status-publish","hentry"],"_links":{"self":[{"href":"https:\/\/www.sigre.es\/boletin\/wp-json\/wp\/v2\/pages\/11488","targetHints":{"allow":["GET"]}}],"collection":[{"href":"https:\/\/www.sigre.es\/boletin\/wp-json\/wp\/v2\/pages"}],"about":[{"href":"https:\/\/www.sigre.es\/boletin\/wp-json\/wp\/v2\/types\/page"}],"author":[{"embeddable":true,"href":"https:\/\/www.sigre.es\/boletin\/wp-json\/wp\/v2\/users\/7"}],"replies":[{"embeddable":true,"href":"https:\/\/www.sigre.es\/boletin\/wp-json\/wp\/v2\/comments?post=11488"}],"version-history":[{"count":11,"href":"https:\/\/www.sigre.es\/boletin\/wp-json\/wp\/v2\/pages\/11488\/revisions"}],"predecessor-version":[{"id":11610,"href":"https:\/\/www.sigre.es\/boletin\/wp-json\/wp\/v2\/pages\/11488\/revisions\/11610"}],"up":[{"embeddable":true,"href":"https:\/\/www.sigre.es\/boletin\/wp-json\/wp\/v2\/pages\/11334"}],"wp:attachment":[{"href":"https:\/\/www.sigre.es\/boletin\/wp-json\/wp\/v2\/media?parent=11488"}],"curies":[{"name":"wp","href":"https:\/\/api.w.org\/{rel}","templated":true}]}}