{"id":11485,"date":"2026-04-08T17:01:01","date_gmt":"2026-04-08T16:01:01","guid":{"rendered":"https:\/\/www.sigre.es\/boletin\/?page_id=11485"},"modified":"2026-04-10T10:28:48","modified_gmt":"2026-04-10T09:28:48","slug":"formacion","status":"publish","type":"page","link":"https:\/\/www.sigre.es\/boletin\/sigre-informa-95\/formacion\/","title":{"rendered":"FORMACI\u00d3N"},"content":{"rendered":"<div id=\"fb-root\"><\/div>\n<p>Los d\u00edas 19 y 21 de enero, SIGRE llev\u00f3 a cabo sendas sesiones formativas para repasar los aspectos m\u00e1s destacados asociados al funcionamiento del Formulario SIGRELAB 5.0, a trav\u00e9s del cual las empresas adheridas a SIGRE pueden facilitar la informaci\u00f3n detallada sobre las unidades y caracter\u00edsticas de los productos comercializados en el mercado espa\u00f1ol, as\u00ed como sobre los materiales utilizados en los envases.<\/p>\n<p>Este Formulario recoge tambi\u00e9n informaci\u00f3n asociada a las iniciativas de mejora medioambiental, a cumplimentar por las empresas que participan en el <a href=\"https:\/\/www.sigre.es\/boletin\/sigre-informa-90\/sigre-responde-90\/\">Plan Empresarial de Prevenci\u00f3n y Ecodise\u00f1o (PEPE) de envases farmac\u00e9uticos 2024-2028<\/a>. Se trata del noveno plan que acomete la industria farmac\u00e9utica para seguir progresando en la aplicaci\u00f3n de los principios de la econom\u00eda circular y as\u00ed reducir el tama\u00f1o y espesor de los envases farmac\u00e9uticos, mejorar su reciclabilidad y minimizar su impacto ambiental.<\/p>\n<p>Las sesiones formativas contaron con la asistencia de 230 representantes de las empresas adheridas, lo que confirma el compromiso del sector con el cumplimiento a las obligaciones previstas en la normativa de envases.<\/p>\n<p><a href=\"https:\/\/www.sigre.es\/boletin\/wp-content\/uploads\/2026\/04\/Imagen-apartado-SIGRELAB.png\"><img loading=\"lazy\" decoding=\"async\" class=\"aligncenter size-full wp-image-11362\" src=\"https:\/\/www.sigre.es\/boletin\/wp-content\/uploads\/2026\/04\/Imagen-apartado-SIGRELAB.png\" alt=\"\" width=\"442\" height=\"309\" srcset=\"https:\/\/www.sigre.es\/boletin\/wp-content\/uploads\/2026\/04\/Imagen-apartado-SIGRELAB.png 442w, https:\/\/www.sigre.es\/boletin\/wp-content\/uploads\/2026\/04\/Imagen-apartado-SIGRELAB-300x210.png 300w\" sizes=\"auto, (max-width: 442px) 100vw, 442px\" \/><\/a><\/p>\n<p>&nbsp;<\/p>\n","protected":false},"excerpt":{"rendered":"<p>Los d\u00edas 19 y 21 de enero, SIGRE llev\u00f3 a cabo sendas sesiones formativas para repasar los aspectos m\u00e1s destacados asociados al funcionamiento del Formulario SIGRELAB 5.0, a trav\u00e9s del cual las empresas adheridas a SIGRE pueden facilitar la informaci\u00f3n detallada sobre las unidades y caracter\u00edsticas de los productos comercializados en el mercado espa\u00f1ol, as\u00ed [&hellip;]<\/p>\n","protected":false},"author":7,"featured_media":0,"parent":11334,"menu_order":44,"comment_status":"closed","ping_status":"closed","template":"sigre-entrevista.php","meta":{"footnotes":""},"class_list":["post-11485","page","type-page","status-publish","hentry"],"_links":{"self":[{"href":"https:\/\/www.sigre.es\/boletin\/wp-json\/wp\/v2\/pages\/11485","targetHints":{"allow":["GET"]}}],"collection":[{"href":"https:\/\/www.sigre.es\/boletin\/wp-json\/wp\/v2\/pages"}],"about":[{"href":"https:\/\/www.sigre.es\/boletin\/wp-json\/wp\/v2\/types\/page"}],"author":[{"embeddable":true,"href":"https:\/\/www.sigre.es\/boletin\/wp-json\/wp\/v2\/users\/7"}],"replies":[{"embeddable":true,"href":"https:\/\/www.sigre.es\/boletin\/wp-json\/wp\/v2\/comments?post=11485"}],"version-history":[{"count":2,"href":"https:\/\/www.sigre.es\/boletin\/wp-json\/wp\/v2\/pages\/11485\/revisions"}],"predecessor-version":[{"id":11587,"href":"https:\/\/www.sigre.es\/boletin\/wp-json\/wp\/v2\/pages\/11485\/revisions\/11587"}],"up":[{"embeddable":true,"href":"https:\/\/www.sigre.es\/boletin\/wp-json\/wp\/v2\/pages\/11334"}],"wp:attachment":[{"href":"https:\/\/www.sigre.es\/boletin\/wp-json\/wp\/v2\/media?parent=11485"}],"curies":[{"name":"wp","href":"https:\/\/api.w.org\/{rel}","templated":true}]}}