{"id":11469,"date":"2026-04-08T17:13:59","date_gmt":"2026-04-08T16:13:59","guid":{"rendered":"https:\/\/www.sigre.es\/boletin\/?page_id=11469"},"modified":"2026-04-10T13:32:59","modified_gmt":"2026-04-10T12:32:59","slug":"dudas-reciclaje-inhaladores","status":"publish","type":"page","link":"https:\/\/www.sigre.es\/boletin\/sigre-informa-95\/dudas-reciclaje-inhaladores\/","title":{"rendered":"DUDAS SOBRE EL RECICLAJE"},"content":{"rendered":"<div id=\"fb-root\"><\/div>\n<p>Un inhalador es un envase farmac\u00e9utico y, como tal, cuando est\u00e9 vac\u00edo o ya no se vaya a usar, debe depositarse en el Punto SIGRE de la farmacia para que reciba el tratamiento medioambiental adecuado.<\/p>\n<p>Este es uno de los principales mensajes que recoge el <a href=\"https:\/\/www.sanidad.gob.es\/gabinetePrensa\/notaPrensa\/pdf\/Presc170225133233126.pdf\"><em>Documento de recomendaciones para una prescripci\u00f3n sostenible de inhaladores<\/em><\/a>, elaborado por el Ministerio de Sanidad en febrero de 2025.<\/p>\n<p>En la actualidad, los residuos de envases vac\u00edos o con restos de medicamentos no consumidos y caducados de origen domiciliario son clasificados en la <a href=\"https:\/\/sigre.es\/ciudadanos#como-reciclar-los-medicamentos-y-sus-envases\">Planta de Clasificaci\u00f3n de Envases y Residuos de Medicamentos<\/a>, ubicada en Tudela de Duero (Valladolid), instalaci\u00f3n pionera y de referencia en el tratamiento de este tipo de residuos. En esta Planta, la aplicaci\u00f3n de la inteligencia artificial y la rob\u00f3tica en la clasificaci\u00f3n de los residuos permiten ya reciclar casi el 70 % de los envases recogidos.<\/p>\n<p>En cuanto a los inhaladores y otros aerosoles, en la Planta se separan los presurizados debido al riesgo de incendio o explosi\u00f3n durante el proceso de tratamiento final. De esta forma, los envases presurizados son enviados a un gestor de residuos especializado para la extracci\u00f3n del gas. Una vez extra\u00eddo, las distintas fracciones que se obtienen (gases, l\u00edquidos, pl\u00e1stico y metales) son enviadas a gestores finales para su tratamiento final.<\/p>\n<p>Por su parte, los inhaladores y otros aerosoles no presurizados siguen el proceso general de clasificaci\u00f3n y sus componentes (mayoritariamente pl\u00e1sticos) son enviados a gestores autorizados para su reciclado.<\/p>\n<p>&nbsp;<\/p>\n<p><a href=\"https:\/\/www.sigre.es\/boletin\/wp-content\/uploads\/2026\/04\/inhaladores.jpg\"><img loading=\"lazy\" decoding=\"async\" class=\"aligncenter size-full wp-image-11400\" src=\"https:\/\/www.sigre.es\/boletin\/wp-content\/uploads\/2026\/04\/inhaladores.jpg\" alt=\"\" width=\"1024\" height=\"487\" srcset=\"https:\/\/www.sigre.es\/boletin\/wp-content\/uploads\/2026\/04\/inhaladores.jpg 1024w, https:\/\/www.sigre.es\/boletin\/wp-content\/uploads\/2026\/04\/inhaladores-300x143.jpg 300w, https:\/\/www.sigre.es\/boletin\/wp-content\/uploads\/2026\/04\/inhaladores-768x365.jpg 768w\" sizes=\"auto, (max-width: 1024px) 100vw, 1024px\" \/><\/a><\/p>\n","protected":false},"excerpt":{"rendered":"<p>Un inhalador es un envase farmac\u00e9utico y, como tal, cuando est\u00e9 vac\u00edo o ya no se vaya a usar, debe depositarse en el Punto SIGRE de la farmacia para que reciba el tratamiento medioambiental adecuado. Este es uno de los principales mensajes que recoge el Documento de recomendaciones para una prescripci\u00f3n sostenible de inhaladores, elaborado [&hellip;]<\/p>\n","protected":false},"author":7,"featured_media":0,"parent":11334,"menu_order":160,"comment_status":"closed","ping_status":"closed","template":"sigre-entrevista.php","meta":{"footnotes":""},"class_list":["post-11469","page","type-page","status-publish","hentry"],"_links":{"self":[{"href":"https:\/\/www.sigre.es\/boletin\/wp-json\/wp\/v2\/pages\/11469","targetHints":{"allow":["GET"]}}],"collection":[{"href":"https:\/\/www.sigre.es\/boletin\/wp-json\/wp\/v2\/pages"}],"about":[{"href":"https:\/\/www.sigre.es\/boletin\/wp-json\/wp\/v2\/types\/page"}],"author":[{"embeddable":true,"href":"https:\/\/www.sigre.es\/boletin\/wp-json\/wp\/v2\/users\/7"}],"replies":[{"embeddable":true,"href":"https:\/\/www.sigre.es\/boletin\/wp-json\/wp\/v2\/comments?post=11469"}],"version-history":[{"count":9,"href":"https:\/\/www.sigre.es\/boletin\/wp-json\/wp\/v2\/pages\/11469\/revisions"}],"predecessor-version":[{"id":11615,"href":"https:\/\/www.sigre.es\/boletin\/wp-json\/wp\/v2\/pages\/11469\/revisions\/11615"}],"up":[{"embeddable":true,"href":"https:\/\/www.sigre.es\/boletin\/wp-json\/wp\/v2\/pages\/11334"}],"wp:attachment":[{"href":"https:\/\/www.sigre.es\/boletin\/wp-json\/wp\/v2\/media?parent=11469"}],"curies":[{"name":"wp","href":"https:\/\/api.w.org\/{rel}","templated":true}]}}