{"id":11418,"date":"2026-04-08T09:18:03","date_gmt":"2026-04-08T08:18:03","guid":{"rendered":"https:\/\/www.sigre.es\/boletin\/?page_id=11418"},"modified":"2026-04-10T12:42:51","modified_gmt":"2026-04-10T11:42:51","slug":"sigre-informa-95-entrevista","status":"publish","type":"page","link":"https:\/\/www.sigre.es\/boletin\/sigre-informa-95\/sigre-informa-95-entrevista\/","title":{"rendered":"ENTREVISTA"},"content":{"rendered":"<div id=\"fb-root\"><\/div>\n<p>&nbsp;<\/p>\n<p><strong>Desde su experiencia, \u00bfcu\u00e1les son hoy los principales retos en sostenibilidad a los que se enfrenta el sector de la salud en Espa\u00f1a?<\/strong><\/p>\n<p>Hoy el sector salud en Espa\u00f1a se enfrenta al gran reto de <strong>transformarse para ser sostenible sin perder su misi\u00f3n esencial: cuidar de las personas<\/strong>. En primer lugar, debemos abordar <strong>la descarbonizaci\u00f3n de toda la cadena de valor<\/strong>, teniendo en cuenta que el sector representa entre el 4 % y el 5 % de las emisiones globales.<\/p>\n<p>Gran parte de esta huella proviene de las <strong>emisiones de alcance 3<\/strong>, asociadas al dise\u00f1o, fabricaci\u00f3n, transporte, uso y fin de vida de productos y servicios sanitarios. Reducir estos impactos exige nuevos modelos de colaboraci\u00f3n con proveedores y actores clave.<\/p>\n<p>Otro reto fundamental es avanzar hacia <strong>la circularidad<\/strong>, especialmente en la gesti\u00f3n de residuos y en el ecodise\u00f1o de materiales y productos. Esto implica comprender c\u00f3mo las decisiones tomadas aguas arriba \u2014en dise\u00f1o, compra o formulaci\u00f3n\u2014 determinan residuos y emisiones aguas abajo.<\/p>\n<p>A todo ello se suman desaf\u00edos sociales y de gobernanza: garantizar la equidad, la accesibilidad y la resiliencia del sistema sanitario en un entorno marcado por presiones demogr\u00e1ficas, regulatorias y clim\u00e1ticas. Desde <a href=\"http:\/\/foretica.org\/\">For\u00e9tica<\/a> trabajamos para que el sector pueda responder a estos retos desde una visi\u00f3n compartida, innovadora y alineada con los criterios ESG.<\/p>\n<p>&nbsp;<\/p>\n<p><strong>La relaci\u00f3n entre salud y medioambiente es cada vez m\u00e1s evidente. \u00bfC\u00f3mo se integra el enfoque <em>One Health<\/em> en las l\u00edneas de trabajo de For\u00e9tica vinculadas al sector de la salud?<\/strong><\/p>\n<p>El enfoque <em>One Health<\/em> est\u00e1 profundamente integrado en nuestra forma de trabajar. Parte de una premisa clara: <strong>la salud humana no puede entenderse sin la salud del entorno<\/strong>, y por tanto los desaf\u00edos ambientales \u2014emisiones, calidad del aire, gesti\u00f3n del agua, residuos o p\u00e9rdida de biodiversidad\u2014 impactan de manera directa en la salud de las personas.<\/p>\n<p>En la iniciativa <a href=\"https:\/\/foretica.org\/proyectos-esg\/transformacion-de-sistemas\/sostenibilidad-en-el-sector-salud\/\">Sostenibilidad en el Sector Salud<\/a>, incorporamos esta visi\u00f3n sist\u00e9mica aline\u00e1ndola con los pilares ambientales, sociales y de gobernanza que promovemos desde For\u00e9tica. \u00a0Nuestro prop\u00f3sito es <strong>transformar el sector hacia un modelo m\u00e1s sostenible, resiliente y accesible<\/strong>, conectando su impacto ambiental con su influencia sobre el bienestar social.<\/p>\n<p>En el plan de trabajo 2026, esta visi\u00f3n <em>One Health<\/em> se operacionaliza de tres maneras:<\/p>\n<ol>\n<li><strong>Analizando los impactos ambientales del sector<\/strong> (residuos, emisiones, cadenas de suministro) desde su efecto en la salud y en el entorno.<\/li>\n<li><strong>Impulsando modelos colaborativos<\/strong> que permitan reducir estos impactos a lo largo de la cadena de valor, especialmente en materiales y energ\u00eda.<\/li>\n<li><strong>Promoviendo soluciones basadas en circularidad y descarbonizaci\u00f3n<\/strong>, que reduzcan la presi\u00f3n ambiental del sector y generen beneficios directos en salud p\u00fablica.<\/li>\n<\/ol>\n<p><em>One Health<\/em> es el marco que nos gu\u00eda para trabajar de forma integrada y poner la sostenibilidad al servicio de la salud de las personas.<\/p>\n<p>&nbsp;<\/p>\n<p><strong>\u00bfQu\u00e9 objetivos persigue el grupo de trabajo Sostenibilidad en el sector salud y qu\u00e9 iniciativas se est\u00e1n impulsando desde esta iniciativa?<\/strong><\/p>\n<p>La iniciativa tiene un objetivo claro: <strong>liderar la transformaci\u00f3n sostenible del sector salud en toda su cadena de valor<\/strong>, generando conocimiento, compartiendo soluciones y acelerando la acci\u00f3n ambiental, social y de buen gobierno. Nuestra plataforma trabaja para impulsar modelos que permitan a empresas e instituciones avanzar conjuntamente hacia un sistema sanitario m\u00e1s sostenible, resiliente y accesible.<\/p>\n<p>Entre nuestros objetivos centrales destacan:<\/p>\n<ul>\n<li><strong>Liderar la conversaci\u00f3n sectorial<\/strong> en sostenibilidad, tendencias ESG y transformaci\u00f3n de la cadena de valor.<\/li>\n<li><strong>Generar un espacio de referencia<\/strong> en herramientas, conocimiento y buenas pr\u00e1cticas.<\/li>\n<li><strong>Impulsar la descarbonizaci\u00f3n y la circularidad<\/strong>, dos palancas esenciales para reducir los impactos ambientales.<\/li>\n<li><strong>Maximizar el impacto social positivo<\/strong> del sector, alineado con su prop\u00f3sito fundamental de cuidado.<\/li>\n<li><strong>Fomentar alianzas p\u00fablico-\u2011privadas<\/strong> que permitan un impacto duradero.<\/li>\n<\/ul>\n<p>Concretamente, este a\u00f1o la iniciativa pone el foco <strong>comprender y gestionar de manera integral el impacto ambiental de la cadena de valor del sector salud<\/strong>, desde el dise\u00f1o de un producto hasta su uso y fin de vida. \u00bfPor qu\u00e9? Porque sabemos que los mayores retos \u2014y tambi\u00e9n las mayores oportunidades\u2014 no est\u00e1n \u00fanicamente dentro de las organizaciones, sino en las interacciones entre los distintos actores que componen el sistema: fabricantes, distribuidores, profesionales sanitarios, puntos de dispensaci\u00f3n, pacientes, gestores de residuos, proveedores de servicios y administraciones p\u00fablicas. Por ello, la propuesta para 2026 se centra en impulsar <strong>modelos de acci\u00f3n compartida<\/strong>, reconociendo que ninguna entidad puede reducir por s\u00ed sola residuos y emisiones de manera significativa.<\/p>\n<p>Este enfoque nos permite pasar de una mirada fragmentada a una visi\u00f3n sist\u00e9mica, en la que cada actor comprende su capacidad de influencia y se compromete a actuar de forma coordinada. La circularidad, la descarbonizaci\u00f3n y la colaboraci\u00f3n con proveedores y aliados estrat\u00e9gicos se convierten as\u00ed en <strong>palancas concretas para lograr avances sustantivos<\/strong>, priorizando aquellas acciones con mayor potencial de escalabilidad e impacto.<\/p>\n<p>&nbsp;<\/p>\n<p><strong>\u00bfC\u00f3mo valora la adhesi\u00f3n de SIGRE a For\u00e9tica y su participaci\u00f3n en la iniciativa Sostenibilidad en el sector salud?<\/strong><\/p>\n<p>La adhesi\u00f3n de SIGRE y su participaci\u00f3n continuada en la iniciativa es extraordinariamente valiosa. SIGRE desempe\u00f1a un papel clave en la <strong>circularidad del sector salud<\/strong>, especialmente en \u00e1mbitos como la gesti\u00f3n de residuos de medicamentos, la recuperaci\u00f3n de materiales y la sensibilizaci\u00f3n ciudadana.<\/p>\n<p>Su involucraci\u00f3n nos aporta una perspectiva \u00fanica sobre desaf\u00edos reales del sistema: errores de segregaci\u00f3n, materiales que se pierden en el ciclo, impactos del dise\u00f1o de envases o decisiones en el uso del medicamento. Todo ello es esencial para avanzar en una <strong>gesti\u00f3n m\u00e1s circular y baja en emisiones<\/strong>, dos prioridades del plan de trabajo 2026.<\/p>\n<p>Adem\u00e1s, SIGRE es un ejemplo de c\u00f3mo la colaboraci\u00f3n entre empresas, administraciones y ciudadan\u00eda puede generar impacto sist\u00e9mico. Su participaci\u00f3n, tanto el a\u00f1o pasado como en esta edici\u00f3n, fortalece el prop\u00f3sito de la iniciativa y contribuye a generar aprendizajes pr\u00e1cticos que benefician al conjunto de sector.<\/p>\n<p>Para For\u00e9tica, contar con SIGRE significa sumar a un aliado indispensable para avanzar hacia un sector salud m\u00e1s sostenible, eficiente y comprometido con los retos ESG.<\/p>\n","protected":false},"excerpt":{"rendered":"<p>&nbsp; Desde su experiencia, \u00bfcu\u00e1les son hoy los principales retos en sostenibilidad a los que se enfrenta el sector de la salud en Espa\u00f1a? Hoy el sector salud en Espa\u00f1a se enfrenta al gran reto de transformarse para ser sostenible sin perder su misi\u00f3n esencial: cuidar de las personas. En primer lugar, debemos abordar la [&hellip;]<\/p>\n","protected":false},"author":7,"featured_media":0,"parent":11334,"menu_order":26,"comment_status":"closed","ping_status":"closed","template":"sigre-entrevista.php","meta":{"footnotes":""},"class_list":["post-11418","page","type-page","status-publish","hentry"],"_links":{"self":[{"href":"https:\/\/www.sigre.es\/boletin\/wp-json\/wp\/v2\/pages\/11418","targetHints":{"allow":["GET"]}}],"collection":[{"href":"https:\/\/www.sigre.es\/boletin\/wp-json\/wp\/v2\/pages"}],"about":[{"href":"https:\/\/www.sigre.es\/boletin\/wp-json\/wp\/v2\/types\/page"}],"author":[{"embeddable":true,"href":"https:\/\/www.sigre.es\/boletin\/wp-json\/wp\/v2\/users\/7"}],"replies":[{"embeddable":true,"href":"https:\/\/www.sigre.es\/boletin\/wp-json\/wp\/v2\/comments?post=11418"}],"version-history":[{"count":5,"href":"https:\/\/www.sigre.es\/boletin\/wp-json\/wp\/v2\/pages\/11418\/revisions"}],"predecessor-version":[{"id":11576,"href":"https:\/\/www.sigre.es\/boletin\/wp-json\/wp\/v2\/pages\/11418\/revisions\/11576"}],"up":[{"embeddable":true,"href":"https:\/\/www.sigre.es\/boletin\/wp-json\/wp\/v2\/pages\/11334"}],"wp:attachment":[{"href":"https:\/\/www.sigre.es\/boletin\/wp-json\/wp\/v2\/media?parent=11418"}],"curies":[{"name":"wp","href":"https:\/\/api.w.org\/{rel}","templated":true}]}}