{"id":11380,"date":"2026-04-08T16:11:06","date_gmt":"2026-04-08T15:11:06","guid":{"rendered":"https:\/\/www.sigre.es\/boletin\/?page_id=11380"},"modified":"2026-04-10T12:21:40","modified_gmt":"2026-04-10T11:21:40","slug":"foros-congresos","status":"publish","type":"page","link":"https:\/\/www.sigre.es\/boletin\/sigre-informa-95\/foros-congresos\/","title":{"rendered":"FOROS Y CONGRESOS"},"content":{"rendered":"<div id=\"fb-root\"><\/div>\n<p>Como parte de nuestro compromiso con la sostenibilidad y la mejora del conocimiento en el \u00e1mbito farmac\u00e9utico y medioambiental, en SIGRE consolidamos este a\u00f1o nuestra colaboraci\u00f3n con dos de los principales foros de referencia en Espa\u00f1a: el 43\u00ba Symposium de la Asociaci\u00f3n Espa\u00f1ola de Farmac\u00e9uticos de la Industria (AEFI) y el Congreso Nacional del Medio Ambiente 2026 (CONAMA 2026).<\/p>\n<p>El primero de estos encuentros, organizado por AEFI, tendr\u00e1 lugar el pr\u00f3ximo 21 de mayo en Barcelona. En esta edici\u00f3n, SIGRE participar\u00e1 activamente mediante el patrocinio de la mesa titulada \u201cEvaluaci\u00f3n del Riesgo Ambiental (ERA): Adaptaci\u00f3n a los Cambios Regulatorios\u201d. Esta sesi\u00f3n abordar\u00e1 un aspecto clave para nuestras compa\u00f1\u00edas adheridas, en un contexto de creciente exigencia normativa y de integraci\u00f3n de criterios ambientales en el ciclo de vida del medicamento.<\/p>\n<p>Por otra parte, hemos renovado nuestro acuerdo de colaboraci\u00f3n con la Fundaci\u00f3n CONAMA para participar como entidad cooperadora en la 18\u00aa edici\u00f3n del Congreso Nacional del Medio Ambiente, que se celebrar\u00e1 del 30 de noviembre al 3 de diciembre en IFEMA Madrid. Este congreso, de car\u00e1cter bienal, se ha consolidado como el principal punto de encuentro en Espa\u00f1a para el an\u00e1lisis, debate y puesta en com\u00fan de soluciones en materia de sostenibilidad.<\/p>\n<p>Con esta doble colaboraci\u00f3n, SIGRE reafirma su papel como actor clave en la promoci\u00f3n de la econom\u00eda circular y la correcta gesti\u00f3n ambiental de los residuos de medicamentos, impulsando espacios de di\u00e1logo que contribuyen a afrontar los retos presentes y futuros del sector.<\/p>\n","protected":false},"excerpt":{"rendered":"<p>Como parte de nuestro compromiso con la sostenibilidad y la mejora del conocimiento en el \u00e1mbito farmac\u00e9utico y medioambiental, en SIGRE consolidamos este a\u00f1o nuestra colaboraci\u00f3n con dos de los principales foros de referencia en Espa\u00f1a: el 43\u00ba Symposium de la Asociaci\u00f3n Espa\u00f1ola de Farmac\u00e9uticos de la Industria (AEFI) y el Congreso Nacional del Medio [&hellip;]<\/p>\n","protected":false},"author":7,"featured_media":0,"parent":11334,"menu_order":63,"comment_status":"closed","ping_status":"closed","template":"sigre-entrevista.php","meta":{"footnotes":""},"class_list":["post-11380","page","type-page","status-publish","hentry"],"_links":{"self":[{"href":"https:\/\/www.sigre.es\/boletin\/wp-json\/wp\/v2\/pages\/11380","targetHints":{"allow":["GET"]}}],"collection":[{"href":"https:\/\/www.sigre.es\/boletin\/wp-json\/wp\/v2\/pages"}],"about":[{"href":"https:\/\/www.sigre.es\/boletin\/wp-json\/wp\/v2\/types\/page"}],"author":[{"embeddable":true,"href":"https:\/\/www.sigre.es\/boletin\/wp-json\/wp\/v2\/users\/7"}],"replies":[{"embeddable":true,"href":"https:\/\/www.sigre.es\/boletin\/wp-json\/wp\/v2\/comments?post=11380"}],"version-history":[{"count":11,"href":"https:\/\/www.sigre.es\/boletin\/wp-json\/wp\/v2\/pages\/11380\/revisions"}],"predecessor-version":[{"id":11617,"href":"https:\/\/www.sigre.es\/boletin\/wp-json\/wp\/v2\/pages\/11380\/revisions\/11617"}],"up":[{"embeddable":true,"href":"https:\/\/www.sigre.es\/boletin\/wp-json\/wp\/v2\/pages\/11334"}],"wp:attachment":[{"href":"https:\/\/www.sigre.es\/boletin\/wp-json\/wp\/v2\/media?parent=11380"}],"curies":[{"name":"wp","href":"https:\/\/api.w.org\/{rel}","templated":true}]}}