{"id":11347,"date":"2026-04-08T15:22:57","date_gmt":"2026-04-08T14:22:57","guid":{"rendered":"https:\/\/www.sigre.es\/boletin\/?page_id=11347"},"modified":"2026-04-10T10:28:18","modified_gmt":"2026-04-10T09:28:18","slug":"sigre-responde","status":"publish","type":"page","link":"https:\/\/www.sigre.es\/boletin\/sigre-informa-95\/sigre-responde\/","title":{"rendered":"SIGRE RESPONDE"},"content":{"rendered":"<div id=\"fb-root\"><\/div>\n<p>El ciudadano contin\u00faa siendo el principal protagonista de la actividad de SIGRE. Gracias a su colaboraci\u00f3n es posible seguir avanzando para cerrar correctamente el ciclo de vida del medicamento, favoreciendo la econom\u00eda circular mediante el reciclaje de los materiales de sus envases y la adecuada gesti\u00f3n medioambiental de los restos de medicaci\u00f3n.<\/p>\n<p>Una buena muestra de esta evoluci\u00f3n positiva es que en 2025 la recogida selectiva de envases vac\u00edos o con restos de medicamentos depositados en los Puntos SIGRE de las farmacias espa\u00f1olas experiment\u00f3 un crecimiento superior al 5 %.<\/p>\n<p>Este nuevo incremento se suma a los de a\u00f1os anteriores y refleja una creciente implicaci\u00f3n de los ciudadanos con el uso responsable del medicamento y con la protecci\u00f3n del medioambiente, mostrando que el h\u00e1bito de reciclar los medicamentos se est\u00e1 consolidando como una pr\u00e1ctica cada vez m\u00e1s presente en los hogares de nuestro pa\u00eds.<\/p>\n<p>&nbsp;<\/p>\n<p><a href=\"https:\/\/www.sigre.es\/boletin\/wp-content\/uploads\/2026\/04\/Imagen-interna-SIGRE-Responde.jpg\"><img loading=\"lazy\" decoding=\"async\" class=\"aligncenter size-full wp-image-11351\" src=\"https:\/\/www.sigre.es\/boletin\/wp-content\/uploads\/2026\/04\/Imagen-interna-SIGRE-Responde.jpg\" alt=\"\" width=\"1024\" height=\"682\" srcset=\"https:\/\/www.sigre.es\/boletin\/wp-content\/uploads\/2026\/04\/Imagen-interna-SIGRE-Responde.jpg 1024w, https:\/\/www.sigre.es\/boletin\/wp-content\/uploads\/2026\/04\/Imagen-interna-SIGRE-Responde-300x200.jpg 300w, https:\/\/www.sigre.es\/boletin\/wp-content\/uploads\/2026\/04\/Imagen-interna-SIGRE-Responde-768x512.jpg 768w\" sizes=\"auto, (max-width: 1024px) 100vw, 1024px\" \/><\/a><\/p>\n","protected":false},"excerpt":{"rendered":"<p>El ciudadano contin\u00faa siendo el principal protagonista de la actividad de SIGRE. Gracias a su colaboraci\u00f3n es posible seguir avanzando para cerrar correctamente el ciclo de vida del medicamento, favoreciendo la econom\u00eda circular mediante el reciclaje de los materiales de sus envases y la adecuada gesti\u00f3n medioambiental de los restos de medicaci\u00f3n. Una buena muestra [&hellip;]<\/p>\n","protected":false},"author":7,"featured_media":0,"parent":11334,"menu_order":31,"comment_status":"closed","ping_status":"closed","template":"sigre-responde.php","meta":{"footnotes":""},"class_list":["post-11347","page","type-page","status-publish","hentry"],"_links":{"self":[{"href":"https:\/\/www.sigre.es\/boletin\/wp-json\/wp\/v2\/pages\/11347","targetHints":{"allow":["GET"]}}],"collection":[{"href":"https:\/\/www.sigre.es\/boletin\/wp-json\/wp\/v2\/pages"}],"about":[{"href":"https:\/\/www.sigre.es\/boletin\/wp-json\/wp\/v2\/types\/page"}],"author":[{"embeddable":true,"href":"https:\/\/www.sigre.es\/boletin\/wp-json\/wp\/v2\/users\/7"}],"replies":[{"embeddable":true,"href":"https:\/\/www.sigre.es\/boletin\/wp-json\/wp\/v2\/comments?post=11347"}],"version-history":[{"count":7,"href":"https:\/\/www.sigre.es\/boletin\/wp-json\/wp\/v2\/pages\/11347\/revisions"}],"predecessor-version":[{"id":11585,"href":"https:\/\/www.sigre.es\/boletin\/wp-json\/wp\/v2\/pages\/11347\/revisions\/11585"}],"up":[{"embeddable":true,"href":"https:\/\/www.sigre.es\/boletin\/wp-json\/wp\/v2\/pages\/11334"}],"wp:attachment":[{"href":"https:\/\/www.sigre.es\/boletin\/wp-json\/wp\/v2\/media?parent=11347"}],"curies":[{"name":"wp","href":"https:\/\/api.w.org\/{rel}","templated":true}]}}