{"id":11344,"date":"2026-04-08T10:22:00","date_gmt":"2026-04-08T09:22:00","guid":{"rendered":"https:\/\/www.sigre.es\/boletin\/?page_id=11344"},"modified":"2026-04-10T12:40:51","modified_gmt":"2026-04-10T11:40:51","slug":"tribuna-presidente-sigre","status":"publish","type":"page","link":"https:\/\/www.sigre.es\/boletin\/sigre-informa-95\/tribuna-presidente-sigre\/","title":{"rendered":"TRIBUNA DEL PRESIDENTE DE SIGRE"},"content":{"rendered":"<div id=\"fb-root\"><\/div>\n<p>Cumplir 25 a\u00f1os es un hito que invita a hacer balance. SIGRE naci\u00f3 como una iniciativa pionera del sector farmac\u00e9utico para dar respuesta a una necesidad tan concreta como trascendente: garantizar la correcta gesti\u00f3n ambiental de los envases y los restos de medicamentos generados en los hogares. Un cuarto de siglo despu\u00e9s, podemos afirmar con orgullo que aquella visi\u00f3n se ha consolidado en un modelo colaborativo, seguro, eficaz y, sobre todo, plenamente vigente.<\/p>\n<p>Este aniversario es tambi\u00e9n la mejor prueba de que la econom\u00eda circular aplicada al medicamento funciona cuando se construye desde la corresponsabilidad. Compa\u00f1\u00edas farmac\u00e9uticas, distribuci\u00f3n, farmacias, administraciones p\u00fablicas y ciudadan\u00eda han hecho posible que el Punto SIGRE sea hoy un referente en materia de ESG con un impacto real. Cada gesto cuenta: cada vez que un paciente deposita en su farmacia un medicamento caducado o que ya no necesita est\u00e1 ayudando a proteger la salud global. Esa conexi\u00f3n inseparable entre salud y medioambiente \u2014el enfoque One Health\u2014 ha estado en el ADN de SIGRE desde el inicio de su actividad.<\/p>\n<p>Si algo define estos 25 a\u00f1os es que SIGRE ha sabido evolucionar al ritmo de los cambios sociales, ambientales y normativos. La sostenibilidad ha dejado de ser un valor a\u00f1adido para convertirse en una prioridad estrat\u00e9gica, y el sector farmac\u00e9utico est\u00e1 llamado a liderar con hechos. En este camino, la prevenci\u00f3n y el ecodise\u00f1o han sido palancas decisivas: miles de mejoras en envases, avances en reciclabilidad y eficiencia en el uso de recursos. Hoy, cerca de uno de cada tres medicamentos comercializados en Espa\u00f1a incorpora ya alguna mejora ambiental en su envase, y, gracias a una operativa dise\u00f1ada espec\u00edficamente para estos residuos, se logra reciclar alrededor del 70 % de los envases recogidos.<\/p>\n<p>Pero ser\u00eda un error mirar este aniversario solo desde la celebraci\u00f3n de lo conseguido. Los 25 a\u00f1os deben ser, sobre todo, un nuevo punto de arranque. Tenemos por delante retos tan exigentes como estimulantes: reforzar la sensibilizaci\u00f3n ciudadana, seguir impulsando el uso responsable de los medicamentos, avanzar hacia una circularidad cada vez m\u00e1s real y profundizar en alianzas que multipliquen el impacto positivo. En esta misma direcci\u00f3n se enmarca la ampliaci\u00f3n del \u00e1mbito de actuaci\u00f3n de SIGRE a los envases comerciales e industriales, una nueva etapa que nos permite cerrar el ciclo de vida de los medicamentos con mayor coherencia y ambici\u00f3n.<\/p>\n<p>Por eso, este 25 aniversario es una oportunidad para agradecer y tambi\u00e9n para sumar. Agradecer a quienes han hecho posible este \u00e9xito colectivo y sumar a nuevos p\u00fablicos y aliados para seguir ampliando nuestro impacto. Porque, cuando hablamos de sostenibilidad del medicamento, hablamos de futuro: de cuidar a las personas, de proteger el entorno y de fortalecer la confianza en un sector que trabaja cada d\u00eda para reducir su huella ambiental.<\/p>\n<p>Sigamos avanzando juntos. Con la experiencia de 25 a\u00f1os y la energ\u00eda de un proyecto que, sin perder su esencia, est\u00e1 preparado para liderar los desaf\u00edos que vienen.<\/p>\n","protected":false},"excerpt":{"rendered":"<p>Cumplir 25 a\u00f1os es un hito que invita a hacer balance. SIGRE naci\u00f3 como una iniciativa pionera del sector farmac\u00e9utico para dar respuesta a una necesidad tan concreta como trascendente: garantizar la correcta gesti\u00f3n ambiental de los envases y los restos de medicamentos generados en los hogares. Un cuarto de siglo despu\u00e9s, podemos afirmar con [&hellip;]<\/p>\n","protected":false},"author":7,"featured_media":0,"parent":11334,"menu_order":28,"comment_status":"closed","ping_status":"closed","template":"sigre-entrevista.php","meta":{"footnotes":""},"class_list":["post-11344","page","type-page","status-publish","hentry"],"_links":{"self":[{"href":"https:\/\/www.sigre.es\/boletin\/wp-json\/wp\/v2\/pages\/11344","targetHints":{"allow":["GET"]}}],"collection":[{"href":"https:\/\/www.sigre.es\/boletin\/wp-json\/wp\/v2\/pages"}],"about":[{"href":"https:\/\/www.sigre.es\/boletin\/wp-json\/wp\/v2\/types\/page"}],"author":[{"embeddable":true,"href":"https:\/\/www.sigre.es\/boletin\/wp-json\/wp\/v2\/users\/7"}],"replies":[{"embeddable":true,"href":"https:\/\/www.sigre.es\/boletin\/wp-json\/wp\/v2\/comments?post=11344"}],"version-history":[{"count":6,"href":"https:\/\/www.sigre.es\/boletin\/wp-json\/wp\/v2\/pages\/11344\/revisions"}],"predecessor-version":[{"id":11619,"href":"https:\/\/www.sigre.es\/boletin\/wp-json\/wp\/v2\/pages\/11344\/revisions\/11619"}],"up":[{"embeddable":true,"href":"https:\/\/www.sigre.es\/boletin\/wp-json\/wp\/v2\/pages\/11334"}],"wp:attachment":[{"href":"https:\/\/www.sigre.es\/boletin\/wp-json\/wp\/v2\/media?parent=11344"}],"curies":[{"name":"wp","href":"https:\/\/api.w.org\/{rel}","templated":true}]}}