{"id":11166,"date":"2025-12-12T23:13:03","date_gmt":"2025-12-12T22:13:03","guid":{"rendered":"https:\/\/www.sigre.es\/boletin\/?page_id=11166"},"modified":"2026-04-09T08:05:59","modified_gmt":"2026-04-09T07:05:59","slug":"dudas-reciclaje-2","status":"publish","type":"page","link":"https:\/\/www.sigre.es\/boletin\/sigre-informa-94\/dudas-reciclaje-2\/","title":{"rendered":"DUDAS SOBRE EL RECICLAJE"},"content":{"rendered":"<div id=\"fb-root\"><\/div>\n<p><strong>No.<\/strong> Los test de autodiagn\u00f3stico para la gripe o la COVID-19 o las mascarillas nunca deben desecharse en el Punto SIGRE al no tratarse de medicamentos.<\/p>\n<p>Estos productos deben desecharse en el cubo de la basura normal o fracci\u00f3n resto (bolsa de basura negra), donde van los residuos que no pueden ser reciclados.<\/p>\n<p>No obstante, debemos destacar que los envases donde vienen los test o las mascarillas s\u00ed deber\u00e1n depositarse en el contenedor de recogida selectiva de envases correspondiente: azul para las cajas de cart\u00f3n, amarillo para las bolsas de pl\u00e1stico, etc.<\/p>\n<p>Si bien es comprensible que surjan dudas, debemos insistir: el Punto SIGRE no es un contenedor para cualquier producto que hayamos adquirido en las farmacias. Solo debe utilizarse para medicamentos caducados o que ya no se necesitan y sus envases.<\/p>\n<p><a href=\"https:\/\/www.sigre.es\/boletin\/wp-content\/uploads\/2025\/12\/10.-Antigenos-y-mascarillas.png\"><img loading=\"lazy\" decoding=\"async\" class=\"aligncenter wp-image-11228\" src=\"https:\/\/www.sigre.es\/boletin\/wp-content\/uploads\/2025\/12\/10.-Antigenos-y-mascarillas.png\" alt=\"\" width=\"354\" height=\"442\" srcset=\"https:\/\/www.sigre.es\/boletin\/wp-content\/uploads\/2025\/12\/10.-Antigenos-y-mascarillas.png 745w, https:\/\/www.sigre.es\/boletin\/wp-content\/uploads\/2025\/12\/10.-Antigenos-y-mascarillas-240x300.png 240w\" sizes=\"auto, (max-width: 354px) 100vw, 354px\" \/><\/a><\/p>\n","protected":false},"excerpt":{"rendered":"<p>No. Los test de autodiagn\u00f3stico para la gripe o la COVID-19 o las mascarillas nunca deben desecharse en el Punto SIGRE al no tratarse de medicamentos. Estos productos deben desecharse en el cubo de la basura normal o fracci\u00f3n resto (bolsa de basura negra), donde van los residuos que no pueden ser reciclados. No obstante, [&hellip;]<\/p>\n","protected":false},"author":12,"featured_media":0,"parent":11129,"menu_order":82,"comment_status":"closed","ping_status":"closed","template":"sigre-entrevista.php","meta":{"footnotes":""},"class_list":["post-11166","page","type-page","status-publish","hentry"],"_links":{"self":[{"href":"https:\/\/www.sigre.es\/boletin\/wp-json\/wp\/v2\/pages\/11166","targetHints":{"allow":["GET"]}}],"collection":[{"href":"https:\/\/www.sigre.es\/boletin\/wp-json\/wp\/v2\/pages"}],"about":[{"href":"https:\/\/www.sigre.es\/boletin\/wp-json\/wp\/v2\/types\/page"}],"author":[{"embeddable":true,"href":"https:\/\/www.sigre.es\/boletin\/wp-json\/wp\/v2\/users\/12"}],"replies":[{"embeddable":true,"href":"https:\/\/www.sigre.es\/boletin\/wp-json\/wp\/v2\/comments?post=11166"}],"version-history":[{"count":10,"href":"https:\/\/www.sigre.es\/boletin\/wp-json\/wp\/v2\/pages\/11166\/revisions"}],"predecessor-version":[{"id":11507,"href":"https:\/\/www.sigre.es\/boletin\/wp-json\/wp\/v2\/pages\/11166\/revisions\/11507"}],"up":[{"embeddable":true,"href":"https:\/\/www.sigre.es\/boletin\/wp-json\/wp\/v2\/pages\/11129"}],"wp:attachment":[{"href":"https:\/\/www.sigre.es\/boletin\/wp-json\/wp\/v2\/media?parent=11166"}],"curies":[{"name":"wp","href":"https:\/\/api.w.org\/{rel}","templated":true}]}}