{"id":11164,"date":"2025-12-12T23:12:49","date_gmt":"2025-12-12T22:12:49","guid":{"rendered":"https:\/\/www.sigre.es\/boletin\/?page_id=11164"},"modified":"2026-04-08T16:48:48","modified_gmt":"2026-04-08T15:48:48","slug":"foros-congresos-2-2","status":"publish","type":"page","link":"https:\/\/www.sigre.es\/boletin\/sigre-informa-94\/foros-congresos-2-2\/","title":{"rendered":"FOROS Y CONGRESOS"},"content":{"rendered":"<div id=\"fb-root\"><\/div>\n<p>Adem\u00e1s de nuestra participaci\u00f3n en el <a href=\"https:\/\/www.sigre.es\/boletin\/sigre-informa-94\/sigre-responde\/\" target=\"_blank\" rel=\"noopener\"><strong>XVI<\/strong> <strong>Congreso Nacional de Periodismo Ambiental<\/strong><\/a> y en el webinar organizado por la <strong><a href=\"https:\/\/www.sigre.es\/boletin\/sigre-informa-94\/vocalia-consejo-colegios-farmaceuticos\/\" target=\"_blank\" rel=\"noopener\">Vocal\u00eda Nacional de Oficina de Farmacia del Consejo de Colegios Oficiales de Farmac\u00e9uticos<\/a><\/strong>, estos meses se han caracterizado por nuestra presencia en foros, congresos y grupos de trabajo con el objetivo \u00faltimo de poner en valor el compromiso del sector farmac\u00e9utico con la salud global y su decidida apuesta por la econom\u00eda circular.<\/p>\n<p>A modo de ejemplo, tuvimos la oportunidad de asistir en Pamplona a la <a href=\"https:\/\/www.linkedin.com\/posts\/mario-zarzuela-rescalvo-a87b7846_onehealth-residuos-medicamentos-activity-7398272028954476544-FXNU?utm_source=share&amp;utm_medium=member_desktop&amp;rcm=ACoAAAnIlwcBx8d-GrEM0FOGwgxZdhxymnNfSY0\" target=\"_blank\" rel=\"noopener\">reuni\u00f3n de zona de la Sociedad Espa\u00f1ola de Farmacia Hospitalaria (SEFH)<\/a>, donde pudimos departir acerca de la importancia del enfoque One Health, de la ampliaci\u00f3n de nuestra actividad a la gesti\u00f3n de los envases comerciales e industriales de medicamentos y de c\u00f3mo SIGRE se ha convertido en el mayor proyecto colaborativo del sector farmac\u00e9utico para avanzar hacia una econom\u00eda m\u00e1s circular.<\/p>\n<p>Tambi\u00e9n acudimos a la <strong>Jornada PRAN \u201cDesmontando bulos, frenando resistencias<\/strong>\u201d, un encuentro centrado en la lucha frente a las resistencias antimicrobianas, y estuvimos presentes en el <strong>Sustainability Day 25<\/strong>, \u00a0que reuni\u00f3 a empresas e instituciones comprometidas con la sostenibilidad para analizar desaf\u00edos y oportunidades de futuro.<\/p>\n<p>Por \u00faltimo, tambi\u00e9n quer\u00edamos destacar nuestra apuesta por la formaci\u00f3n de los futuros profesionales farmac\u00e9uticos, en este caso a trav\u00e9s de un <strong>taller formativo en la Facultad de Farmacia de la Universidad Complutense de Madrid<\/strong>, dentro de su proyecto de Aprendizaje y Servicio \u201cEducaci\u00f3n sobre el uso racional de medicamentos y los riesgos que supone la automedicaci\u00f3n y consumo de drogas de abuso en poblaci\u00f3n juvenil\u201d.<\/p>\n<p><a href=\"https:\/\/www.sigre.es\/boletin\/wp-content\/uploads\/2025\/12\/09.-Foros-y-Congresos.jpg\"><img loading=\"lazy\" decoding=\"async\" class=\"aligncenter size-full wp-image-11243\" src=\"https:\/\/www.sigre.es\/boletin\/wp-content\/uploads\/2025\/12\/09.-Foros-y-Congresos.jpg\" alt=\"\" width=\"842\" height=\"595\" srcset=\"https:\/\/www.sigre.es\/boletin\/wp-content\/uploads\/2025\/12\/09.-Foros-y-Congresos.jpg 842w, https:\/\/www.sigre.es\/boletin\/wp-content\/uploads\/2025\/12\/09.-Foros-y-Congresos-300x212.jpg 300w, https:\/\/www.sigre.es\/boletin\/wp-content\/uploads\/2025\/12\/09.-Foros-y-Congresos-768x543.jpg 768w\" sizes=\"auto, (max-width: 842px) 100vw, 842px\" \/><\/a><\/p>\n","protected":false},"excerpt":{"rendered":"<p>Adem\u00e1s de nuestra participaci\u00f3n en el XVI Congreso Nacional de Periodismo Ambiental y en el webinar organizado por la Vocal\u00eda Nacional de Oficina de Farmacia del Consejo de Colegios Oficiales de Farmac\u00e9uticos, estos meses se han caracterizado por nuestra presencia en foros, congresos y grupos de trabajo con el objetivo \u00faltimo de poner en valor [&hellip;]<\/p>\n","protected":false},"author":12,"featured_media":0,"parent":11129,"menu_order":86,"comment_status":"closed","ping_status":"closed","template":"sigre-entrevista.php","meta":{"footnotes":""},"class_list":["post-11164","page","type-page","status-publish","hentry"],"_links":{"self":[{"href":"https:\/\/www.sigre.es\/boletin\/wp-json\/wp\/v2\/pages\/11164","targetHints":{"allow":["GET"]}}],"collection":[{"href":"https:\/\/www.sigre.es\/boletin\/wp-json\/wp\/v2\/pages"}],"about":[{"href":"https:\/\/www.sigre.es\/boletin\/wp-json\/wp\/v2\/types\/page"}],"author":[{"embeddable":true,"href":"https:\/\/www.sigre.es\/boletin\/wp-json\/wp\/v2\/users\/12"}],"replies":[{"embeddable":true,"href":"https:\/\/www.sigre.es\/boletin\/wp-json\/wp\/v2\/comments?post=11164"}],"version-history":[{"count":20,"href":"https:\/\/www.sigre.es\/boletin\/wp-json\/wp\/v2\/pages\/11164\/revisions"}],"predecessor-version":[{"id":11476,"href":"https:\/\/www.sigre.es\/boletin\/wp-json\/wp\/v2\/pages\/11164\/revisions\/11476"}],"up":[{"embeddable":true,"href":"https:\/\/www.sigre.es\/boletin\/wp-json\/wp\/v2\/pages\/11129"}],"wp:attachment":[{"href":"https:\/\/www.sigre.es\/boletin\/wp-json\/wp\/v2\/media?parent=11164"}],"curies":[{"name":"wp","href":"https:\/\/api.w.org\/{rel}","templated":true}]}}