{"id":11162,"date":"2025-12-12T23:12:37","date_gmt":"2025-12-12T22:12:37","guid":{"rendered":"https:\/\/www.sigre.es\/boletin\/?page_id=11162"},"modified":"2025-12-19T09:00:02","modified_gmt":"2025-12-19T08:00:02","slug":"premios-corresponsables-sigre","status":"publish","type":"page","link":"https:\/\/www.sigre.es\/boletin\/sigre-informa-94\/premios-corresponsables-sigre\/","title":{"rendered":"PREMIOS Y GALARDONES"},"content":{"rendered":"<div id=\"fb-root\"><\/div>\n<p>La <a href=\"https:\/\/www.corresponsables.com\/fundacion\/\" target=\"_blank\" rel=\"noopener\">Fundaci\u00f3n Corresponsables<\/a> celebr\u00f3 el pasado 4 de noviembre la ceremonia de entrega de los XVI Premios Corresponsables, que distinguen las mejores pr\u00e1cticas en Responsabilidad Social y Sostenibilidad, adem\u00e1s de las mejores acciones en comunicaci\u00f3n corresponsable.<\/p>\n<p>En el transcurso de esta gala, nuestra <a href=\"https:\/\/www.memoriasigre.com\/2023\/Memoria-de-Sostenibilidad-2023-SIGRE.pdf\" target=\"_blank\" rel=\"noopener\">Memoria de Sostenibilidad 2023<\/a> fue reconocida como el \u201cMejor informe de sostenibilidad de organizaciones peque\u00f1as\u201d.<\/p>\n<p>Este premio, que se ha consolidado como el gran referente en el sector de la sostenibilidad empresarial, refleja nuestro compromiso con la transparencia y con una comunicaci\u00f3n responsable.<\/p>\n<p><a href=\"https:\/\/www.sigre.es\/boletin\/wp-content\/uploads\/2025\/12\/08.-Premios-Corresponsables-scaled.jpg\"><img loading=\"lazy\" decoding=\"async\" class=\"aligncenter wp-image-11212\" src=\"https:\/\/www.sigre.es\/boletin\/wp-content\/uploads\/2025\/12\/08.-Premios-Corresponsables-scaled.jpg\" alt=\"\" width=\"538\" height=\"359\" srcset=\"https:\/\/www.sigre.es\/boletin\/wp-content\/uploads\/2025\/12\/08.-Premios-Corresponsables-scaled.jpg 2560w, https:\/\/www.sigre.es\/boletin\/wp-content\/uploads\/2025\/12\/08.-Premios-Corresponsables-300x200.jpg 300w, https:\/\/www.sigre.es\/boletin\/wp-content\/uploads\/2025\/12\/08.-Premios-Corresponsables-1024x683.jpg 1024w, https:\/\/www.sigre.es\/boletin\/wp-content\/uploads\/2025\/12\/08.-Premios-Corresponsables-768x512.jpg 768w, https:\/\/www.sigre.es\/boletin\/wp-content\/uploads\/2025\/12\/08.-Premios-Corresponsables-1536x1025.jpg 1536w, https:\/\/www.sigre.es\/boletin\/wp-content\/uploads\/2025\/12\/08.-Premios-Corresponsables-2048x1366.jpg 2048w\" sizes=\"auto, (max-width: 538px) 100vw, 538px\" \/><\/a><\/p>\n","protected":false},"excerpt":{"rendered":"<p>La Fundaci\u00f3n Corresponsables celebr\u00f3 el pasado 4 de noviembre la ceremonia de entrega de los XVI Premios Corresponsables, que distinguen las mejores pr\u00e1cticas en Responsabilidad Social y Sostenibilidad, adem\u00e1s de las mejores acciones en comunicaci\u00f3n corresponsable. En el transcurso de esta gala, nuestra Memoria de Sostenibilidad 2023 fue reconocida como el \u201cMejor informe de sostenibilidad [&hellip;]<\/p>\n","protected":false},"author":12,"featured_media":0,"parent":11129,"menu_order":88,"comment_status":"closed","ping_status":"closed","template":"sigre-entrevista.php","meta":{"footnotes":""},"class_list":["post-11162","page","type-page","status-publish","hentry"],"_links":{"self":[{"href":"https:\/\/www.sigre.es\/boletin\/wp-json\/wp\/v2\/pages\/11162","targetHints":{"allow":["GET"]}}],"collection":[{"href":"https:\/\/www.sigre.es\/boletin\/wp-json\/wp\/v2\/pages"}],"about":[{"href":"https:\/\/www.sigre.es\/boletin\/wp-json\/wp\/v2\/types\/page"}],"author":[{"embeddable":true,"href":"https:\/\/www.sigre.es\/boletin\/wp-json\/wp\/v2\/users\/12"}],"replies":[{"embeddable":true,"href":"https:\/\/www.sigre.es\/boletin\/wp-json\/wp\/v2\/comments?post=11162"}],"version-history":[{"count":8,"href":"https:\/\/www.sigre.es\/boletin\/wp-json\/wp\/v2\/pages\/11162\/revisions"}],"predecessor-version":[{"id":11288,"href":"https:\/\/www.sigre.es\/boletin\/wp-json\/wp\/v2\/pages\/11162\/revisions\/11288"}],"up":[{"embeddable":true,"href":"https:\/\/www.sigre.es\/boletin\/wp-json\/wp\/v2\/pages\/11129"}],"wp:attachment":[{"href":"https:\/\/www.sigre.es\/boletin\/wp-json\/wp\/v2\/media?parent=11162"}],"curies":[{"name":"wp","href":"https:\/\/api.w.org\/{rel}","templated":true}]}}