{"id":11160,"date":"2025-12-12T23:12:24","date_gmt":"2025-12-12T22:12:24","guid":{"rendered":"https:\/\/www.sigre.es\/boletin\/?page_id=11160"},"modified":"2026-04-08T16:48:32","modified_gmt":"2026-04-08T15:48:32","slug":"vocalia-consejo-colegios-farmaceuticos","status":"publish","type":"page","link":"https:\/\/www.sigre.es\/boletin\/sigre-informa-94\/vocalia-consejo-colegios-farmaceuticos\/","title":{"rendered":"FORMACI\u00d3N"},"content":{"rendered":"<div id=\"fb-root\"><\/div>\n<p>La Vocal\u00eda Nacional de Oficina de Farmacia del Consejo de Colegios Oficiales de Farmac\u00e9uticos ha elaborado, con nuestra colaboraci\u00f3n, una serie de infograf\u00edas, dirigidas a farmac\u00e9uticos y a usuarios de las farmacias para darles a conocer la importancia que tiene SIGRE, tanto desde el punto de vista sanitario como medioambiental, as\u00ed como para aportar consejos pr\u00e1cticos para una recogida adecuada de los residuos de medicamentos y sus envases.<\/p>\n<p><a href=\"https:\/\/www.sigre.es\/boletin\/wp-content\/uploads\/2025\/12\/07.-Imagen-1-scaled.jpg\"><img loading=\"lazy\" decoding=\"async\" class=\"aligncenter wp-image-11205\" src=\"https:\/\/www.sigre.es\/boletin\/wp-content\/uploads\/2025\/12\/07.-Imagen-1-scaled.jpg\" alt=\"\" width=\"386\" height=\"532\" srcset=\"https:\/\/www.sigre.es\/boletin\/wp-content\/uploads\/2025\/12\/07.-Imagen-1-scaled.jpg 1858w, https:\/\/www.sigre.es\/boletin\/wp-content\/uploads\/2025\/12\/07.-Imagen-1-218x300.jpg 218w, https:\/\/www.sigre.es\/boletin\/wp-content\/uploads\/2025\/12\/07.-Imagen-1-743x1024.jpg 743w, https:\/\/www.sigre.es\/boletin\/wp-content\/uploads\/2025\/12\/07.-Imagen-1-768x1058.jpg 768w, https:\/\/www.sigre.es\/boletin\/wp-content\/uploads\/2025\/12\/07.-Imagen-1-1115x1536.jpg 1115w, https:\/\/www.sigre.es\/boletin\/wp-content\/uploads\/2025\/12\/07.-Imagen-1-1486x2048.jpg 1486w\" sizes=\"auto, (max-width: 386px) 100vw, 386px\" \/><\/a><\/p>\n<p>Igualmente, esta Vocal\u00eda organiz\u00f3 el 25 de noviembre una sesi\u00f3n formativa dirigida a Colegios Oficiales de Farmac\u00e9uticos y farmac\u00e9uticos colegiados con el objetivo, entre otros, de profundizar en el conocimiento sobre la gesti\u00f3n de los envases y restos de medicamentos depositados en el Punto SIGRE de la farmacia.<\/p>\n<p>En este webinar, bajo el t\u00edtulo \u201c<em>Gesti\u00f3n de residuos de medicamentos en la Farmacia Comunitaria\u201d, <\/em>participaron Piedad Garc\u00eda, Vocal Nacional de Farmac\u00e9uticos de Oficina de Farmacia del Consejo de Colegios Oficiales de Farmac\u00e9uticos; Jos\u00e9 Manuel Becerra, Vocal de titulares de Oficina de Farmacia del Colegio Oficial de Farmac\u00e9uticos de Madrid; y nuestro director de Comunicaci\u00f3n y Sostenibilidad, Mario Zarzuela.<\/p>\n<p><a href=\"https:\/\/www.sigre.es\/boletin\/wp-content\/uploads\/2025\/12\/07.-Imagen-2.png\"><img loading=\"lazy\" decoding=\"async\" class=\"aligncenter wp-image-11204\" src=\"https:\/\/www.sigre.es\/boletin\/wp-content\/uploads\/2025\/12\/07.-Imagen-2.png\" alt=\"\" width=\"711\" height=\"276\" srcset=\"https:\/\/www.sigre.es\/boletin\/wp-content\/uploads\/2025\/12\/07.-Imagen-2.png 1742w, https:\/\/www.sigre.es\/boletin\/wp-content\/uploads\/2025\/12\/07.-Imagen-2-300x116.png 300w, https:\/\/www.sigre.es\/boletin\/wp-content\/uploads\/2025\/12\/07.-Imagen-2-1024x397.png 1024w, https:\/\/www.sigre.es\/boletin\/wp-content\/uploads\/2025\/12\/07.-Imagen-2-768x298.png 768w, https:\/\/www.sigre.es\/boletin\/wp-content\/uploads\/2025\/12\/07.-Imagen-2-1536x596.png 1536w\" sizes=\"auto, (max-width: 711px) 100vw, 711px\" \/><\/a><\/p>\n<p>Iniciativas que han contribuido a seguir mejorando la gesti\u00f3n de los envases y residuos de medicamentos de origen dom\u00e9stico y, con ello, a transmitir el compromiso de los farmac\u00e9uticos con el medioambiente y la econom\u00eda circular.<\/p>\n","protected":false},"excerpt":{"rendered":"<p>La Vocal\u00eda Nacional de Oficina de Farmacia del Consejo de Colegios Oficiales de Farmac\u00e9uticos ha elaborado, con nuestra colaboraci\u00f3n, una serie de infograf\u00edas, dirigidas a farmac\u00e9uticos y a usuarios de las farmacias para darles a conocer la importancia que tiene SIGRE, tanto desde el punto de vista sanitario como medioambiental, as\u00ed como para aportar consejos [&hellip;]<\/p>\n","protected":false},"author":12,"featured_media":0,"parent":11129,"menu_order":59,"comment_status":"closed","ping_status":"closed","template":"sigre-entrevista.php","meta":{"footnotes":""},"class_list":["post-11160","page","type-page","status-publish","hentry"],"_links":{"self":[{"href":"https:\/\/www.sigre.es\/boletin\/wp-json\/wp\/v2\/pages\/11160","targetHints":{"allow":["GET"]}}],"collection":[{"href":"https:\/\/www.sigre.es\/boletin\/wp-json\/wp\/v2\/pages"}],"about":[{"href":"https:\/\/www.sigre.es\/boletin\/wp-json\/wp\/v2\/types\/page"}],"author":[{"embeddable":true,"href":"https:\/\/www.sigre.es\/boletin\/wp-json\/wp\/v2\/users\/12"}],"replies":[{"embeddable":true,"href":"https:\/\/www.sigre.es\/boletin\/wp-json\/wp\/v2\/comments?post=11160"}],"version-history":[{"count":12,"href":"https:\/\/www.sigre.es\/boletin\/wp-json\/wp\/v2\/pages\/11160\/revisions"}],"predecessor-version":[{"id":11474,"href":"https:\/\/www.sigre.es\/boletin\/wp-json\/wp\/v2\/pages\/11160\/revisions\/11474"}],"up":[{"embeddable":true,"href":"https:\/\/www.sigre.es\/boletin\/wp-json\/wp\/v2\/pages\/11129"}],"wp:attachment":[{"href":"https:\/\/www.sigre.es\/boletin\/wp-json\/wp\/v2\/media?parent=11160"}],"curies":[{"name":"wp","href":"https:\/\/api.w.org\/{rel}","templated":true}]}}