{"id":11158,"date":"2025-12-12T23:11:48","date_gmt":"2025-12-12T22:11:48","guid":{"rendered":"https:\/\/www.sigre.es\/boletin\/?page_id=11158"},"modified":"2026-04-08T16:48:23","modified_gmt":"2026-04-08T15:48:23","slug":"ruedas-prensa","status":"publish","type":"page","link":"https:\/\/www.sigre.es\/boletin\/sigre-informa-94\/ruedas-prensa\/","title":{"rendered":"ACTUALIDAD"},"content":{"rendered":"<div id=\"fb-root\"><\/div>\n<p>El 20 y 22 de octubre organizamos sendas ruedas de prensa en Castilla-La Mancha y Pa\u00eds Vasco para presentar los \u00faltimos resultados alcanzados en el tratamiento de los envases y restos de medicamentos que los ciudadanos depositan en los Puntos SIGRE, as\u00ed como para anunciar el lanzamiento de la campa\u00f1a de concienciaci\u00f3n \u201c<a href=\"https:\/\/sigre.es\/public\/landing\/campana-sigre-2025\/\" target=\"_blank\" rel=\"noopener\">Buen punto<\/a>\u201d.<\/p>\n<p>La rueda de prensa celebrada en Toledo fue presidida por Mercedes G\u00f3mez, consejera de Desarrollo Sostenible de Castilla-La Mancha, contando adem\u00e1s con la presencia de Esther Haro, directora general de Econom\u00eda Circular y Agenda 2030, y del presidente del Colegio Oficial de Farmac\u00e9uticos (COF) de Toledo, Francisco Javier Jimeno.<\/p>\n<p>Por su parte, el acto para medios organizado en Bilbao cont\u00f3 con la presidencia de Nikolas Garc\u00eda-Borreguero, director de Administraci\u00f3n Ambiental del Gobierno Vasco, y con la participaci\u00f3n de Milagros L\u00f3pez de Oc\u00e1riz, en su calidad de vicepresidenta del Consejo de Farmac\u00e9uticos del Pa\u00eds Vasco. Adem\u00e1s, tambi\u00e9n tuvimos el placer de que nos acompa\u00f1aran Juan Uriarte, presidente del COF de Vizcaya y Lierni Mendiaraz, secretaria del COF de Guip\u00fazcoa.<\/p>\n<p>En ambos encuentros se puso de manifiesto c\u00f3mo el compromiso de la ciudadan\u00eda con el cuidado de la salud global es una realidad que crece a\u00f1o tras a\u00f1o, habi\u00e9ndose reflejado en un aumento del 4% en Castilla La Mancha y de un 5,2% en el Pa\u00eds Vasco en las cantidades recogidas de envases vac\u00edos o con restos de medicamentos durante el per\u00edodo enero-agosto de 2025.<\/p>\n<div id=\"attachment_11198\" style=\"width: 467px\" class=\"wp-caption aligncenter\"><a href=\"https:\/\/www.sigre.es\/boletin\/wp-content\/uploads\/2025\/12\/06.-Castilla-La-Mancha-scaled.jpg\"><img loading=\"lazy\" decoding=\"async\" aria-describedby=\"caption-attachment-11198\" class=\" wp-image-11198\" src=\"https:\/\/www.sigre.es\/boletin\/wp-content\/uploads\/2025\/12\/06.-Castilla-La-Mancha-scaled.jpg\" alt=\"\" width=\"457\" height=\"305\" srcset=\"https:\/\/www.sigre.es\/boletin\/wp-content\/uploads\/2025\/12\/06.-Castilla-La-Mancha-scaled.jpg 2560w, https:\/\/www.sigre.es\/boletin\/wp-content\/uploads\/2025\/12\/06.-Castilla-La-Mancha-300x200.jpg 300w, https:\/\/www.sigre.es\/boletin\/wp-content\/uploads\/2025\/12\/06.-Castilla-La-Mancha-1024x683.jpg 1024w, https:\/\/www.sigre.es\/boletin\/wp-content\/uploads\/2025\/12\/06.-Castilla-La-Mancha-768x512.jpg 768w, https:\/\/www.sigre.es\/boletin\/wp-content\/uploads\/2025\/12\/06.-Castilla-La-Mancha-1536x1024.jpg 1536w, https:\/\/www.sigre.es\/boletin\/wp-content\/uploads\/2025\/12\/06.-Castilla-La-Mancha-2048x1366.jpg 2048w\" sizes=\"auto, (max-width: 457px) 100vw, 457px\" \/><\/a><p id=\"caption-attachment-11198\" class=\"wp-caption-text\">De izquierda a derecha: Miguel Vega, director general de SIGRE; Mercedes G\u00f3mez, consejera de Desarrollo Sostenible de Castilla-La Mancha; Francisco Javier Jimeno, presidente del Colegio Oficial de Farmac\u00e9uticos de Toledo, y Esther Haro, directora general de Econom\u00eda Circular y Agenda 2030 de la Consejer\u00eda de Desarrollo Sostenible de Castilla-La Mancha<\/p><\/div>\n<div id=\"attachment_11199\" style=\"width: 457px\" class=\"wp-caption aligncenter\"><a href=\"https:\/\/www.sigre.es\/boletin\/wp-content\/uploads\/2025\/12\/06.-Pais-Vasco-scaled.jpg\"><img loading=\"lazy\" decoding=\"async\" aria-describedby=\"caption-attachment-11199\" class=\" wp-image-11199\" src=\"https:\/\/www.sigre.es\/boletin\/wp-content\/uploads\/2025\/12\/06.-Pais-Vasco-scaled.jpg\" alt=\"\" width=\"447\" height=\"298\" srcset=\"https:\/\/www.sigre.es\/boletin\/wp-content\/uploads\/2025\/12\/06.-Pais-Vasco-scaled.jpg 2560w, https:\/\/www.sigre.es\/boletin\/wp-content\/uploads\/2025\/12\/06.-Pais-Vasco-300x200.jpg 300w, https:\/\/www.sigre.es\/boletin\/wp-content\/uploads\/2025\/12\/06.-Pais-Vasco-1024x683.jpg 1024w, https:\/\/www.sigre.es\/boletin\/wp-content\/uploads\/2025\/12\/06.-Pais-Vasco-768x512.jpg 768w, https:\/\/www.sigre.es\/boletin\/wp-content\/uploads\/2025\/12\/06.-Pais-Vasco-1536x1024.jpg 1536w, https:\/\/www.sigre.es\/boletin\/wp-content\/uploads\/2025\/12\/06.-Pais-Vasco-2048x1365.jpg 2048w\" sizes=\"auto, (max-width: 447px) 100vw, 447px\" \/><\/a><p id=\"caption-attachment-11199\" class=\"wp-caption-text\">De izquierda a derecha: Juan Uriarte, presidente del COF de Vizcaya; Nikolas Garc\u00eda-Borreguero, director de Administraci\u00f3n ambiental del Gobierno Vasco; Miguel Vega, director general de SIGRE; Milagros L\u00f3pez de Oc\u00e1riz, vicepresidenta del Consejo de Farmac\u00e9uticos del Pa\u00eds Vasco y presidenta del COF de \u00c1lava, y Lierni Mendiaraz, secretaria del COF de Guip\u00fazcoa<\/p><\/div>\n","protected":false},"excerpt":{"rendered":"<p>El 20 y 22 de octubre organizamos sendas ruedas de prensa en Castilla-La Mancha y Pa\u00eds Vasco para presentar los \u00faltimos resultados alcanzados en el tratamiento de los envases y restos de medicamentos que los ciudadanos depositan en los Puntos SIGRE, as\u00ed como para anunciar el lanzamiento de la campa\u00f1a de concienciaci\u00f3n \u201cBuen punto\u201d. La [&hellip;]<\/p>\n","protected":false},"author":12,"featured_media":0,"parent":11129,"menu_order":61,"comment_status":"closed","ping_status":"closed","template":"sigre-entrevista.php","meta":{"footnotes":""},"class_list":["post-11158","page","type-page","status-publish","hentry"],"_links":{"self":[{"href":"https:\/\/www.sigre.es\/boletin\/wp-json\/wp\/v2\/pages\/11158","targetHints":{"allow":["GET"]}}],"collection":[{"href":"https:\/\/www.sigre.es\/boletin\/wp-json\/wp\/v2\/pages"}],"about":[{"href":"https:\/\/www.sigre.es\/boletin\/wp-json\/wp\/v2\/types\/page"}],"author":[{"embeddable":true,"href":"https:\/\/www.sigre.es\/boletin\/wp-json\/wp\/v2\/users\/12"}],"replies":[{"embeddable":true,"href":"https:\/\/www.sigre.es\/boletin\/wp-json\/wp\/v2\/comments?post=11158"}],"version-history":[{"count":15,"href":"https:\/\/www.sigre.es\/boletin\/wp-json\/wp\/v2\/pages\/11158\/revisions"}],"predecessor-version":[{"id":11475,"href":"https:\/\/www.sigre.es\/boletin\/wp-json\/wp\/v2\/pages\/11158\/revisions\/11475"}],"up":[{"embeddable":true,"href":"https:\/\/www.sigre.es\/boletin\/wp-json\/wp\/v2\/pages\/11129"}],"wp:attachment":[{"href":"https:\/\/www.sigre.es\/boletin\/wp-json\/wp\/v2\/media?parent=11158"}],"curies":[{"name":"wp","href":"https:\/\/api.w.org\/{rel}","templated":true}]}}