{"id":11156,"date":"2025-12-12T23:11:34","date_gmt":"2025-12-12T22:11:34","guid":{"rendered":"https:\/\/www.sigre.es\/boletin\/?page_id=11156"},"modified":"2026-04-08T15:55:18","modified_gmt":"2026-04-08T14:55:18","slug":"uso-prudente-antibioticos","status":"publish","type":"page","link":"https:\/\/www.sigre.es\/boletin\/sigre-informa-94\/uso-prudente-antibioticos\/","title":{"rendered":"SENSIBILIZACI\u00d3N"},"content":{"rendered":"<div id=\"fb-root\"><\/div>\n<p>En 2025, hemos vuelto a sumarnos activamente a la conmemoraci\u00f3n del D\u00eda Europeo para el Uso Prudente de los Antibi\u00f3ticos \u2014que se celebra cada 18 de noviembre\u2014 con una bater\u00eda de acciones dirigidas a informar sobre el grave problema de salud p\u00fablica que suponen ya a d\u00eda de hoy las resistencias antimicrobianas (RAM) y el papel de los ciudadanos en la lucha contra las mismas.<\/p>\n<p>Para ello, lanzamos una <a href=\"https:\/\/sigre.es\/post\/sigre-destaca-colaboracion-ciudadana-para-luchar-contra-las-superbacterias\" target=\"_blank\" rel=\"noopener\">nota de prensa<\/a> en la que recordamos la importancia de no automedicarse, de no conservar antibi\u00f3ticos sobrantes \u201cpor si acaso\u201d y de depositarlos en el Punto SIGRE de las farmacias. Un comunicado que cont\u00f3 con declaraciones de la Dra. Maite Mart\u00edn Ib\u00e1\u00f1ez, presidenta de la Plataforma One Health, y del Dr. Jos\u00e9 Polo Garc\u00eda, presidente de la Sociedad Espa\u00f1ola de M\u00e9dicos de Atenci\u00f3n Primaria (SEMERGEN).<\/p>\n<p>A lo largo de la semana del 17 de noviembre tambi\u00e9n reforzamos la difusi\u00f3n del anuncio de nuestra campa\u00f1a \u201c<a href=\"https:\/\/sigre.es\/public\/landing\/campana-sigre-2025\/\" target=\"_blank\" rel=\"noopener\">Buen Punto<\/a>\u201d centrado precisamente en las RAM que lleva el t\u00edtulo \u00a0\u201c<a href=\"https:\/\/sigre.es\/public\/landing\/campana-sigre-2025\/\" target=\"_blank\" rel=\"noopener\">\u00bfA que las superbacterias dan supermal rollo?<\/a>\u201d.<\/p>\n<p>Finalmente, aprovechamos nuestros diferentes canales de comunicaci\u00f3n \u2014<a href=\"https:\/\/www.blogsigre.es\/2025\/11\/18\/superbacterias-por-que-nuestras-decisiones-diarias-si-marcan-la-diferencia\/\" target=\"_blank\" rel=\"noopener\">blog corporativo<\/a>, <a href=\"https:\/\/x.com\/puntosigre\/status\/1990737525422399704\" target=\"_blank\" rel=\"noopener\">redes sociales<\/a>, etc. \u2014 para difundir estos mensajes de concienciaci\u00f3n sobre las resistencias antimicrobianas y sensibilizar a todos nuestros grupos de inter\u00e9s sobre la importancia de un uso prudente y responsable de los antibi\u00f3ticos.<\/p>\n<p><iframe loading=\"lazy\" title=\"Buen punto. Evita las resistencias antimicrobianas\" width=\"500\" height=\"281\" src=\"https:\/\/www.youtube.com\/embed\/YoRR4fKP5nM?feature=oembed\" frameborder=\"0\" allow=\"accelerometer; autoplay; clipboard-write; encrypted-media; gyroscope; picture-in-picture; web-share\" referrerpolicy=\"strict-origin-when-cross-origin\" allowfullscreen><\/iframe><\/p>\n","protected":false},"excerpt":{"rendered":"<p>En 2025, hemos vuelto a sumarnos activamente a la conmemoraci\u00f3n del D\u00eda Europeo para el Uso Prudente de los Antibi\u00f3ticos \u2014que se celebra cada 18 de noviembre\u2014 con una bater\u00eda de acciones dirigidas a informar sobre el grave problema de salud p\u00fablica que suponen ya a d\u00eda de hoy las resistencias antimicrobianas (RAM) y el [&hellip;]<\/p>\n","protected":false},"author":12,"featured_media":0,"parent":11129,"menu_order":65,"comment_status":"closed","ping_status":"closed","template":"sigre-entrevista.php","meta":{"footnotes":""},"class_list":["post-11156","page","type-page","status-publish","hentry"],"_links":{"self":[{"href":"https:\/\/www.sigre.es\/boletin\/wp-json\/wp\/v2\/pages\/11156","targetHints":{"allow":["GET"]}}],"collection":[{"href":"https:\/\/www.sigre.es\/boletin\/wp-json\/wp\/v2\/pages"}],"about":[{"href":"https:\/\/www.sigre.es\/boletin\/wp-json\/wp\/v2\/types\/page"}],"author":[{"embeddable":true,"href":"https:\/\/www.sigre.es\/boletin\/wp-json\/wp\/v2\/users\/12"}],"replies":[{"embeddable":true,"href":"https:\/\/www.sigre.es\/boletin\/wp-json\/wp\/v2\/comments?post=11156"}],"version-history":[{"count":6,"href":"https:\/\/www.sigre.es\/boletin\/wp-json\/wp\/v2\/pages\/11156\/revisions"}],"predecessor-version":[{"id":11242,"href":"https:\/\/www.sigre.es\/boletin\/wp-json\/wp\/v2\/pages\/11156\/revisions\/11242"}],"up":[{"embeddable":true,"href":"https:\/\/www.sigre.es\/boletin\/wp-json\/wp\/v2\/pages\/11129"}],"wp:attachment":[{"href":"https:\/\/www.sigre.es\/boletin\/wp-json\/wp\/v2\/media?parent=11156"}],"curies":[{"name":"wp","href":"https:\/\/api.w.org\/{rel}","templated":true}]}}