{"id":11154,"date":"2025-12-12T23:11:17","date_gmt":"2025-12-12T22:11:17","guid":{"rendered":"https:\/\/www.sigre.es\/boletin\/?page_id=11154"},"modified":"2025-12-19T10:15:37","modified_gmt":"2025-12-19T09:15:37","slug":"campana-buen-punto","status":"publish","type":"page","link":"https:\/\/www.sigre.es\/boletin\/sigre-informa-94\/campana-buen-punto\/","title":{"rendered":"SENSIBILIZACI\u00d3N"},"content":{"rendered":"<div id=\"fb-root\"><\/div>\n<p>Nuestra campa\u00f1a <a href=\"https:\/\/sigre.es\/public\/landing\/campana-sigre-2025\/\" target=\"_blank\" rel=\"noopener\">Buen Punto<\/a> dio el pistoletazo de salida el d\u00eda 27 de octubre y se extendi\u00f3 a lo largo de todo el mes de noviembre, siendo visible en las farmacias de toda Espa\u00f1a, en radio y televisi\u00f3n, mupis, podcasts y hasta en cines.<\/p>\n<p>Todo ello basado en una estrategia multimedia y una variedad de formatos que permitieron impulsar el nivel de conexi\u00f3n con la audiencia, habi\u00e9ndose alcanzado hasta un total de <strong>8 millones de personas impactadas<\/strong>.<\/p>\n<p>Adem\u00e1s, la implicaci\u00f3n de las patronales del sector, compa\u00f1\u00edas farmac\u00e9uticas, colegios farmac\u00e9uticos, farmacias, distribuidores y medios de comunicaci\u00f3n, que compartieron nuestras creatividades, contribuy\u00f3 a que su mensaje medioambiental y socio-sanitario llegara a\u00fan m\u00e1s lejos.<\/p>\n<p>Su narrativa cercana, creatividad y el uso del humor han impulsado adem\u00e1s una <strong>gran viralidad<\/strong> <strong>en redes sociales<\/strong>, donde se han registrado m\u00e1s de 11 millones de visualizaciones.<\/p>\n<p>Otro a\u00f1o m\u00e1s, nuestra campa\u00f1a anual de sensibilizaci\u00f3n ha contribuido a que un n\u00famero cada vez mayor de ciudadanos sean conscientes de la importancia de revisar el botiqu\u00edn dom\u00e9stico y de depositar los residuos de los medicamentos y sus envases en el Punto SIGRE de la farmacia. Y eso, como decimos en SIGRE, es un <strong>buen punto<\/strong>.<\/p>\n<p><a href=\"https:\/\/www.sigre.es\/boletin\/wp-content\/uploads\/2025\/12\/04.-Collage-campana.jpg\"><img loading=\"lazy\" decoding=\"async\" class=\"aligncenter size-full wp-image-11236\" src=\"https:\/\/www.sigre.es\/boletin\/wp-content\/uploads\/2025\/12\/04.-Collage-campana.jpg\" alt=\"\" width=\"842\" height=\"595\" srcset=\"https:\/\/www.sigre.es\/boletin\/wp-content\/uploads\/2025\/12\/04.-Collage-campana.jpg 842w, https:\/\/www.sigre.es\/boletin\/wp-content\/uploads\/2025\/12\/04.-Collage-campana-300x212.jpg 300w, https:\/\/www.sigre.es\/boletin\/wp-content\/uploads\/2025\/12\/04.-Collage-campana-768x543.jpg 768w\" sizes=\"auto, (max-width: 842px) 100vw, 842px\" \/><\/a><\/p>\n","protected":false},"excerpt":{"rendered":"<p>Nuestra campa\u00f1a Buen Punto dio el pistoletazo de salida el d\u00eda 27 de octubre y se extendi\u00f3 a lo largo de todo el mes de noviembre, siendo visible en las farmacias de toda Espa\u00f1a, en radio y televisi\u00f3n, mupis, podcasts y hasta en cines. Todo ello basado en una estrategia multimedia y una variedad de [&hellip;]<\/p>\n","protected":false},"author":12,"featured_media":0,"parent":11129,"menu_order":58,"comment_status":"closed","ping_status":"closed","template":"sigre-entrevista.php","meta":{"footnotes":""},"class_list":["post-11154","page","type-page","status-publish","hentry"],"_links":{"self":[{"href":"https:\/\/www.sigre.es\/boletin\/wp-json\/wp\/v2\/pages\/11154","targetHints":{"allow":["GET"]}}],"collection":[{"href":"https:\/\/www.sigre.es\/boletin\/wp-json\/wp\/v2\/pages"}],"about":[{"href":"https:\/\/www.sigre.es\/boletin\/wp-json\/wp\/v2\/types\/page"}],"author":[{"embeddable":true,"href":"https:\/\/www.sigre.es\/boletin\/wp-json\/wp\/v2\/users\/12"}],"replies":[{"embeddable":true,"href":"https:\/\/www.sigre.es\/boletin\/wp-json\/wp\/v2\/comments?post=11154"}],"version-history":[{"count":16,"href":"https:\/\/www.sigre.es\/boletin\/wp-json\/wp\/v2\/pages\/11154\/revisions"}],"predecessor-version":[{"id":11293,"href":"https:\/\/www.sigre.es\/boletin\/wp-json\/wp\/v2\/pages\/11154\/revisions\/11293"}],"up":[{"embeddable":true,"href":"https:\/\/www.sigre.es\/boletin\/wp-json\/wp\/v2\/pages\/11129"}],"wp:attachment":[{"href":"https:\/\/www.sigre.es\/boletin\/wp-json\/wp\/v2\/media?parent=11154"}],"curies":[{"name":"wp","href":"https:\/\/api.w.org\/{rel}","templated":true}]}}