{"id":11138,"date":"2025-12-12T23:06:51","date_gmt":"2025-12-12T22:06:51","guid":{"rendered":"https:\/\/www.sigre.es\/boletin\/sigre-informa-94-r8ysvl9iz7\/noticia-1\/"},"modified":"2025-12-19T10:16:46","modified_gmt":"2025-12-19T09:16:46","slug":"sigre-responde","status":"publish","type":"page","link":"https:\/\/www.sigre.es\/boletin\/sigre-informa-94\/sigre-responde\/","title":{"rendered":"SIGRE RESPONDE"},"content":{"rendered":"<div id=\"fb-root\"><\/div>\n<p>La separaci\u00f3n en los hogares es un gesto imprescindible para el proceso de reciclado. Un comienzo que puede verse comprometido por los <a href=\"https:\/\/sigre.es\/post\/5-falsos-mitos-sobre-el-reciclaje-de-medicamentos\" target=\"_blank\" rel=\"noopener\">bulos<\/a>, la desinformaci\u00f3n o las dudas que pueden suscitarse entre los ciudadanos en materia de reciclaje. Entre ellas, se encuentra la duda sobre el destino final de los residuos, que de acuerdo al \u00faltimo sondeo a ciudadanos elaborado para SIGRE, desanima hasta a un 81% de la poblaci\u00f3n espa\u00f1ola a la hora de reciclar.<\/p>\n<p>A trav\u00e9s de un caso pr\u00e1ctico titulado \u00abMentiras contagiosas: la cura de SIGRE ante la desinformaci\u00f3n\u00bb, hemos resaltado en el XVI Congreso de Periodismo Ambiental de la Asociaci\u00f3n de Periodistas de Informaci\u00f3n Ambiental (APIA), la importancia de la sensibilizaci\u00f3n ambiental y de la comunicaci\u00f3n frente a la desinformaci\u00f3n y los bulos, explicando las diferentes estrategias que empleamos en SIGRE para combatirlos:<\/p>\n<p><a href=\"https:\/\/www.sigre.es\/boletin\/wp-content\/uploads\/2025\/12\/03.png\"><img loading=\"lazy\" decoding=\"async\" class=\"aligncenter size-full wp-image-11184\" src=\"https:\/\/www.sigre.es\/boletin\/wp-content\/uploads\/2025\/12\/03.png\" alt=\"\" width=\"660\" height=\"268\" srcset=\"https:\/\/www.sigre.es\/boletin\/wp-content\/uploads\/2025\/12\/03.png 660w, https:\/\/www.sigre.es\/boletin\/wp-content\/uploads\/2025\/12\/03-300x122.png 300w\" sizes=\"auto, (max-width: 660px) 100vw, 660px\" \/><\/a><\/p>\n<p>Un tema que nos preocupa y ocupa a todos los que trabajamos en el sector farmac\u00e9utico, ya que las fake news no solo son mentiras virales que da\u00f1an al medioambiente, sino que tambi\u00e9n causan enfermedades y muertes.<\/p>\n","protected":false},"excerpt":{"rendered":"<p>La separaci\u00f3n en los hogares es un gesto imprescindible para el proceso de reciclado. Un comienzo que puede verse comprometido por los bulos, la desinformaci\u00f3n o las dudas que pueden suscitarse entre los ciudadanos en materia de reciclaje. Entre ellas, se encuentra la duda sobre el destino final de los residuos, que de acuerdo al [&hellip;]<\/p>\n","protected":false},"author":12,"featured_media":0,"parent":11129,"menu_order":59,"comment_status":"closed","ping_status":"closed","template":"sigre-responde.php","meta":{"footnotes":""},"class_list":["post-11138","page","type-page","status-publish","hentry"],"_links":{"self":[{"href":"https:\/\/www.sigre.es\/boletin\/wp-json\/wp\/v2\/pages\/11138","targetHints":{"allow":["GET"]}}],"collection":[{"href":"https:\/\/www.sigre.es\/boletin\/wp-json\/wp\/v2\/pages"}],"about":[{"href":"https:\/\/www.sigre.es\/boletin\/wp-json\/wp\/v2\/types\/page"}],"author":[{"embeddable":true,"href":"https:\/\/www.sigre.es\/boletin\/wp-json\/wp\/v2\/users\/12"}],"replies":[{"embeddable":true,"href":"https:\/\/www.sigre.es\/boletin\/wp-json\/wp\/v2\/comments?post=11138"}],"version-history":[{"count":16,"href":"https:\/\/www.sigre.es\/boletin\/wp-json\/wp\/v2\/pages\/11138\/revisions"}],"predecessor-version":[{"id":11294,"href":"https:\/\/www.sigre.es\/boletin\/wp-json\/wp\/v2\/pages\/11138\/revisions\/11294"}],"up":[{"embeddable":true,"href":"https:\/\/www.sigre.es\/boletin\/wp-json\/wp\/v2\/pages\/11129"}],"wp:attachment":[{"href":"https:\/\/www.sigre.es\/boletin\/wp-json\/wp\/v2\/media?parent=11138"}],"curies":[{"name":"wp","href":"https:\/\/api.w.org\/{rel}","templated":true}]}}