{"id":11135,"date":"2025-12-12T22:40:26","date_gmt":"2025-12-12T21:40:26","guid":{"rendered":"https:\/\/www.sigre.es\/boletin\/?page_id=11135"},"modified":"2026-05-13T14:08:07","modified_gmt":"2026-05-13T13:08:07","slug":"tribuna-presidente-sigre","status":"publish","type":"page","link":"https:\/\/www.sigre.es\/boletin\/sigre-informa-94\/tribuna-presidente-sigre\/","title":{"rendered":"TRIBUNA DEL PRESIDENTE DE SIGRE"},"content":{"rendered":"<div id=\"fb-root\"><\/div>\n<p>Hoy sabemos que el cuidado de la salud de las personas y la del medioambiente tienen que ir de la mano. En la industria farmac\u00e9utica estos dos objetivos se plasman en una visi\u00f3n: garantizar a la vez una mejor vida para los pacientes, los empleados y nuestros ecosistemas.<\/p>\n<p>Esta reflexi\u00f3n me reafirma en dos convicciones: que la salud de las personas no puede desvincularse de la salud del planeta, y que la sostenibilidad ya no es un complemento opcional, sino un componente esencial de cualquier organizaci\u00f3n comprometida con la sociedad, y en especial para nuestro sector.<\/p>\n<p>Desde SIGRE, y gracias al esfuerzo y compromiso de todos los que conforman la cadena de valor del medicamento, estamos llamados a llevar esa visi\u00f3n a la pr\u00e1ctica con m\u00e1s ambici\u00f3n que nunca, algo que solo es posible desde la cooperaci\u00f3n.<\/p>\n<p>La industria avanza en el ecodise\u00f1o de envases y en la reducci\u00f3n de su huella ambiental; la distribuci\u00f3n farmac\u00e9utica trabaja para mejorar la eficiencia de su log\u00edstica inversa y minimizar su impacto, y la farmacia contin\u00faa desempe\u00f1ando un papel fundamental como punto de informaci\u00f3n y sensibilizaci\u00f3n, siendo la puerta de entrada del ciudadano al modelo sostenible que representa el Punto SIGRE. Gracias a esta alianza sectorial, seguimos obteniendo resultados positivos en materia de prevenci\u00f3n, recogida, reciclaje y sensibilizaci\u00f3n, pero somos plenamente conscientes de que todo lo que queda por hacer.<\/p>\n<p>El camino est\u00e1 lleno de retos, s\u00ed, pero tambi\u00e9n de oportunidades para reforzar la credibilidad de nuestro sector y nuestro compromiso con la sociedad.<\/p>\n<p>En nombre de SIGRE, quiero expresar nuestro m\u00e1s sincero reconocimiento a todos los que contribuyen d\u00eda a d\u00eda a que nuestro modelo siga evolucionando y dando respuesta a los nuevos desaf\u00edos ambientales y sociales. Y tambi\u00e9n deseo destacar y dar las gracias a la ciudadan\u00eda por su compromiso y confianza en nosotros: cada vez que depositan un envase o un medicamento caducado en el Punto SIGRE, est\u00e1n protegiendo la salud global.<\/p>\n<p>Les deseo un fin de a\u00f1o lleno de ilusi\u00f3n y un 2026 en el que podamos seguir construyendo juntos un sector farmac\u00e9utico m\u00e1s circular y m\u00e1s sostenible.<\/p>\n","protected":false},"excerpt":{"rendered":"<p>Hoy sabemos que el cuidado de la salud de las personas y la del medioambiente tienen que ir de la mano. En la industria farmac\u00e9utica estos dos objetivos se plasman en una visi\u00f3n: garantizar a la vez una mejor vida para los pacientes, los empleados y nuestros ecosistemas. Esta reflexi\u00f3n me reafirma en dos convicciones: [&hellip;]<\/p>\n","protected":false},"author":12,"featured_media":0,"parent":11129,"menu_order":56,"comment_status":"closed","ping_status":"closed","template":"sigre-entrevista.php","meta":{"footnotes":""},"class_list":["post-11135","page","type-page","status-publish","hentry"],"_links":{"self":[{"href":"https:\/\/www.sigre.es\/boletin\/wp-json\/wp\/v2\/pages\/11135","targetHints":{"allow":["GET"]}}],"collection":[{"href":"https:\/\/www.sigre.es\/boletin\/wp-json\/wp\/v2\/pages"}],"about":[{"href":"https:\/\/www.sigre.es\/boletin\/wp-json\/wp\/v2\/types\/page"}],"author":[{"embeddable":true,"href":"https:\/\/www.sigre.es\/boletin\/wp-json\/wp\/v2\/users\/12"}],"replies":[{"embeddable":true,"href":"https:\/\/www.sigre.es\/boletin\/wp-json\/wp\/v2\/comments?post=11135"}],"version-history":[{"count":7,"href":"https:\/\/www.sigre.es\/boletin\/wp-json\/wp\/v2\/pages\/11135\/revisions"}],"predecessor-version":[{"id":11629,"href":"https:\/\/www.sigre.es\/boletin\/wp-json\/wp\/v2\/pages\/11135\/revisions\/11629"}],"up":[{"embeddable":true,"href":"https:\/\/www.sigre.es\/boletin\/wp-json\/wp\/v2\/pages\/11129"}],"wp:attachment":[{"href":"https:\/\/www.sigre.es\/boletin\/wp-json\/wp\/v2\/media?parent=11135"}],"curies":[{"name":"wp","href":"https:\/\/api.w.org\/{rel}","templated":true}]}}