{"id":10989,"date":"2025-10-08T11:27:38","date_gmt":"2025-10-08T10:27:38","guid":{"rendered":"https:\/\/www.sigre.es\/boletin\/sigre-informa-93\/dudas-sobre-el-reciclaje-que-significa-el-simbolo-sigre-y-por-que-aparece-en-las-cajas-de-medicamentos-2\/"},"modified":"2025-10-08T12:55:43","modified_gmt":"2025-10-08T11:55:43","slug":"dudas-sobre-el-reciclaje-que-significa-el-simbolo-sigre-y-por-que-aparece-en-las-cajas-de-medicamentos","status":"publish","type":"page","link":"https:\/\/www.sigre.es\/boletin\/sigre-informa-93\/dudas-sobre-el-reciclaje-que-significa-el-simbolo-sigre-y-por-que-aparece-en-las-cajas-de-medicamentos\/","title":{"rendered":"DUDAS SOBRE EL RECICLAJE"},"content":{"rendered":"<div id=\"fb-root\"><\/div>\n<p>Si te fijas bien, todos los medicamentos comercializados en Espa\u00f1a, cuyo destino sea su consumo en los domicilios, llevan incorporado en su envase el s\u00edmbolo SIGRE.<\/p>\n<p>Este s\u00edmbolo, que est\u00e1 autorizado por la <a href=\"https:\/\/www.aemps.gob.es\/industria-farmaceutica\/etiquetado-y-prospectos\/informacion-y-simbologia-en-el-etiquetado-de-los-medicamentos\/\" target=\"_blank\" rel=\"noopener\">Agencia Espa\u00f1ola de Medicamentos\u00a0y Productos Sanitarios (AEMPS)<\/a> y por las autoridades ambientales, tiene una doble funci\u00f3n.<\/p>\n<p><a href=\"https:\/\/www.sigre.es\/boletin\/wp-content\/uploads\/2025\/10\/11.-Dudas-reciclaje-1.jpg\"><img loading=\"lazy\" decoding=\"async\" class=\"aligncenter size-medium wp-image-11033\" src=\"https:\/\/www.sigre.es\/boletin\/wp-content\/uploads\/2025\/10\/11.-Dudas-reciclaje-1-240x300.jpg\" alt=\"\" width=\"240\" height=\"300\" srcset=\"https:\/\/www.sigre.es\/boletin\/wp-content\/uploads\/2025\/10\/11.-Dudas-reciclaje-1-240x300.jpg 240w, https:\/\/www.sigre.es\/boletin\/wp-content\/uploads\/2025\/10\/11.-Dudas-reciclaje-1.jpg 420w\" sizes=\"auto, (max-width: 240px) 100vw, 240px\" \/><\/a><\/p>\n<p>Por un lado, acredita que el laboratorio est\u00e1 adherido a SIGRE, como obliga la ley. Por otro, informa al ciudadano de que debe depositar los residuos en el Punto SIGRE de la farmacia para que reciban un adecuado tratamiento medioambiental.<\/p>\n<p>Esta informaci\u00f3n se ve complementada por una leyenda que aparece en los prospectos de esos medicamentos para recordar c\u00f3mo se deben eliminar de manera responsable los medicamentos no utilizados:<\/p>\n<p><a href=\"https:\/\/www.sigre.es\/boletin\/wp-content\/uploads\/2025\/10\/11.-Dudas-reciclaje-2-1.jpg\"><img loading=\"lazy\" decoding=\"async\" class=\"aligncenter wp-image-11034\" src=\"https:\/\/www.sigre.es\/boletin\/wp-content\/uploads\/2025\/10\/11.-Dudas-reciclaje-2-1.jpg\" alt=\"\" width=\"623\" height=\"221\" srcset=\"https:\/\/www.sigre.es\/boletin\/wp-content\/uploads\/2025\/10\/11.-Dudas-reciclaje-2-1.jpg 843w, https:\/\/www.sigre.es\/boletin\/wp-content\/uploads\/2025\/10\/11.-Dudas-reciclaje-2-1-300x106.jpg 300w, https:\/\/www.sigre.es\/boletin\/wp-content\/uploads\/2025\/10\/11.-Dudas-reciclaje-2-1-768x272.jpg 768w\" sizes=\"auto, (max-width: 623px) 100vw, 623px\" \/><\/a><\/p>\n","protected":false},"excerpt":{"rendered":"<p>Si te fijas bien, todos los medicamentos comercializados en Espa\u00f1a, cuyo destino sea su consumo en los domicilios, llevan incorporado en su envase el s\u00edmbolo SIGRE. Este s\u00edmbolo, que est\u00e1 autorizado por la Agencia Espa\u00f1ola de Medicamentos\u00a0y Productos Sanitarios (AEMPS) y por las autoridades ambientales, tiene una doble funci\u00f3n. Por un lado, acredita que el [&hellip;]<\/p>\n","protected":false},"author":12,"featured_media":0,"parent":10873,"menu_order":124,"comment_status":"closed","ping_status":"closed","template":"sigre-entrevista.php","meta":{"footnotes":""},"class_list":["post-10989","page","type-page","status-publish","hentry"],"_links":{"self":[{"href":"https:\/\/www.sigre.es\/boletin\/wp-json\/wp\/v2\/pages\/10989","targetHints":{"allow":["GET"]}}],"collection":[{"href":"https:\/\/www.sigre.es\/boletin\/wp-json\/wp\/v2\/pages"}],"about":[{"href":"https:\/\/www.sigre.es\/boletin\/wp-json\/wp\/v2\/types\/page"}],"author":[{"embeddable":true,"href":"https:\/\/www.sigre.es\/boletin\/wp-json\/wp\/v2\/users\/12"}],"replies":[{"embeddable":true,"href":"https:\/\/www.sigre.es\/boletin\/wp-json\/wp\/v2\/comments?post=10989"}],"version-history":[{"count":9,"href":"https:\/\/www.sigre.es\/boletin\/wp-json\/wp\/v2\/pages\/10989\/revisions"}],"predecessor-version":[{"id":11065,"href":"https:\/\/www.sigre.es\/boletin\/wp-json\/wp\/v2\/pages\/10989\/revisions\/11065"}],"up":[{"embeddable":true,"href":"https:\/\/www.sigre.es\/boletin\/wp-json\/wp\/v2\/pages\/10873"}],"wp:attachment":[{"href":"https:\/\/www.sigre.es\/boletin\/wp-json\/wp\/v2\/media?parent=10989"}],"curies":[{"name":"wp","href":"https:\/\/api.w.org\/{rel}","templated":true}]}}