{"id":10983,"date":"2025-10-08T11:24:59","date_gmt":"2025-10-08T10:24:59","guid":{"rendered":"https:\/\/www.sigre.es\/boletin\/sigre-informa-93\/ultima-hora-avance-datos-provisionales-de-recogida-2\/"},"modified":"2025-10-15T09:39:35","modified_gmt":"2025-10-15T08:39:35","slug":"ultima-hora-avance-datos-provisionales-de-recogida","status":"publish","type":"page","link":"https:\/\/www.sigre.es\/boletin\/sigre-informa-93\/ultima-hora-avance-datos-provisionales-de-recogida\/","title":{"rendered":"\u00daLTIMA HORA"},"content":{"rendered":"<div id=\"fb-root\"><\/div>\n<p>Los ciudadanos son los principales destinatarios de la actividad de SIGRE, puesto que son ellos, al finalizar un tratamiento o al revisar su botiqu\u00edn dom\u00e9stico, los responsables de llevar al Punto SIGRE de la farmacia los envases vac\u00edos y los restos de medicamentos, poniendo as\u00ed en marcha todo el engranaje que el sector farmac\u00e9utico ha dispuesto para garantizar el correcto tratamiento de estos residuos con todas las garant\u00edas sanitarias y medioambientales.<\/p>\n<p>Por este motivo, nos sentimos orgullosos de que, durante el primer semestre del a\u00f1o 2025, los residuos que los ciudadanos han depositado en los contenedores blancos hayan aumentado un 4%.<\/p>\n<p>Con estos datos se constata, una vez m\u00e1s, que el reciclaje de los medicamentos sigue consolid\u00e1ndose como una pr\u00e1ctica medioambiental muy extendida en la sociedad espa\u00f1ola, lo que contribuye al uso responsable de los mismos.<\/p>\n<p><a href=\"https:\/\/www.sigre.es\/boletin\/wp-content\/uploads\/2025\/10\/08.-Ultima-hora-avance-datos-provisionales-de-recogida.jpg\"><img loading=\"lazy\" decoding=\"async\" class=\"aligncenter wp-image-10937\" src=\"https:\/\/www.sigre.es\/boletin\/wp-content\/uploads\/2025\/10\/08.-Ultima-hora-avance-datos-provisionales-de-recogida.jpg\" alt=\"\" width=\"545\" height=\"362\" srcset=\"https:\/\/www.sigre.es\/boletin\/wp-content\/uploads\/2025\/10\/08.-Ultima-hora-avance-datos-provisionales-de-recogida.jpg 962w, https:\/\/www.sigre.es\/boletin\/wp-content\/uploads\/2025\/10\/08.-Ultima-hora-avance-datos-provisionales-de-recogida-300x199.jpg 300w, https:\/\/www.sigre.es\/boletin\/wp-content\/uploads\/2025\/10\/08.-Ultima-hora-avance-datos-provisionales-de-recogida-768x510.jpg 768w\" sizes=\"auto, (max-width: 545px) 100vw, 545px\" \/><\/a><\/p>\n","protected":false},"excerpt":{"rendered":"<p>Los ciudadanos son los principales destinatarios de la actividad de SIGRE, puesto que son ellos, al finalizar un tratamiento o al revisar su botiqu\u00edn dom\u00e9stico, los responsables de llevar al Punto SIGRE de la farmacia los envases vac\u00edos y los restos de medicamentos, poniendo as\u00ed en marcha todo el engranaje que el sector farmac\u00e9utico ha [&hellip;]<\/p>\n","protected":false},"author":12,"featured_media":0,"parent":10873,"menu_order":121,"comment_status":"closed","ping_status":"closed","template":"sigre-entrevista.php","meta":{"footnotes":""},"class_list":["post-10983","page","type-page","status-publish","hentry"],"_links":{"self":[{"href":"https:\/\/www.sigre.es\/boletin\/wp-json\/wp\/v2\/pages\/10983","targetHints":{"allow":["GET"]}}],"collection":[{"href":"https:\/\/www.sigre.es\/boletin\/wp-json\/wp\/v2\/pages"}],"about":[{"href":"https:\/\/www.sigre.es\/boletin\/wp-json\/wp\/v2\/types\/page"}],"author":[{"embeddable":true,"href":"https:\/\/www.sigre.es\/boletin\/wp-json\/wp\/v2\/users\/12"}],"replies":[{"embeddable":true,"href":"https:\/\/www.sigre.es\/boletin\/wp-json\/wp\/v2\/comments?post=10983"}],"version-history":[{"count":10,"href":"https:\/\/www.sigre.es\/boletin\/wp-json\/wp\/v2\/pages\/10983\/revisions"}],"predecessor-version":[{"id":11104,"href":"https:\/\/www.sigre.es\/boletin\/wp-json\/wp\/v2\/pages\/10983\/revisions\/11104"}],"up":[{"embeddable":true,"href":"https:\/\/www.sigre.es\/boletin\/wp-json\/wp\/v2\/pages\/10873"}],"wp:attachment":[{"href":"https:\/\/www.sigre.es\/boletin\/wp-json\/wp\/v2\/media?parent=10983"}],"curies":[{"name":"wp","href":"https:\/\/api.w.org\/{rel}","templated":true}]}}