{"id":10979,"date":"2025-10-08T11:22:30","date_gmt":"2025-10-08T10:22:30","guid":{"rendered":"https:\/\/www.sigre.es\/boletin\/sigre-informa-93\/los-pacientes-protagonistas-en-sigre-2\/"},"modified":"2025-10-15T09:53:48","modified_gmt":"2025-10-15T08:53:48","slug":"los-pacientes-protagonistas-en-sigre","status":"publish","type":"page","link":"https:\/\/www.sigre.es\/boletin\/sigre-informa-93\/los-pacientes-protagonistas-en-sigre\/","title":{"rendered":"SENSIBILIZACI\u00d3N"},"content":{"rendered":"<div id=\"fb-root\"><\/div>\n<p>Un ambiente sano es la base de la salud de la poblaci\u00f3n. Para las personas con enfermedades cr\u00f3nicas, este equilibrio se vuelve todav\u00eda m\u00e1s importante.<\/p>\n<p>Por eso, desde SIGRE nos dirigimos a los pacientes incidiendo en la importancia que tiene para el medio ambiente y para su propia salud el depositar los medicamentos caducados, en mal estado de conservaci\u00f3n o procedentes de tratamientos ya finalizados, junto a sus envases, en el Punto SIGRE de la farmacia.<\/p>\n<p>Con este objetivo, recientemente hemos colaborado con la <strong>Federaci\u00f3n Espa\u00f1ola de Asociaciones de Pacientes Al\u00e9rgicos y con Enfermedades Respiratorias (Fenaer)<\/strong> en su campa\u00f1a \u201c<a href=\"https:\/\/fenaer.es\/inhaladores-conservacion-y-reciclaje\/\" target=\"_blank\" rel=\"noopener\">Inhaladores: conservaci\u00f3n y reciclaje<\/a>\u201d, que incluye consejos para conservar bien el inhalador mientras est\u00e9 en uso y recomendaciones para que, una vez terminado o caducado, se deposite en un Punto SIGRE para garantizar su correcto tratamiento medioambiental.<\/p>\n<p>Tambi\u00e9n participamos en el blog de <a href=\"https:\/\/conartritis.org\/residuos_de_medicamentos\/\" target=\"_blank\" rel=\"noopener\">CON ARTRITIS<\/a> con un art\u00edculo destinado a concienciar a sus subscriptores sobre c\u00f3mo gestionar los residuos de medicamentos durante las vacaciones.<\/p>\n<p><a href=\"https:\/\/www.sigre.es\/boletin\/wp-content\/uploads\/2025\/10\/05.-Pacientes-1-1.png\"><img loading=\"lazy\" decoding=\"async\" class=\"aligncenter wp-image-11012\" src=\"https:\/\/www.sigre.es\/boletin\/wp-content\/uploads\/2025\/10\/05.-Pacientes-1-1-1024x666.png\" alt=\"\" width=\"447\" height=\"291\" srcset=\"https:\/\/www.sigre.es\/boletin\/wp-content\/uploads\/2025\/10\/05.-Pacientes-1-1-1024x666.png 1024w, https:\/\/www.sigre.es\/boletin\/wp-content\/uploads\/2025\/10\/05.-Pacientes-1-1-300x195.png 300w, https:\/\/www.sigre.es\/boletin\/wp-content\/uploads\/2025\/10\/05.-Pacientes-1-1-768x499.png 768w, https:\/\/www.sigre.es\/boletin\/wp-content\/uploads\/2025\/10\/05.-Pacientes-1-1-1536x998.png 1536w, https:\/\/www.sigre.es\/boletin\/wp-content\/uploads\/2025\/10\/05.-Pacientes-1-1.png 1920w\" sizes=\"auto, (max-width: 447px) 100vw, 447px\" \/><\/a><\/p>\n<p><a href=\"https:\/\/www.sigre.es\/boletin\/wp-content\/uploads\/2025\/10\/05.-Pacientes-2-1.jpg\"><img loading=\"lazy\" decoding=\"async\" class=\"aligncenter size-medium wp-image-11013\" src=\"https:\/\/www.sigre.es\/boletin\/wp-content\/uploads\/2025\/10\/05.-Pacientes-2-1-232x300.jpg\" alt=\"\" width=\"232\" height=\"300\" srcset=\"https:\/\/www.sigre.es\/boletin\/wp-content\/uploads\/2025\/10\/05.-Pacientes-2-1-232x300.jpg 232w, https:\/\/www.sigre.es\/boletin\/wp-content\/uploads\/2025\/10\/05.-Pacientes-2-1-793x1024.jpg 793w, https:\/\/www.sigre.es\/boletin\/wp-content\/uploads\/2025\/10\/05.-Pacientes-2-1-768x991.jpg 768w, https:\/\/www.sigre.es\/boletin\/wp-content\/uploads\/2025\/10\/05.-Pacientes-2-1-1190x1536.jpg 1190w, https:\/\/www.sigre.es\/boletin\/wp-content\/uploads\/2025\/10\/05.-Pacientes-2-1-1587x2048.jpg 1587w, https:\/\/www.sigre.es\/boletin\/wp-content\/uploads\/2025\/10\/05.-Pacientes-2-1.jpg 1623w\" sizes=\"auto, (max-width: 232px) 100vw, 232px\" \/><\/a><\/p>\n","protected":false},"excerpt":{"rendered":"<p>Un ambiente sano es la base de la salud de la poblaci\u00f3n. Para las personas con enfermedades cr\u00f3nicas, este equilibrio se vuelve todav\u00eda m\u00e1s importante. Por eso, desde SIGRE nos dirigimos a los pacientes incidiendo en la importancia que tiene para el medio ambiente y para su propia salud el depositar los medicamentos caducados, en [&hellip;]<\/p>\n","protected":false},"author":12,"featured_media":0,"parent":10873,"menu_order":112,"comment_status":"closed","ping_status":"closed","template":"sigre-entrevista.php","meta":{"footnotes":""},"class_list":["post-10979","page","type-page","status-publish","hentry"],"_links":{"self":[{"href":"https:\/\/www.sigre.es\/boletin\/wp-json\/wp\/v2\/pages\/10979","targetHints":{"allow":["GET"]}}],"collection":[{"href":"https:\/\/www.sigre.es\/boletin\/wp-json\/wp\/v2\/pages"}],"about":[{"href":"https:\/\/www.sigre.es\/boletin\/wp-json\/wp\/v2\/types\/page"}],"author":[{"embeddable":true,"href":"https:\/\/www.sigre.es\/boletin\/wp-json\/wp\/v2\/users\/12"}],"replies":[{"embeddable":true,"href":"https:\/\/www.sigre.es\/boletin\/wp-json\/wp\/v2\/comments?post=10979"}],"version-history":[{"count":18,"href":"https:\/\/www.sigre.es\/boletin\/wp-json\/wp\/v2\/pages\/10979\/revisions"}],"predecessor-version":[{"id":11105,"href":"https:\/\/www.sigre.es\/boletin\/wp-json\/wp\/v2\/pages\/10979\/revisions\/11105"}],"up":[{"embeddable":true,"href":"https:\/\/www.sigre.es\/boletin\/wp-json\/wp\/v2\/pages\/10873"}],"wp:attachment":[{"href":"https:\/\/www.sigre.es\/boletin\/wp-json\/wp\/v2\/media?parent=10979"}],"curies":[{"name":"wp","href":"https:\/\/api.w.org\/{rel}","templated":true}]}}