{"id":10975,"date":"2025-10-08T11:20:49","date_gmt":"2025-10-08T10:20:49","guid":{"rendered":"https:\/\/www.sigre.es\/boletin\/sigre-informa-93\/convenio-semfyc-2\/"},"modified":"2026-04-08T16:39:34","modified_gmt":"2026-04-08T15:39:34","slug":"convenio-semfyc","status":"publish","type":"page","link":"https:\/\/www.sigre.es\/boletin\/sigre-informa-93\/convenio-semfyc\/","title":{"rendered":"COLABORACI\u00d3N"},"content":{"rendered":"<div id=\"fb-root\"><\/div>\n<p>SIGRE y la Sociedad Espa\u00f1ola de Medicina de Familia y Comunitaria (semFYC) han firmado un convenio de colaboraci\u00f3n para fomentar el enfoque \u201cOne Health\u201d (Una sola salud) entre los m\u00e9dicos de atenci\u00f3n primaria.<\/p>\n<p>El objetivo principal del convenio es ofrecer informaci\u00f3n a estos profesionales sanitarios para que asesoren a sus pacientes sobre c\u00f3mo gestionar adecuadamente en el domicilio los medicamentos sobrantes, en mal estado o caducados, con el fin de mejorar la salud y proteger el medio ambiente.<\/p>\n<p>Esta colaboraci\u00f3n est\u00e1 en l\u00ednea con el\u00a0<a href=\"https:\/\/www.sanidad.gob.es\/areas\/sanidadAmbiental\/pesma\/home.htm\" target=\"_blank\" rel=\"noopener\">Plan Estrat\u00e9gico de Salud y Medio Ambiente (PESMA)<\/a>, elaborado por el Ministerio de Sanidad en coordinaci\u00f3n con el Ministerio para la Transici\u00f3n Ecol\u00f3gica y el Reto Demogr\u00e1fico, que incide en la importancia de la formaci\u00f3n de los profesionales sanitarios en materia de salud medioambiental.<\/p>\n<p>Entre otras acciones, el convenio de colaboraci\u00f3n incluye la participaci\u00f3n de SIGRE en el programa de formaci\u00f3n APDAY semFYC dirigido a m\u00e9dicos de familia.<\/p>\n<p><a href=\"https:\/\/www.sigre.es\/boletin\/wp-content\/uploads\/2025\/10\/04.-Convenio-semFYC.jpg\"><img loading=\"lazy\" decoding=\"async\" class=\"aligncenter wp-image-10928\" src=\"https:\/\/www.sigre.es\/boletin\/wp-content\/uploads\/2025\/10\/04.-Convenio-semFYC.jpg\" alt=\"\" width=\"324\" height=\"432\" srcset=\"https:\/\/www.sigre.es\/boletin\/wp-content\/uploads\/2025\/10\/04.-Convenio-semFYC.jpg 506w, https:\/\/www.sigre.es\/boletin\/wp-content\/uploads\/2025\/10\/04.-Convenio-semFYC-225x300.jpg 225w\" sizes=\"auto, (max-width: 324px) 100vw, 324px\" \/><\/a><\/p>\n","protected":false},"excerpt":{"rendered":"<p>SIGRE y la Sociedad Espa\u00f1ola de Medicina de Familia y Comunitaria (semFYC) han firmado un convenio de colaboraci\u00f3n para fomentar el enfoque \u201cOne Health\u201d (Una sola salud) entre los m\u00e9dicos de atenci\u00f3n primaria. El objetivo principal del convenio es ofrecer informaci\u00f3n a estos profesionales sanitarios para que asesoren a sus pacientes sobre c\u00f3mo gestionar adecuadamente [&hellip;]<\/p>\n","protected":false},"author":12,"featured_media":0,"parent":10873,"menu_order":111,"comment_status":"closed","ping_status":"closed","template":"sigre-entrevista.php","meta":{"footnotes":""},"class_list":["post-10975","page","type-page","status-publish","hentry"],"_links":{"self":[{"href":"https:\/\/www.sigre.es\/boletin\/wp-json\/wp\/v2\/pages\/10975","targetHints":{"allow":["GET"]}}],"collection":[{"href":"https:\/\/www.sigre.es\/boletin\/wp-json\/wp\/v2\/pages"}],"about":[{"href":"https:\/\/www.sigre.es\/boletin\/wp-json\/wp\/v2\/types\/page"}],"author":[{"embeddable":true,"href":"https:\/\/www.sigre.es\/boletin\/wp-json\/wp\/v2\/users\/12"}],"replies":[{"embeddable":true,"href":"https:\/\/www.sigre.es\/boletin\/wp-json\/wp\/v2\/comments?post=10975"}],"version-history":[{"count":10,"href":"https:\/\/www.sigre.es\/boletin\/wp-json\/wp\/v2\/pages\/10975\/revisions"}],"predecessor-version":[{"id":11392,"href":"https:\/\/www.sigre.es\/boletin\/wp-json\/wp\/v2\/pages\/10975\/revisions\/11392"}],"up":[{"embeddable":true,"href":"https:\/\/www.sigre.es\/boletin\/wp-json\/wp\/v2\/pages\/10873"}],"wp:attachment":[{"href":"https:\/\/www.sigre.es\/boletin\/wp-json\/wp\/v2\/media?parent=10975"}],"curies":[{"name":"wp","href":"https:\/\/api.w.org\/{rel}","templated":true}]}}