{"id":10967,"date":"2025-10-08T11:00:47","date_gmt":"2025-10-08T10:00:47","guid":{"rendered":"https:\/\/www.sigre.es\/boletin\/sigre-informa-93\/sigre-responde-sistema-de-compliance-2\/"},"modified":"2025-11-06T10:47:12","modified_gmt":"2025-11-06T09:47:12","slug":"sigre-responde-sistema-de-compliance","status":"publish","type":"page","link":"https:\/\/www.sigre.es\/boletin\/sigre-informa-93\/sigre-responde-sistema-de-compliance\/","title":{"rendered":"SIGRE RESPONDE"},"content":{"rendered":"<div id=\"fb-root\"><\/div>\n<p>Miguel Vega, director general de SIGREEn SIGRE entendemos que la confianza que depositan en nosotros los distintos agentes del sector farmac\u00e9utico, las administraciones p\u00fablicas y la sociedad en general, no se sustenta con palabras, sino con hechos.<\/p>\n<p>Por ello, hemos dado un paso m\u00e1s en nuestro compromiso con la legalidad, la transparencia y la integridad, dot\u00e1ndonos de un Sistema de Prevenci\u00f3n de Riesgos Penales (SPRP) que refuerza nuestra cultura \u00e9tica y de cumplimiento normativo.<\/p>\n<p>Este SPRP nos permite identificar, evaluar y prevenir posibles actuaciones que puedan conllevar un riesgo de incumplimiento normativo. A trav\u00e9s de este marco, y fomentando una cultura de integridad entre todas los profesionales que formamos parte de SIGRE, hemos elaborado una serie de pol\u00edticas y procedimientos internos de actuaci\u00f3n que proporcionan formaci\u00f3n y canales de comunicaci\u00f3n confidenciales para facilitar la detecci\u00f3n y resoluci\u00f3n temprana de posibles incidencias.<\/p>\n<p>Este SPRP no es un mero requisito formal, sino una herramienta viva que contribuye a garantizar que todas nuestras actuaciones se desarrollen conforme a los m\u00e1s altos est\u00e1ndares legales y deontol\u00f3gicos.<\/p>\n<p>El futuro pasa por organizaciones que act\u00faan con integridad, que asumen su papel en la transformaci\u00f3n sostenible y que rinden cuentas de forma clara ante la sociedad. En SIGRE, trabajamos cada d\u00eda para ser ejemplo de ello. Porque solo desde la \u00e9tica, la sostenibilidad y la transparencia se puede construir un progreso verdaderamente responsable.<\/p>\n","protected":false},"excerpt":{"rendered":"<p>Miguel Vega, director general de SIGREEn SIGRE entendemos que la confianza que depositan en nosotros los distintos agentes del sector farmac\u00e9utico, las administraciones p\u00fablicas y la sociedad en general, no se sustenta con palabras, sino con hechos. Por ello, hemos dado un paso m\u00e1s en nuestro compromiso con la legalidad, la transparencia y la integridad, [&hellip;]<\/p>\n","protected":false},"author":12,"featured_media":0,"parent":10873,"menu_order":109,"comment_status":"closed","ping_status":"closed","template":"sigre-entrevista.php","meta":{"footnotes":""},"class_list":["post-10967","page","type-page","status-publish","hentry"],"_links":{"self":[{"href":"https:\/\/www.sigre.es\/boletin\/wp-json\/wp\/v2\/pages\/10967","targetHints":{"allow":["GET"]}}],"collection":[{"href":"https:\/\/www.sigre.es\/boletin\/wp-json\/wp\/v2\/pages"}],"about":[{"href":"https:\/\/www.sigre.es\/boletin\/wp-json\/wp\/v2\/types\/page"}],"author":[{"embeddable":true,"href":"https:\/\/www.sigre.es\/boletin\/wp-json\/wp\/v2\/users\/12"}],"replies":[{"embeddable":true,"href":"https:\/\/www.sigre.es\/boletin\/wp-json\/wp\/v2\/comments?post=10967"}],"version-history":[{"count":11,"href":"https:\/\/www.sigre.es\/boletin\/wp-json\/wp\/v2\/pages\/10967\/revisions"}],"predecessor-version":[{"id":11111,"href":"https:\/\/www.sigre.es\/boletin\/wp-json\/wp\/v2\/pages\/10967\/revisions\/11111"}],"up":[{"embeddable":true,"href":"https:\/\/www.sigre.es\/boletin\/wp-json\/wp\/v2\/pages\/10873"}],"wp:attachment":[{"href":"https:\/\/www.sigre.es\/boletin\/wp-json\/wp\/v2\/media?parent=10967"}],"curies":[{"name":"wp","href":"https:\/\/api.w.org\/{rel}","templated":true}]}}