{"id":10887,"date":"2025-10-08T09:19:37","date_gmt":"2025-10-08T08:19:37","guid":{"rendered":"https:\/\/www.sigre.es\/boletin\/sigre-informa-93\/entrevista\/"},"modified":"2025-10-15T10:04:17","modified_gmt":"2025-10-15T09:04:17","slug":"entrevista","status":"publish","type":"page","link":"https:\/\/www.sigre.es\/boletin\/sigre-informa-93\/entrevista\/","title":{"rendered":"ENTREVISTA"},"content":{"rendered":"<div id=\"fb-root\"><\/div>\n<p><strong>Desde la perspectiva de la semFYC, \u00bfc\u00f3mo se puede integrar la sostenibilidad y la protecci\u00f3n del medio ambiente en la pr\u00e1ctica cl\u00ednica diaria?<\/strong><\/p>\n<p>Es cierto que la sostenibilidad y la protecci\u00f3n del medio ambiente poco a poco se van integrando en la pr\u00e1ctica cl\u00ednica y se va ganando evidencia al respecto de aquellas pr\u00e1cticas que entra\u00f1an m\u00e1s beneficios para el medio ambiente y tambi\u00e9n para las personas. Desde la semFYC hemos tirado adelante documentos \u00abNo hacer\u00bb en salud planetaria con las recomendaciones de la gu\u00eda\u00a0<a href=\"https:\/\/www.semfyc.es\/storage\/prensa\/la-semfyc-lanza-una-guia-de-recomendaciones-sobre-salud-planetaria-pionera-en-espana\/\" target=\"_blank\" rel=\"noopener\"><em>Qu\u00e9 hacer y no hacer en Salud Planetaria<\/em><\/a>, pero tambi\u00e9n hemos contribuido a concienciar sobre el hecho que todos los f\u00e1rmacos tienen un impacto en el medioambiente: la huella de carbono de la producci\u00f3n, el almacenaje, el empaquetado, el transporte y la gesti\u00f3n de los residuos. Una de las recomendaciones hechas en esta gu\u00eda precisamente es por ejemplo que <strong>se recomienda prescribir inhaladores que no usen hidrofluorocarbonos, algo que con posterioridad tambi\u00e9n ha incorporado el Ministerio en sus recomendaciones de prescripci\u00f3n sostenible de inhaladores.<\/strong><\/p>\n<p>Adem\u00e1s, aqu\u00ed hay un componente importante que no querr\u00eda dejar pasar por alto y es la concienciaci\u00f3n y alfabetizaci\u00f3n de la ciudadan\u00eda que es clave. La sostenibilidad y la protecci\u00f3n del medio ambiente se pueden integrar en la pr\u00e1ctica cl\u00ednica diaria tambi\u00e9n a trav\u00e9s de la educaci\u00f3n y la sensibilizaci\u00f3n de nuestros pacientes sobre el uso responsable que hacen de los medicamentos, por ejemplo. Para la semFYC, la atenci\u00f3n a la salud no finaliza con la prescripci\u00f3n, sino que tambi\u00e9n es importante la correcta gesti\u00f3n de los residuos, por lo que consideramos fundamental que las y los m\u00e9dicos de familia incorporemos en la consulta mensajes sobre la importancia de depositar los medicamentos caducados, en mal estado o sobrantes en el Punto SIGRE de las farmacias. De esta forma, contribuimos a la seguridad del paciente y podemos evitar riesgos sanitarios, adem\u00e1s de reducir el impacto ambiental de los residuos farmac\u00e9uticos.<\/p>\n<p>&nbsp;<\/p>\n<p><strong>Recientemente, la semFYC ha firmado un convenio de colaboraci\u00f3n con SIGRE para impulsar el enfoque <em>One Health<\/em> en la atenci\u00f3n primaria, \u00bfqu\u00e9 supone para la semFYC la firma de este convenio y qu\u00e9 objetivos principales persigue en el \u00e1mbito de la atenci\u00f3n primaria?<\/strong><\/p>\n<p>El enfoque One Health nos recuerda que las consultas de Atenci\u00f3n Primaria son un espacio privilegiado para hacer visible que la salud humana y la del medio ambiente est\u00e1n estrechamente vinculadas. Gracias a la firma de este convenio, reafirmamos el compromiso de la semFYC con la salud de las personas y con la sostenibilidad, ya que persigue principalmente ofrecer informaci\u00f3n y formaci\u00f3n a las y los m\u00e9dicos de familia para que podamos asesorar a nuestros pacientes sobre c\u00f3mo gestionar adecuadamente los medicamentos en el hogar. De esta manera, reforzamos nuestro papel como referentes en el uso seguro de los medicamentos, a la vez que contribuimos a la protecci\u00f3n del medio ambiente. Adem\u00e1s, esta colaboraci\u00f3n est\u00e1 alineada con el Plan Estrat\u00e9gico de Salud y Medio Ambiente (PESMA) elaborado por el Ministerio de Sanidad, lo que da coherencia a la acci\u00f3n conjunta de profesionales, instituciones y ciudadan\u00eda.<\/p>\n<p>&nbsp;<\/p>\n<p><strong>Como presidenta de la semFYC, \u00bfqu\u00e9 mensaje le gustar\u00eda trasladar a la ciudadan\u00eda sobre la importancia de revisar el botiqu\u00edn dom\u00e9stico y depositar los medicamentos caducados, sobrantes o en mal estado en el Punto SIGRE?<\/strong><\/p>\n<p>Creo que es importante dar el mensaje de que es necesario que revisemos peri\u00f3dicamente el botiqu\u00edn que tenemos en casa y llevemos los medicamentos que est\u00e9n caducados, en mal estado o que ya no se necesiten al Punto SIGRE de nuestra farmacia. Sin duda, es un gesto sencillo, pero que tiene un gran impacto en la salud p\u00fablica y en el cuidado del planeta. Hacerlo puede contribuir a evitar riesgos para nuestra seguridad y, al mismo tiempo, protege el medio ambiente de la contaminaci\u00f3n que podr\u00edan generar estos residuos si no se gestionan correctamente. Con peque\u00f1os h\u00e1bitos responsables en nuestro d\u00eda a d\u00eda, como este, todas y todos podemos contribuir a una sociedad m\u00e1s saludable y sostenible.<\/p>\n","protected":false},"excerpt":{"rendered":"<p>Desde la perspectiva de la semFYC, \u00bfc\u00f3mo se puede integrar la sostenibilidad y la protecci\u00f3n del medio ambiente en la pr\u00e1ctica cl\u00ednica diaria? Es cierto que la sostenibilidad y la protecci\u00f3n del medio ambiente poco a poco se van integrando en la pr\u00e1ctica cl\u00ednica y se va ganando evidencia al respecto de aquellas pr\u00e1cticas que [&hellip;]<\/p>\n","protected":false},"author":12,"featured_media":0,"parent":10873,"menu_order":105,"comment_status":"closed","ping_status":"closed","template":"sigre-entrevista.php","meta":{"footnotes":""},"class_list":["post-10887","page","type-page","status-publish","hentry"],"_links":{"self":[{"href":"https:\/\/www.sigre.es\/boletin\/wp-json\/wp\/v2\/pages\/10887","targetHints":{"allow":["GET"]}}],"collection":[{"href":"https:\/\/www.sigre.es\/boletin\/wp-json\/wp\/v2\/pages"}],"about":[{"href":"https:\/\/www.sigre.es\/boletin\/wp-json\/wp\/v2\/types\/page"}],"author":[{"embeddable":true,"href":"https:\/\/www.sigre.es\/boletin\/wp-json\/wp\/v2\/users\/12"}],"replies":[{"embeddable":true,"href":"https:\/\/www.sigre.es\/boletin\/wp-json\/wp\/v2\/comments?post=10887"}],"version-history":[{"count":18,"href":"https:\/\/www.sigre.es\/boletin\/wp-json\/wp\/v2\/pages\/10887\/revisions"}],"predecessor-version":[{"id":11086,"href":"https:\/\/www.sigre.es\/boletin\/wp-json\/wp\/v2\/pages\/10887\/revisions\/11086"}],"up":[{"embeddable":true,"href":"https:\/\/www.sigre.es\/boletin\/wp-json\/wp\/v2\/pages\/10873"}],"wp:attachment":[{"href":"https:\/\/www.sigre.es\/boletin\/wp-json\/wp\/v2\/media?parent=10887"}],"curies":[{"name":"wp","href":"https:\/\/api.w.org\/{rel}","templated":true}]}}