{"id":10879,"date":"2025-10-08T08:41:32","date_gmt":"2025-10-08T07:41:32","guid":{"rendered":"https:\/\/www.sigre.es\/boletin\/sigre-informa-93\/tribunal-del-presidente-sigre\/"},"modified":"2025-10-15T07:39:16","modified_gmt":"2025-10-15T06:39:16","slug":"tribunal-del-presidente-sigre","status":"publish","type":"page","link":"https:\/\/www.sigre.es\/boletin\/sigre-informa-93\/tribunal-del-presidente-sigre\/","title":{"rendered":"TRIBUNA DEL PRESIDENTE DE SIGRE"},"content":{"rendered":"<div id=\"fb-root\"><\/div>\n<p>Hace un a\u00f1o por estas fechas se present\u00f3 el informe <em><a href=\"https:\/\/www.farmaindustria.es\/web\/wp-content\/uploads\/sites\/2\/2024\/10\/Informe-Sostenibilidad-ESG-2024.pdf\" target=\"_blank\" rel=\"noopener\">Sostenibilidad en cifras: impacto social y medioambiental de la industria farmac\u00e9utica<\/a><\/em>, el primero de sus caracter\u00edsticas en Espa\u00f1a.<\/p>\n<p>En este documento se analizaba el compromiso del sector con los criterios ESG (ambientales, sociales y de gobernanza), reflejando c\u00f3mo nuestra industria no solo contribuye a mejorar la salud y la calidad de vida de las personas, sino que tambi\u00e9n se encuentra profundamente comprometida en generar un impacto positivo en el \u00e1mbito social y medioambiental.<\/p>\n<p>En materia medioambiental, las compa\u00f1\u00edas farmac\u00e9uticas est\u00e1n liderando los objetivos de reducci\u00f3n de emisiones de gases de efecto invernadero. Actualmente, el 80% de las grandes compa\u00f1\u00edas\u00a0 Farmac\u00e9uticas en todo el mundo han firmado compromisos para lograr cero emisiones de gases de efecto invernadero antes de 2040, adelant\u00e1ndose as\u00ed a lo comprometido en los Acuerdos de Par\u00eds. Adem\u00e1s, el 70% de la energ\u00eda consumida en las plantas de producci\u00f3n de medicamentos de nuestro pa\u00eds tiene garant\u00eda de origen renovable.<\/p>\n<p>Aparte de estos avances, la industria farmac\u00e9utica fue pionera en Espa\u00f1a al impulsar la creaci\u00f3n de SIGRE, una entidad sin \u00e1nimo de lucro encargada de garantizar la correcta gesti\u00f3n de los\u00a0 Envases y restos de medicamentos que se generan en los hogares.<\/p>\n<p>Desde su entrada en funcionamiento en 2001, SIGRE se ha consolidado como un modelo eficiente y sostenible gracias a una estrecha colaboraci\u00f3n entre las compa\u00f1\u00edas farmac\u00e9uticas, las farmacias y las empresas de distribuci\u00f3n farmac\u00e9utica.<\/p>\n<p>Este esfuerzo conjunto de todos los actores ha convertido a SIGRE en la mayor alianza medioambiental del sector farmac\u00e9utico, siendo reconocido por el Pacto Mundial de la ONU Espa\u00f1a, en su\u00a0 informe \u201c<a href=\"https:\/\/www.pactomundial.org\/biblioteca\/el-sector-farmaceutico-y-sanitario-contribuyendo-agenda-2030\/\" target=\"_blank\" rel=\"noopener\">El sector farmac\u00e9utico y sanitario frente a los ODS<\/a>\u201d, como un ejemplo de contribuci\u00f3n compartida a los Objetivos de Desarrollo Sostenible.<\/p>\n<p>Coincidiendo con el d\u00e9cimo aniversario los ODS, adoptados en 2015 como parte de la Agenda 2030, es el momento de renovar nuestro compromiso con estos objetivos universales y con un modelo de actividad que no solo cuida la salud de las personas, sino tambi\u00e9n la del planeta.<\/p>\n<p>Este camino hacia la sostenibilidad requiere la colaboraci\u00f3n de todos. Juntos, podemos construir un futuro donde innovaci\u00f3n, sostenibilidad y bienestar avancen de la mano, asegurando un legado duradero para las generaciones futuras.<\/p>\n","protected":false},"excerpt":{"rendered":"<p>Hace un a\u00f1o por estas fechas se present\u00f3 el informe Sostenibilidad en cifras: impacto social y medioambiental de la industria farmac\u00e9utica, el primero de sus caracter\u00edsticas en Espa\u00f1a. En este documento se analizaba el compromiso del sector con los criterios ESG (ambientales, sociales y de gobernanza), reflejando c\u00f3mo nuestra industria no solo contribuye a mejorar [&hellip;]<\/p>\n","protected":false},"author":12,"featured_media":0,"parent":10873,"menu_order":107,"comment_status":"closed","ping_status":"closed","template":"sigre-entrevista.php","meta":{"footnotes":""},"class_list":["post-10879","page","type-page","status-publish","hentry"],"_links":{"self":[{"href":"https:\/\/www.sigre.es\/boletin\/wp-json\/wp\/v2\/pages\/10879","targetHints":{"allow":["GET"]}}],"collection":[{"href":"https:\/\/www.sigre.es\/boletin\/wp-json\/wp\/v2\/pages"}],"about":[{"href":"https:\/\/www.sigre.es\/boletin\/wp-json\/wp\/v2\/types\/page"}],"author":[{"embeddable":true,"href":"https:\/\/www.sigre.es\/boletin\/wp-json\/wp\/v2\/users\/12"}],"replies":[{"embeddable":true,"href":"https:\/\/www.sigre.es\/boletin\/wp-json\/wp\/v2\/comments?post=10879"}],"version-history":[{"count":7,"href":"https:\/\/www.sigre.es\/boletin\/wp-json\/wp\/v2\/pages\/10879\/revisions"}],"predecessor-version":[{"id":11088,"href":"https:\/\/www.sigre.es\/boletin\/wp-json\/wp\/v2\/pages\/10879\/revisions\/11088"}],"up":[{"embeddable":true,"href":"https:\/\/www.sigre.es\/boletin\/wp-json\/wp\/v2\/pages\/10873"}],"wp:attachment":[{"href":"https:\/\/www.sigre.es\/boletin\/wp-json\/wp\/v2\/media?parent=10879"}],"curies":[{"name":"wp","href":"https:\/\/api.w.org\/{rel}","templated":true}]}}