{"id":10724,"date":"2025-07-09T10:49:40","date_gmt":"2025-07-09T09:49:40","guid":{"rendered":"https:\/\/www.sigre.es\/boletin\/?page_id=10724"},"modified":"2025-07-09T13:50:00","modified_gmt":"2025-07-09T12:50:00","slug":"dudas-sobre-el-reciclaje","status":"publish","type":"page","link":"https:\/\/www.sigre.es\/boletin\/sigre-informa-92\/dudas-sobre-el-reciclaje\/","title":{"rendered":"DUDAS SOBRE EL RECICLAJE"},"content":{"rendered":"<div id=\"fb-root\"><\/div>\n<p>La Directiva 2001\/83\/CE, por la que se establece un c\u00f3digo comunitario sobre medicamentos de uso humano, reconoce la importancia de una correcta gesti\u00f3n ambiental de los medicamentos no utilizados o caducados que se generan en los hogares y exige a los Estados miembros que garanticen la existencia de sistemas adecuados para la recogida de estos residuos.<\/p>\n<p>De esta forma, se pretende prevenir la contaminaci\u00f3n de los ecosistemas y eliminar los riesgos para la salud de las personas derivados del uso de f\u00e1rmacos caducados o sobrantes.<\/p>\n<p>En toda Europa, millones de ciudadanos depositan cada d\u00eda los medicamentos que ya no necesitan en los sistemas de recogida espec\u00edficos que se han establecido para estos residuos, garantizando as\u00ed su correcto tratamiento medioambiental.<\/p>\n<p>La campa\u00f1a europea <a href=\"https:\/\/medsdisposal.eu\/\" target=\"_blank\" rel=\"noopener\">#MedsDisposal<\/a>, promovida por <a href=\"https:\/\/www.linkedin.com\/company\/efpia\/\" target=\"_blank\" rel=\"noopener\">EFPIA &#8211; European Federation of Pharmaceutical Industries and Associations<\/a>, la Asociaci\u00f3n de la Industria Europea del Autocuidado (AESGP), <a href=\"https:\/\/www.linkedin.com\/company\/medicines-for-europe\/\" target=\"_blank\" rel=\"noopener\">Medicines for Europe<\/a>, <a href=\"https:\/\/www.linkedin.com\/company\/epsaonline\/\" target=\"_blank\" rel=\"noopener\">EPSA &#8211; European Pharmaceutical Students&#8217;\u200b Association<\/a>, la Agrupaci\u00f3n Farmac\u00e9utica Europea (PGEU), <a href=\"https:\/\/www.linkedin.com\/company\/girp\/\" target=\"_blank\" rel=\"noopener\">GIRP &#8211; European Healthcare Distribution Association<\/a> y el Consejo de Dentistas Europeos (CED), facilita esta tarea reuniendo informaci\u00f3n sobre los sistemas de gesti\u00f3n que existen actualmente en Europa.<\/p>\n<p>En Espa\u00f1a, desde hace 24 a\u00f1os, todos los ciudadanos disponen de un sistema c\u00f3modo y seguro para desprenderse de estos residuos a trav\u00e9s del Punto SIGRE de las farmacias, logrando que el h\u00e1bito de reciclar los medicamentos y sus envases se encuentre plenamente implantado en la mayor\u00eda de los hogares.<\/p>\n<p><a href=\"https:\/\/www.sigre.es\/boletin\/wp-content\/uploads\/2025\/07\/Medsdisposal.png\"><img loading=\"lazy\" decoding=\"async\" class=\"aligncenter  wp-image-10784\" src=\"https:\/\/www.sigre.es\/boletin\/wp-content\/uploads\/2025\/07\/Medsdisposal-300x156.png\" alt=\"\" width=\"467\" height=\"243\" srcset=\"https:\/\/www.sigre.es\/boletin\/wp-content\/uploads\/2025\/07\/Medsdisposal-300x156.png 300w, https:\/\/www.sigre.es\/boletin\/wp-content\/uploads\/2025\/07\/Medsdisposal-1024x534.png 1024w, https:\/\/www.sigre.es\/boletin\/wp-content\/uploads\/2025\/07\/Medsdisposal-768x400.png 768w, https:\/\/www.sigre.es\/boletin\/wp-content\/uploads\/2025\/07\/Medsdisposal.png 1212w\" sizes=\"auto, (max-width: 467px) 100vw, 467px\" \/><\/a><\/p>\n<p>&nbsp;<\/p>\n","protected":false},"excerpt":{"rendered":"<p>La Directiva 2001\/83\/CE, por la que se establece un c\u00f3digo comunitario sobre medicamentos de uso humano, reconoce la importancia de una correcta gesti\u00f3n ambiental de los medicamentos no utilizados o caducados que se generan en los hogares y exige a los Estados miembros que garanticen la existencia de sistemas adecuados para la recogida de estos [&hellip;]<\/p>\n","protected":false},"author":12,"featured_media":0,"parent":10671,"menu_order":126,"comment_status":"closed","ping_status":"closed","template":"sigre-entrevista.php","meta":{"footnotes":""},"class_list":["post-10724","page","type-page","status-publish","hentry"],"_links":{"self":[{"href":"https:\/\/www.sigre.es\/boletin\/wp-json\/wp\/v2\/pages\/10724","targetHints":{"allow":["GET"]}}],"collection":[{"href":"https:\/\/www.sigre.es\/boletin\/wp-json\/wp\/v2\/pages"}],"about":[{"href":"https:\/\/www.sigre.es\/boletin\/wp-json\/wp\/v2\/types\/page"}],"author":[{"embeddable":true,"href":"https:\/\/www.sigre.es\/boletin\/wp-json\/wp\/v2\/users\/12"}],"replies":[{"embeddable":true,"href":"https:\/\/www.sigre.es\/boletin\/wp-json\/wp\/v2\/comments?post=10724"}],"version-history":[{"count":6,"href":"https:\/\/www.sigre.es\/boletin\/wp-json\/wp\/v2\/pages\/10724\/revisions"}],"predecessor-version":[{"id":10785,"href":"https:\/\/www.sigre.es\/boletin\/wp-json\/wp\/v2\/pages\/10724\/revisions\/10785"}],"up":[{"embeddable":true,"href":"https:\/\/www.sigre.es\/boletin\/wp-json\/wp\/v2\/pages\/10671"}],"wp:attachment":[{"href":"https:\/\/www.sigre.es\/boletin\/wp-json\/wp\/v2\/media?parent=10724"}],"curies":[{"name":"wp","href":"https:\/\/api.w.org\/{rel}","templated":true}]}}