{"id":10711,"date":"2025-07-09T10:36:50","date_gmt":"2025-07-09T09:36:50","guid":{"rendered":"https:\/\/www.sigre.es\/boletin\/?page_id=10711"},"modified":"2025-07-09T13:56:19","modified_gmt":"2025-07-09T12:56:19","slug":"dia-mundial-del-medio-ambiente","status":"publish","type":"page","link":"https:\/\/www.sigre.es\/boletin\/sigre-informa-92\/dia-mundial-del-medio-ambiente\/","title":{"rendered":"SENSIBILIZACI\u00d3N"},"content":{"rendered":"<div id=\"fb-root\"><\/div>\n<p>El pasado 5 de junio se conmemor\u00f3 el D\u00eda Mundial del Medio Ambiente, fecha elegida por Naciones Unidas para resaltar la importancia de la concienciaci\u00f3n de personas, empresas y comunidades en la protecci\u00f3n de nuestro planeta.<\/p>\n<p>SIGRE se uni\u00f3 a esta celebraci\u00f3n a trav\u00e9s de la publicaci\u00f3n de una nota de prensa en la que se recordaba que el sencillo gesto de depositar en el Punto SIGRE los medicamentos caducados, en mal estado o que ya no se necesitan, es una forma sencilla de cuidar del medioambiente y de nuestra propia salud.<\/p>\n<p>Tambi\u00e9n se hac\u00eda p\u00fablico que, en 2024, el reciclaje de medicamentos aument\u00f3 en Espa\u00f1a un 4,3 % respecto a 2023.<\/p>\n<p><a href=\"https:\/\/www.sigre.es\/boletin\/wp-content\/uploads\/2025\/07\/DM-Medio-Ambiente-3.jpg\"><img loading=\"lazy\" decoding=\"async\" class=\" wp-image-10713 aligncenter\" src=\"https:\/\/www.sigre.es\/boletin\/wp-content\/uploads\/2025\/07\/DM-Medio-Ambiente-3-300x169.jpg\" alt=\"\" width=\"547\" height=\"308\" srcset=\"https:\/\/www.sigre.es\/boletin\/wp-content\/uploads\/2025\/07\/DM-Medio-Ambiente-3-300x169.jpg 300w, https:\/\/www.sigre.es\/boletin\/wp-content\/uploads\/2025\/07\/DM-Medio-Ambiente-3-1024x576.jpg 1024w, https:\/\/www.sigre.es\/boletin\/wp-content\/uploads\/2025\/07\/DM-Medio-Ambiente-3-768x432.jpg 768w, https:\/\/www.sigre.es\/boletin\/wp-content\/uploads\/2025\/07\/DM-Medio-Ambiente-3-1536x864.jpg 1536w, https:\/\/www.sigre.es\/boletin\/wp-content\/uploads\/2025\/07\/DM-Medio-Ambiente-3.jpg 1600w\" sizes=\"auto, (max-width: 547px) 100vw, 547px\" \/><\/a><\/p>\n<p>Otra de las acciones de divulgaci\u00f3n fue la celebraci\u00f3n de sesiones formativas dirigidas a los distintos agentes del sector farmac\u00e9utico. As\u00ed, se organizaron con las compa\u00f1\u00edas farmac\u00e9uticas Lilly y Aristo Pharma distintas ponencias para explicar a sus empleados la importancia de la econom\u00eda circular y el papel crucial que la industria farmac\u00e9utica desempe\u00f1a en el Sistema SIGRE.<\/p>\n<p><a href=\"https:\/\/www.sigre.es\/boletin\/wp-content\/uploads\/2025\/07\/DM-Medio-Ambiente-2-scaled.jpg\"><img loading=\"lazy\" decoding=\"async\" class=\" wp-image-10714 aligncenter\" src=\"https:\/\/www.sigre.es\/boletin\/wp-content\/uploads\/2025\/07\/DM-Medio-Ambiente-2-300x225.jpg\" alt=\"\" width=\"459\" height=\"344\" srcset=\"https:\/\/www.sigre.es\/boletin\/wp-content\/uploads\/2025\/07\/DM-Medio-Ambiente-2-300x225.jpg 300w, https:\/\/www.sigre.es\/boletin\/wp-content\/uploads\/2025\/07\/DM-Medio-Ambiente-2-1024x768.jpg 1024w, https:\/\/www.sigre.es\/boletin\/wp-content\/uploads\/2025\/07\/DM-Medio-Ambiente-2-768x576.jpg 768w, https:\/\/www.sigre.es\/boletin\/wp-content\/uploads\/2025\/07\/DM-Medio-Ambiente-2-1536x1152.jpg 1536w, https:\/\/www.sigre.es\/boletin\/wp-content\/uploads\/2025\/07\/DM-Medio-Ambiente-2-2048x1536.jpg 2048w\" sizes=\"auto, (max-width: 459px) 100vw, 459px\" \/><\/a><\/p>\n<p>Por \u00faltimo, conscientes de la importancia de la comunicaci\u00f3n digital,\u00a0a trav\u00e9s de nuestros perfiles sociales se respald\u00f3 la celebraci\u00f3n de este D\u00eda Mundial tan importante para la salud global.<\/p>\n<p><a href=\"https:\/\/www.sigre.es\/boletin\/wp-content\/uploads\/2025\/07\/DM-Medio-Ambiente-1.jpg\"><img loading=\"lazy\" decoding=\"async\" class=\" wp-image-10712 aligncenter\" src=\"https:\/\/www.sigre.es\/boletin\/wp-content\/uploads\/2025\/07\/DM-Medio-Ambiente-1-300x169.jpg\" alt=\"\" width=\"573\" height=\"323\" srcset=\"https:\/\/www.sigre.es\/boletin\/wp-content\/uploads\/2025\/07\/DM-Medio-Ambiente-1-300x169.jpg 300w, https:\/\/www.sigre.es\/boletin\/wp-content\/uploads\/2025\/07\/DM-Medio-Ambiente-1-1024x576.jpg 1024w, https:\/\/www.sigre.es\/boletin\/wp-content\/uploads\/2025\/07\/DM-Medio-Ambiente-1-768x432.jpg 768w, https:\/\/www.sigre.es\/boletin\/wp-content\/uploads\/2025\/07\/DM-Medio-Ambiente-1.jpg 1200w\" sizes=\"auto, (max-width: 573px) 100vw, 573px\" \/><\/a><\/p>\n","protected":false},"excerpt":{"rendered":"<p>El pasado 5 de junio se conmemor\u00f3 el D\u00eda Mundial del Medio Ambiente, fecha elegida por Naciones Unidas para resaltar la importancia de la concienciaci\u00f3n de personas, empresas y comunidades en la protecci\u00f3n de nuestro planeta. SIGRE se uni\u00f3 a esta celebraci\u00f3n a trav\u00e9s de la publicaci\u00f3n de una nota de prensa en la que [&hellip;]<\/p>\n","protected":false},"author":12,"featured_media":0,"parent":10671,"menu_order":124,"comment_status":"closed","ping_status":"closed","template":"sigre-entrevista.php","meta":{"footnotes":""},"class_list":["post-10711","page","type-page","status-publish","hentry"],"_links":{"self":[{"href":"https:\/\/www.sigre.es\/boletin\/wp-json\/wp\/v2\/pages\/10711","targetHints":{"allow":["GET"]}}],"collection":[{"href":"https:\/\/www.sigre.es\/boletin\/wp-json\/wp\/v2\/pages"}],"about":[{"href":"https:\/\/www.sigre.es\/boletin\/wp-json\/wp\/v2\/types\/page"}],"author":[{"embeddable":true,"href":"https:\/\/www.sigre.es\/boletin\/wp-json\/wp\/v2\/users\/12"}],"replies":[{"embeddable":true,"href":"https:\/\/www.sigre.es\/boletin\/wp-json\/wp\/v2\/comments?post=10711"}],"version-history":[{"count":10,"href":"https:\/\/www.sigre.es\/boletin\/wp-json\/wp\/v2\/pages\/10711\/revisions"}],"predecessor-version":[{"id":10797,"href":"https:\/\/www.sigre.es\/boletin\/wp-json\/wp\/v2\/pages\/10711\/revisions\/10797"}],"up":[{"embeddable":true,"href":"https:\/\/www.sigre.es\/boletin\/wp-json\/wp\/v2\/pages\/10671"}],"wp:attachment":[{"href":"https:\/\/www.sigre.es\/boletin\/wp-json\/wp\/v2\/media?parent=10711"}],"curies":[{"name":"wp","href":"https:\/\/api.w.org\/{rel}","templated":true}]}}