{"id":10702,"date":"2025-07-09T10:17:31","date_gmt":"2025-07-09T09:17:31","guid":{"rendered":"https:\/\/www.sigre.es\/boletin\/?page_id=10702"},"modified":"2025-07-09T13:54:11","modified_gmt":"2025-07-09T12:54:11","slug":"becas-periodismo-efe-y-apia-la-vanguardia","status":"publish","type":"page","link":"https:\/\/www.sigre.es\/boletin\/sigre-informa-92\/becas-periodismo-efe-y-apia-la-vanguardia\/","title":{"rendered":"FORMACI\u00d3N"},"content":{"rendered":"<div id=\"fb-root\"><\/div>\n<p>El pasado 22 de abril, el director general de SIGRE, Miguel Vega, y el presidente de EFE, Miguel \u00c1ngel Oliver, aprobaron la convocatoria de la XII beca SIGRE-EFE de periodismo ambiental.<\/p>\n<p>Gracias a esta beca, Julen Suescun Azparren, alumno de cuarto curso de Grado en Periodismo de la Universidad Complutense de Madrid, se incorporar\u00e1 al departamento de EFE Verde, el \u00e1rea de difusi\u00f3n de informaci\u00f3n ambiental de la Agencia EFE, donde se formar\u00e1 en temas que abarcan la p\u00e9rdida de biodiversidad, la crisis clim\u00e1tica, la econom\u00eda circular, la degradaci\u00f3n de los oc\u00e9anos, las especies ex\u00f3ticas invasoras o la gesti\u00f3n de los residuos, entre otros.<\/p>\n<p>En este mismo \u00e1mbito, SIGRE, la Asociaci\u00f3n de Periodistas de Informaci\u00f3n Ambiental (APIA) y La Vanguardia han renovado su convenio de colaboraci\u00f3n para fomentar la especializaci\u00f3n de profesionales de la informaci\u00f3n en el periodismo medioambiental. A trav\u00e9s del mismo, Samuel Guerrero, estudiante del grado de Periodismo en la Universidad San Jorge, podr\u00e1 disfrutar de una beca de estudios para la realizaci\u00f3n de pr\u00e1cticas en la secci\u00f3n de medio ambiente de La Vanguardia<\/p>\n<p>Con estas iniciativas, SIGRE quiere apoyar la formaci\u00f3n de los futuros profesionales en la independencia y objetividad de los contenidos informativos, contribuyendo a aumentar la calidad y el rigor de las informaciones relacionadas con el medioambiente.<\/p>\n<div id=\"attachment_10703\" style=\"width: 547px\" class=\"wp-caption aligncenter\"><a href=\"https:\/\/www.sigre.es\/boletin\/wp-content\/uploads\/2025\/07\/Becas-periodismo.jpg\"><img loading=\"lazy\" decoding=\"async\" aria-describedby=\"caption-attachment-10703\" class=\"wp-image-10703 \" src=\"https:\/\/www.sigre.es\/boletin\/wp-content\/uploads\/2025\/07\/Becas-periodismo-300x200.jpg\" alt=\"(De izqda. a dcha.) El director de EFE Verde, Arturo Larena, el director general de SIGRE, Miguel Vega, el presidente de EFE, Miguel \u00c1ngel Oliver, el director de Comunicaci\u00f3n y Sostenibilidad de SIGRE, Mario Zarzuela, y el director de la Escuela de Periodismo de EFE, Carlos Gosch, tras la firma de la renovaci\u00f3n del programa de becas que, sobre periodismo ambiental y transici\u00f3n ecol\u00f3gica, desarrollan ambas entidades y que cumple su d\u00e9cimo segunda edici\u00f3n consecutiva. \" width=\"537\" height=\"358\" srcset=\"https:\/\/www.sigre.es\/boletin\/wp-content\/uploads\/2025\/07\/Becas-periodismo-300x200.jpg 300w, https:\/\/www.sigre.es\/boletin\/wp-content\/uploads\/2025\/07\/Becas-periodismo.jpg 640w\" sizes=\"auto, (max-width: 537px) 100vw, 537px\" \/><\/a><p id=\"caption-attachment-10703\" class=\"wp-caption-text\">(De izqda. a dcha.) El director de EFE Verde, Arturo Larena, el director general de SIGRE, Miguel Vega, el presidente de EFE, Miguel \u00c1ngel Oliver, el director de Comunicaci\u00f3n y Sostenibilidad de SIGRE, Mario Zarzuela, y el director de la Escuela de Periodismo de EFE, Carlos Gosch, tras la firma de la renovaci\u00f3n del programa de becas que, sobre periodismo ambiental y transici\u00f3n ecol\u00f3gica, desarrollan ambas entidades y que cumple su d\u00e9cimo segunda edici\u00f3n consecutiva<\/p><\/div>\n","protected":false},"excerpt":{"rendered":"<p>El pasado 22 de abril, el director general de SIGRE, Miguel Vega, y el presidente de EFE, Miguel \u00c1ngel Oliver, aprobaron la convocatoria de la XII beca SIGRE-EFE de periodismo ambiental. Gracias a esta beca, Julen Suescun Azparren, alumno de cuarto curso de Grado en Periodismo de la Universidad Complutense de Madrid, se incorporar\u00e1 al [&hellip;]<\/p>\n","protected":false},"author":12,"featured_media":0,"parent":10671,"menu_order":122,"comment_status":"closed","ping_status":"closed","template":"sigre-entrevista.php","meta":{"footnotes":""},"class_list":["post-10702","page","type-page","status-publish","hentry"],"_links":{"self":[{"href":"https:\/\/www.sigre.es\/boletin\/wp-json\/wp\/v2\/pages\/10702","targetHints":{"allow":["GET"]}}],"collection":[{"href":"https:\/\/www.sigre.es\/boletin\/wp-json\/wp\/v2\/pages"}],"about":[{"href":"https:\/\/www.sigre.es\/boletin\/wp-json\/wp\/v2\/types\/page"}],"author":[{"embeddable":true,"href":"https:\/\/www.sigre.es\/boletin\/wp-json\/wp\/v2\/users\/12"}],"replies":[{"embeddable":true,"href":"https:\/\/www.sigre.es\/boletin\/wp-json\/wp\/v2\/comments?post=10702"}],"version-history":[{"count":7,"href":"https:\/\/www.sigre.es\/boletin\/wp-json\/wp\/v2\/pages\/10702\/revisions"}],"predecessor-version":[{"id":10794,"href":"https:\/\/www.sigre.es\/boletin\/wp-json\/wp\/v2\/pages\/10702\/revisions\/10794"}],"up":[{"embeddable":true,"href":"https:\/\/www.sigre.es\/boletin\/wp-json\/wp\/v2\/pages\/10671"}],"wp:attachment":[{"href":"https:\/\/www.sigre.es\/boletin\/wp-json\/wp\/v2\/media?parent=10702"}],"curies":[{"name":"wp","href":"https:\/\/api.w.org\/{rel}","templated":true}]}}