{"id":10691,"date":"2025-07-09T10:11:23","date_gmt":"2025-07-09T09:11:23","guid":{"rendered":"https:\/\/www.sigre.es\/boletin\/?page_id=10691"},"modified":"2025-07-09T13:54:00","modified_gmt":"2025-07-09T12:54:00","slug":"encuentro-industriasigre-2025","status":"publish","type":"page","link":"https:\/\/www.sigre.es\/boletin\/sigre-informa-92\/encuentro-industriasigre-2025\/","title":{"rendered":"TRANSPARENCIA"},"content":{"rendered":"<div id=\"fb-root\"><\/div>\n<p>Los d\u00edas 17 y 19 de junio, en Madrid y Barcelona respectivamente, se celebr\u00f3 una nueva edici\u00f3n del Encuentro Industria+SIGRE, en el que participaron m\u00e1s de 100 representantes de compa\u00f1\u00edas farmac\u00e9uticas.<\/p>\n<p>A lo largo del Encuentro, adem\u00e1s de hacer un repaso de los resultados alcanzados por SIGRE y analizar los retos futuros, se evaluaron los logros obtenidos en el primer a\u00f1o del Plan Empresarial de Prevenci\u00f3n y Ecodise\u00f1o (PEPE) de envases del sector farmac\u00e9utico 2024-2028, y se abordaron otros temas de alto inter\u00e9s para los laboratorios como el nuevo reglamento europeo de envases, la sostenibilidad ambiental en el entorno hospitalario, algunos ejemplos de medidas de prevenci\u00f3n aplicadas recientemente por los laboratorios o la responsabilidad social corporativa en la industria farmac\u00e9utica.<\/p>\n<p>M\u00e1s informaci\u00f3n sobre el EIS 2025 <a href=\"https:\/\/www.linkedin.com\/feed\/update\/urn:li:ugcPost:7341770168756285441\/?actorCompanyId=305603\" target=\"_blank\" rel=\"noopener\">aqu\u00ed<\/a>.<\/p>\n<div id=\"attachment_10692\" style=\"width: 499px\" class=\"wp-caption aligncenter\"><a href=\"https:\/\/www.sigre.es\/boletin\/wp-content\/uploads\/2025\/07\/EIS-Madrid.jpg\"><img loading=\"lazy\" decoding=\"async\" aria-describedby=\"caption-attachment-10692\" class=\"wp-image-10692 \" src=\"https:\/\/www.sigre.es\/boletin\/wp-content\/uploads\/2025\/07\/EIS-Madrid-300x225.jpg\" alt=\"Encuentro Industria+SIGRE 2025 en Madrid\" width=\"489\" height=\"367\" srcset=\"https:\/\/www.sigre.es\/boletin\/wp-content\/uploads\/2025\/07\/EIS-Madrid-300x225.jpg 300w, https:\/\/www.sigre.es\/boletin\/wp-content\/uploads\/2025\/07\/EIS-Madrid-1024x768.jpg 1024w, https:\/\/www.sigre.es\/boletin\/wp-content\/uploads\/2025\/07\/EIS-Madrid-768x576.jpg 768w, https:\/\/www.sigre.es\/boletin\/wp-content\/uploads\/2025\/07\/EIS-Madrid-1536x1152.jpg 1536w, https:\/\/www.sigre.es\/boletin\/wp-content\/uploads\/2025\/07\/EIS-Madrid.jpg 2048w\" sizes=\"auto, (max-width: 489px) 100vw, 489px\" \/><\/a><p id=\"caption-attachment-10692\" class=\"wp-caption-text\">Encuentro Industria+SIGRE 2025 en Madrid<\/p><\/div>\n<p>&nbsp;<\/p>\n<div id=\"attachment_10693\" style=\"width: 410px\" class=\"wp-caption aligncenter\"><a href=\"https:\/\/www.sigre.es\/boletin\/wp-content\/uploads\/2025\/07\/EIS-Barcelona.jpg\"><img loading=\"lazy\" decoding=\"async\" aria-describedby=\"caption-attachment-10693\" class=\"wp-image-10693 \" src=\"https:\/\/www.sigre.es\/boletin\/wp-content\/uploads\/2025\/07\/EIS-Barcelona-300x225.jpg\" alt=\"(De izqda. a dcha.) El director de la Ag\u00e8ncia de Residus de Catalunya, Albert Planell, y Miguel Vega, director general de SIGRE, en la inauguraci\u00f3n en la edici\u00f3n de Barcelona.\" width=\"400\" height=\"300\" srcset=\"https:\/\/www.sigre.es\/boletin\/wp-content\/uploads\/2025\/07\/EIS-Barcelona-300x225.jpg 300w, https:\/\/www.sigre.es\/boletin\/wp-content\/uploads\/2025\/07\/EIS-Barcelona-1024x768.jpg 1024w, https:\/\/www.sigre.es\/boletin\/wp-content\/uploads\/2025\/07\/EIS-Barcelona-768x576.jpg 768w, https:\/\/www.sigre.es\/boletin\/wp-content\/uploads\/2025\/07\/EIS-Barcelona-1536x1152.jpg 1536w, https:\/\/www.sigre.es\/boletin\/wp-content\/uploads\/2025\/07\/EIS-Barcelona.jpg 2048w\" sizes=\"auto, (max-width: 400px) 100vw, 400px\" \/><\/a><p id=\"caption-attachment-10693\" class=\"wp-caption-text\">(De izqda. a dcha.) El director de la Ag\u00e8ncia de Residus de Catalunya, Albert Planell, y Miguel Vega, director general de SIGRE, en la inauguraci\u00f3n en la edici\u00f3n de Barcelona<\/p><\/div>\n","protected":false},"excerpt":{"rendered":"<p>Los d\u00edas 17 y 19 de junio, en Madrid y Barcelona respectivamente, se celebr\u00f3 una nueva edici\u00f3n del Encuentro Industria+SIGRE, en el que participaron m\u00e1s de 100 representantes de compa\u00f1\u00edas farmac\u00e9uticas. A lo largo del Encuentro, adem\u00e1s de hacer un repaso de los resultados alcanzados por SIGRE y analizar los retos futuros, se evaluaron los [&hellip;]<\/p>\n","protected":false},"author":12,"featured_media":0,"parent":10671,"menu_order":120,"comment_status":"closed","ping_status":"closed","template":"sigre-entrevista.php","meta":{"footnotes":""},"class_list":["post-10691","page","type-page","status-publish","hentry"],"_links":{"self":[{"href":"https:\/\/www.sigre.es\/boletin\/wp-json\/wp\/v2\/pages\/10691","targetHints":{"allow":["GET"]}}],"collection":[{"href":"https:\/\/www.sigre.es\/boletin\/wp-json\/wp\/v2\/pages"}],"about":[{"href":"https:\/\/www.sigre.es\/boletin\/wp-json\/wp\/v2\/types\/page"}],"author":[{"embeddable":true,"href":"https:\/\/www.sigre.es\/boletin\/wp-json\/wp\/v2\/users\/12"}],"replies":[{"embeddable":true,"href":"https:\/\/www.sigre.es\/boletin\/wp-json\/wp\/v2\/comments?post=10691"}],"version-history":[{"count":7,"href":"https:\/\/www.sigre.es\/boletin\/wp-json\/wp\/v2\/pages\/10691\/revisions"}],"predecessor-version":[{"id":10793,"href":"https:\/\/www.sigre.es\/boletin\/wp-json\/wp\/v2\/pages\/10691\/revisions\/10793"}],"up":[{"embeddable":true,"href":"https:\/\/www.sigre.es\/boletin\/wp-json\/wp\/v2\/pages\/10671"}],"wp:attachment":[{"href":"https:\/\/www.sigre.es\/boletin\/wp-json\/wp\/v2\/media?parent=10691"}],"curies":[{"name":"wp","href":"https:\/\/api.w.org\/{rel}","templated":true}]}}