{"id":10686,"date":"2025-07-09T10:03:50","date_gmt":"2025-07-09T09:03:50","guid":{"rendered":"https:\/\/www.sigre.es\/boletin\/?page_id=10686"},"modified":"2025-07-10T09:06:16","modified_gmt":"2025-07-10T08:06:16","slug":"sigre-responde","status":"publish","type":"page","link":"https:\/\/www.sigre.es\/boletin\/sigre-informa-92\/sigre-responde\/","title":{"rendered":"SIGRE RESPONDE"},"content":{"rendered":"<div id=\"fb-root\"><\/div>\n<p>El ciudadano es el principal protagonista de la actividad de SIGRE. Gracias a su colaboraci\u00f3n, es posible cerrar adecuadamente el ciclo de vida del medicamento, promoviendo la econom\u00eda circular a trav\u00e9s del reciclaje de los materiales de sus envases y la eliminaci\u00f3n de los restos de medicaci\u00f3n mediante su valorizaci\u00f3n energ\u00e9tica.<\/p>\n<p>Un buen ejemplo de la positiva evoluci\u00f3n que est\u00e1 experimentando esta colaboraci\u00f3n es que, el pasado a\u00f1o, la recogida selectiva de envases vac\u00edos o con restos de medicamentos, a trav\u00e9s de los m\u00e1s de 22.200 Puntos SIGRE presentes en las farmacias de toda Espa\u00f1a, experiment\u00f3 un crecimiento del 4,3 % respecto a 2023.<\/p>\n<p>Este incremento refrenda los datos obtenidos en el \u00faltimo sondeo de opini\u00f3n, que revelan el alto grado de concienciaci\u00f3n que existe en nuestra sociedad hacia el reciclado de estos residuos, hasta el punto de que se ha convertido en uno de los h\u00e1bitos ambientales m\u00e1s implantado en los hogares espa\u00f1oles, como lo demuestran los siguientes datos:<\/p>\n<p><a href=\"https:\/\/www.sigre.es\/boletin\/wp-content\/uploads\/2025\/07\/Concienciacion-ciudadana-datos-2024-scaled.jpg\"><img loading=\"lazy\" decoding=\"async\" class=\"aligncenter wp-image-10803 \" src=\"https:\/\/www.sigre.es\/boletin\/wp-content\/uploads\/2025\/07\/Concienciacion-ciudadana-datos-2024-1024x576.jpg\" alt=\"\" width=\"601\" height=\"338\" srcset=\"https:\/\/www.sigre.es\/boletin\/wp-content\/uploads\/2025\/07\/Concienciacion-ciudadana-datos-2024-1024x576.jpg 1024w, https:\/\/www.sigre.es\/boletin\/wp-content\/uploads\/2025\/07\/Concienciacion-ciudadana-datos-2024-300x169.jpg 300w, https:\/\/www.sigre.es\/boletin\/wp-content\/uploads\/2025\/07\/Concienciacion-ciudadana-datos-2024-768x432.jpg 768w, https:\/\/www.sigre.es\/boletin\/wp-content\/uploads\/2025\/07\/Concienciacion-ciudadana-datos-2024-1536x864.jpg 1536w, https:\/\/www.sigre.es\/boletin\/wp-content\/uploads\/2025\/07\/Concienciacion-ciudadana-datos-2024-2048x1152.jpg 2048w\" sizes=\"auto, (max-width: 601px) 100vw, 601px\" \/><\/a><\/p>\n","protected":false},"excerpt":{"rendered":"<p>El ciudadano es el principal protagonista de la actividad de SIGRE. Gracias a su colaboraci\u00f3n, es posible cerrar adecuadamente el ciclo de vida del medicamento, promoviendo la econom\u00eda circular a trav\u00e9s del reciclaje de los materiales de sus envases y la eliminaci\u00f3n de los restos de medicaci\u00f3n mediante su valorizaci\u00f3n energ\u00e9tica. Un buen ejemplo de [&hellip;]<\/p>\n","protected":false},"author":12,"featured_media":0,"parent":10671,"menu_order":119,"comment_status":"closed","ping_status":"closed","template":"sigre-responde.php","meta":{"footnotes":""},"class_list":["post-10686","page","type-page","status-publish","hentry"],"_links":{"self":[{"href":"https:\/\/www.sigre.es\/boletin\/wp-json\/wp\/v2\/pages\/10686","targetHints":{"allow":["GET"]}}],"collection":[{"href":"https:\/\/www.sigre.es\/boletin\/wp-json\/wp\/v2\/pages"}],"about":[{"href":"https:\/\/www.sigre.es\/boletin\/wp-json\/wp\/v2\/types\/page"}],"author":[{"embeddable":true,"href":"https:\/\/www.sigre.es\/boletin\/wp-json\/wp\/v2\/users\/12"}],"replies":[{"embeddable":true,"href":"https:\/\/www.sigre.es\/boletin\/wp-json\/wp\/v2\/comments?post=10686"}],"version-history":[{"count":9,"href":"https:\/\/www.sigre.es\/boletin\/wp-json\/wp\/v2\/pages\/10686\/revisions"}],"predecessor-version":[{"id":10804,"href":"https:\/\/www.sigre.es\/boletin\/wp-json\/wp\/v2\/pages\/10686\/revisions\/10804"}],"up":[{"embeddable":true,"href":"https:\/\/www.sigre.es\/boletin\/wp-json\/wp\/v2\/pages\/10671"}],"wp:attachment":[{"href":"https:\/\/www.sigre.es\/boletin\/wp-json\/wp\/v2\/media?parent=10686"}],"curies":[{"name":"wp","href":"https:\/\/api.w.org\/{rel}","templated":true}]}}