{"id":10680,"date":"2025-07-09T09:54:41","date_gmt":"2025-07-09T08:54:41","guid":{"rendered":"https:\/\/www.sigre.es\/boletin\/?page_id=10680"},"modified":"2025-07-09T12:17:05","modified_gmt":"2025-07-09T11:17:05","slug":"tribuna-del-presidente-de-sigre","status":"publish","type":"page","link":"https:\/\/www.sigre.es\/boletin\/sigre-informa-92\/tribuna-del-presidente-de-sigre\/","title":{"rendered":"TRIBUNA DEL PRESIDENTE DE SIGRE"},"content":{"rendered":"<div id=\"fb-root\"><\/div>\n<p>La reciente publicaci\u00f3n del Plan Nacional frente a la Resistencia a los Antibi\u00f3ticos (PRAN) 2025-2027 por parte de la Agencia Espa\u00f1ola de Medicamentos y Productos Sanitarios (AEMPS), supone un nuevo paso en la consolidaci\u00f3n del enfoque One Health como eje estrat\u00e9gico de las pol\u00edticas p\u00fablicas de salud.<\/p>\n<p>Este enfoque reconoce que la salud de las personas, la salud animal y la salud ambiental est\u00e1n \u00edntimamente conectadas y que los retos sanitarios globales \u2014como la resistencia antimicrobiana\u2014 solo pueden abordarse desde una acci\u00f3n coordinada entre todos los agentes implicados.<\/p>\n<p>En este contexto, es especialmente significativo que el PRAN 2025-2027 reconozca la labor que desarrolla SIGRE como herramienta eficaz para prevenir el impacto ambiental derivado de los residuos de medicamentos de origen domiciliario. Esta menci\u00f3n no es solo un reconocimiento institucional, sino tambi\u00e9n una llamada a la acci\u00f3n para seguir avanzando en la implicaci\u00f3n del sector farmac\u00e9utico en la protecci\u00f3n de la salud p\u00fablica y del medioambiente.<\/p>\n<p>Ante esta realidad, la industria farmac\u00e9utica viene mostrando su compromiso en la lucha contra las resistencias bacterianas, no solo a trav\u00e9s de su important\u00edsima contribuci\u00f3n a la investigaci\u00f3n de nuevos antibi\u00f3ticos y su buen uso, sino tambi\u00e9n impulsando medidas que, bajo este enfoque de Una sola salud, permitan abordar esta lucha desde una triple perspectiva: salud, medioambiente y sensibilizaci\u00f3n.<\/p>\n<p>Para ello, en el plano de la salud, SIGRE fomenta la revisi\u00f3n peri\u00f3dica de los botiquines dom\u00e9sticos. Es fundamental que, una vez finalizado un tratamiento, los medicamentos que puedan sobrar y sus envases se lleven a la farmacia y se depositen en el Punto SIGRE, reduciendo as\u00ed la tentaci\u00f3n de una automedicaci\u00f3n incontrolada, un aspecto clave en el uso correcto de los antibi\u00f3ticos.<\/p>\n<p>En el \u00e1mbito del medioambiente, SIGRE gestiona la recogida y el tratamiento de los restos de antibi\u00f3ticos depositados en los contenedores de las farmacias, evitando as\u00ed la contaminaci\u00f3n de los r\u00edos y suelos que se producir\u00eda si los tir\u00e1ramos a la basura o por el desag\u00fce.<\/p>\n<p>Un tercer factor clave de la contribuci\u00f3n de SIGRE a la lucha contra este importante problema sanitario es la sensibilizaci\u00f3n social. Ejemplo de ello es la acci\u00f3n de comunicaci\u00f3n prevista en este nuevo PRAN y consistente en la realizaci\u00f3n de campa\u00f1as espec\u00edficas para difundir la importancia de depositar los excedentes de antibi\u00f3ticos en los Puntos SIGRE.<\/p>\n<p>La colaboraci\u00f3n de todos es imprescindible si queremos alcanzar los objetivos previstos en el PRAN. Por eso, desde SIGRE continuaremos trabajando para ofrecer soluciones que integren salud y medioambiente, demostrando el compromiso del sector farmac\u00e9utico en la construcci\u00f3n de un futuro m\u00e1s saludable y sostenible para todos.<\/p>\n","protected":false},"excerpt":{"rendered":"<p>La reciente publicaci\u00f3n del Plan Nacional frente a la Resistencia a los Antibi\u00f3ticos (PRAN) 2025-2027 por parte de la Agencia Espa\u00f1ola de Medicamentos y Productos Sanitarios (AEMPS), supone un nuevo paso en la consolidaci\u00f3n del enfoque One Health como eje estrat\u00e9gico de las pol\u00edticas p\u00fablicas de salud. Este enfoque reconoce que la salud de las [&hellip;]<\/p>\n","protected":false},"author":12,"featured_media":0,"parent":10671,"menu_order":96,"comment_status":"closed","ping_status":"closed","template":"sigre-entrevista.php","meta":{"footnotes":""},"class_list":["post-10680","page","type-page","status-publish","hentry"],"_links":{"self":[{"href":"https:\/\/www.sigre.es\/boletin\/wp-json\/wp\/v2\/pages\/10680","targetHints":{"allow":["GET"]}}],"collection":[{"href":"https:\/\/www.sigre.es\/boletin\/wp-json\/wp\/v2\/pages"}],"about":[{"href":"https:\/\/www.sigre.es\/boletin\/wp-json\/wp\/v2\/types\/page"}],"author":[{"embeddable":true,"href":"https:\/\/www.sigre.es\/boletin\/wp-json\/wp\/v2\/users\/12"}],"replies":[{"embeddable":true,"href":"https:\/\/www.sigre.es\/boletin\/wp-json\/wp\/v2\/comments?post=10680"}],"version-history":[{"count":5,"href":"https:\/\/www.sigre.es\/boletin\/wp-json\/wp\/v2\/pages\/10680\/revisions"}],"predecessor-version":[{"id":10753,"href":"https:\/\/www.sigre.es\/boletin\/wp-json\/wp\/v2\/pages\/10680\/revisions\/10753"}],"up":[{"embeddable":true,"href":"https:\/\/www.sigre.es\/boletin\/wp-json\/wp\/v2\/pages\/10671"}],"wp:attachment":[{"href":"https:\/\/www.sigre.es\/boletin\/wp-json\/wp\/v2\/media?parent=10680"}],"curies":[{"name":"wp","href":"https:\/\/api.w.org\/{rel}","templated":true}]}}