{"id":10676,"date":"2025-07-09T09:54:32","date_gmt":"2025-07-09T08:54:32","guid":{"rendered":"https:\/\/www.sigre.es\/boletin\/?page_id=10676"},"modified":"2025-07-10T10:33:01","modified_gmt":"2025-07-10T09:33:01","slug":"entrevista-92","status":"publish","type":"page","link":"https:\/\/www.sigre.es\/boletin\/sigre-informa-92\/entrevista-92\/","title":{"rendered":"ENTREVISTA"},"content":{"rendered":"<div id=\"fb-root\"><\/div>\n<p><strong>En octubre del a\u00f1o pasado, Farmaindustria present\u00f3 el informe \u201cSostenibilidad en cifras: impacto social y medioambiental de la industria farmac\u00e9utica\u201d. \u00bfCu\u00e1les considera que son los principales compromisos y retos del sector en materia de ESG?<\/strong><\/p>\n<p>Lo primero que me gustar\u00eda se\u00f1alar es que la industria farmac\u00e9utica innovadora ha situado la sostenibilidad en el centro de su estrategia para que impregne todo lo que hace, desde la investigaci\u00f3n hasta la comercializaci\u00f3n de nuevos tratamientos. Y esto es lo que hemos querido reflejar es este documento pionero en Espa\u00f1a y que analiza el compromiso del sector con los criterios ESG (ambientales, sociales y de gobernanza).<\/p>\n<p>En materia medioambiental, las compa\u00f1\u00edas farmac\u00e9uticas est\u00e1n dando pasos decididos. El 80% de las grandes empresas del sector ya han adquirido compromisos de cero emisiones netas para 2040, superando las exigencias de los Acuerdos de Par\u00eds. En el caso de Espa\u00f1a, el 70% de la energ\u00eda que consume el sector procede de fuentes renovables. Adem\u00e1s, gracias a pol\u00edticas de ecodise\u00f1o y prevenci\u00f3n aplicadas a trav\u00e9s de SIGRE, se han logrado reducir en m\u00e1s de un 25% el peso de los envases y reciclar cerca del 70% de sus materiales que los ciudadanos depositan en los Puntos SIGRE de las farmacias.<\/p>\n<p>En el \u00e1mbito social, las compa\u00f1\u00edas farmac\u00e9uticas destacan por su aportaci\u00f3n directa a la mejora de la salud y el bienestar de la poblaci\u00f3n. La innovaci\u00f3n biom\u00e9dica ha sido clave en el aumento de la esperanza de vida y tratamientos recientes han contribuido significativamente a la mejora de patolog\u00edas de alta incidencia como el c\u00e1ncer o las enfermedades raras. Hasta que no pasen unas d\u00e9cadas no vamos a ser realmente conscientes del impacto que ya est\u00e1n teniendo la medicina de precisi\u00f3n, las ciencias \u00f3micas o la inteligencia artificial en enfermedades que hasta el momento no ten\u00edan respuesta.<\/p>\n<p>Finalmente, en cuanto a gobernanza y transparencia, nuestro compromiso se traduce en hechos concretos. Desde 2002, la industria cuenta con un Sistema de Autorregulaci\u00f3n basado en un C\u00f3digo de Buenas Pr\u00e1cticas que regula la promoci\u00f3n de medicamentos y las relaciones con profesionales, organizaciones sanitarias y asociaciones de pacientes. Este marco \u00e9tico, reforzado por la publicaci\u00f3n anual de todas las colaboraciones y la adopci\u00f3n de un c\u00f3digo pionero en protecci\u00f3n de datos en investigaci\u00f3n cl\u00ednica, ha convertido al sector en un referente en transparencia para otras industrias.<\/p>\n<p>La industria farmac\u00e9utica se posiciona, as\u00ed, como un actor estrat\u00e9gico en la construcci\u00f3n de un futuro m\u00e1s sostenible y saludable, una responsabilidad que, como apunta el propio informe, va m\u00e1s all\u00e1 del cumplimiento normativo.<\/p>\n<p>&nbsp;<\/p>\n<p><strong>El nuevo Plan nacional frente a la Resistencia a los Antibi\u00f3ticos (PRAN) 2025-2027, prev\u00e9 la realizaci\u00f3n de campa\u00f1as espec\u00edficas de difusi\u00f3n sobre la importancia de depositar los excedentes de antibi\u00f3ticos en los Puntos SIGRE. \u00a0\u00bfQu\u00e9 importancia tiene el medioambiente en el enfoque One Health?<\/strong><\/p>\n<p>El enfoque One Health parte de una realidad incontestable: la salud humana, la salud animal y la del medioambiente est\u00e1n interconectadas. La aparici\u00f3n y propagaci\u00f3n de resistencias a los antibi\u00f3ticos es un ejemplo claro: no basta con promover un uso prudente de los antibi\u00f3ticos en personas y animales, tambi\u00e9n debemos evitar que sus residuos acaben en el entorno, donde pueden contribuir a generar resistencias.<\/p>\n<p>Por eso, desde la industria farmac\u00e9utica apoyamos plenamente las campa\u00f1as que promueve el nuevo PRAN, como las que fomentan el uso de los Puntos SIGRE para la correcta gesti\u00f3n de los antibi\u00f3ticos no utilizados. Este es un ejemplo concreto y eficaz de c\u00f3mo el compromiso medioambiental se traduce en una mejora directa de la salud p\u00fablica.<\/p>\n<p>El medioambiente no puede ser el eslab\u00f3n olvidado del enfoque One Health. Si queremos avanzar hacia una salud global sostenible, debemos integrar el cuidado ambiental como parte esencial de nuestra respuesta frente a los grandes desaf\u00edos de salud p\u00fablica. En ese camino, la colaboraci\u00f3n entre administraciones, profesionales sanitarios, pacientes y sociedad general e industria farmac\u00e9utica ser\u00e1 fundamental.<\/p>\n<p>&nbsp;<\/p>\n<p><strong>Este a\u00f1o se cumplen 24 a\u00f1os de la puesta en marcha del sistema SIGRE. \u00bfC\u00f3mo valora los logros alcanzados con esta iniciativa medioambiental y sanitaria creada por la industria farmac\u00e9utica?<\/strong><\/p>\n<p>Ante todo, \u00a1felicidades! Porque cumplir 24 a\u00f1os siendo el proyecto colaborativo de mayor \u00e9xito entre industria farmac\u00e9utica, distribuci\u00f3n y farmacias y seguir creciendo bajo los principios de la transparencia y la colaboraci\u00f3n es m\u00e1s que un logro.<\/p>\n<p>Seguidamente, quiero recordar que, efectivamente, all\u00e1 por 2001, la industria farmac\u00e9utica puso en pr\u00e1ctica los principios de responsabilidad ambiental por los que siempre se han distinguido sus compa\u00f1\u00edas, asumiendo no solo la gesti\u00f3n de los envases de los medicamentos, como exig\u00eda entonces la legislaci\u00f3n medioambiental, sino tambi\u00e9n la de los residuos de medicamentos no utilizados o caducados. Siete a\u00f1os despu\u00e9s de la creaci\u00f3n de SIGRE, la Ley de Garant\u00edas y Uso Racional del Medicamento y Productos Sanitarios plasm\u00f3 en su articulado la importancia de establecer sistemas que permitan gestionar correctamente los residuos de medicamentos que se generan en los hogares.<\/p>\n<p>Desde entonces, SIGRE se ha consolidado como un modelo de referencia en Europa, capaz de integrar de forma ejemplar la protecci\u00f3n del medioambiente y la salud p\u00fablica. Los logros hablan por s\u00ed solos: m\u00e1s de 22.000 Puntos SIGRE instalados en las farmacias de toda Espa\u00f1a, millones de ciudadanos concienciados sobre la correcta gesti\u00f3n de los residuos de medicamentos y cifras muy significativas de ahorro en emisiones de CO\u2082, consumo de agua, energ\u00eda y materias primas. Pero m\u00e1s all\u00e1 de los datos, lo m\u00e1s valioso es que SIGRE ha contribuido a cerrar de forma segura y sostenible el ciclo de vida del medicamento, evitando riesgos para el entorno y promoviendo la econom\u00eda circular en un sector tan exigente como el nuestro.<\/p>\n<p>&nbsp;<\/p>\n<p><strong>En la actualidad, est\u00e1 vigente el Plan Empresarial de Prevenci\u00f3n y Ecodise\u00f1o (PEPE) de envases del sector farmac\u00e9utico para el periodo 2024-2028. \u00bfEn qu\u00e9 medida cree que estos Planes est\u00e1n ayudando a las compa\u00f1\u00edas a transitar hacia modelos de producci\u00f3n m\u00e1s circulares y sostenibles?<\/strong><\/p>\n<p>He podido conocer de primera mano que este plan representa una herramienta clave para acompa\u00f1ar al sector farmac\u00e9utico en su transici\u00f3n hacia modelos de producci\u00f3n m\u00e1s circulares y sostenibles. Con la coordinaci\u00f3n de SIGRE, las compa\u00f1\u00edas est\u00e1n integrando criterios ambientales desde la fase de dise\u00f1o del envase, que es precisamente donde se determina gran parte de su impacto ambiental.<\/p>\n<p>Y ya se han conseguido avances muy relevantes: desde la reducci\u00f3n del peso de los envases, hasta la incorporaci\u00f3n de materiales m\u00e1s sostenibles o mejoras en la log\u00edstica que reducen la huella de carbono. Adem\u00e1s, el PEPE permite a las compa\u00f1\u00edas innovar dentro de un marco regulatorio exigente, como es el del medicamento, garantizando siempre la seguridad y calidad del producto.<\/p>\n<p>Estos planes tambi\u00e9n tienen un efecto tractor sobre toda la cadena de valor del medicamento y refuerzan el compromiso colectivo del sector con la econom\u00eda circular. En definitiva, este plan es un ejemplo de c\u00f3mo la industria farmac\u00e9utica est\u00e1 sabiendo anticiparse a los retos ambientales, trabajando con visi\u00f3n de largo plazo y con un enfoque claramente alineado con los objetivos europeos de sostenibilidad ambiental y One Health.<\/p>\n<p>&nbsp;<\/p>\n<p><strong>Desde enero de 2025, seg\u00fan se establece en el Real Decreto 1055\/2022, todas las empresas deber\u00e1n asumir la gesti\u00f3n de los residuos generados por sus envases comerciales e industriales. \u00bfC\u00f3mo se valora desde Farmaindustria el trabajo que est\u00e1 realizando SIGRE para ofrecer una soluci\u00f3n colectiva que permita a las compa\u00f1\u00edas farmac\u00e9uticas cumplir con esta nueva obligaci\u00f3n?<\/strong><\/p>\n<p>Algo que siempre he pensado, incluso antes de llegar a la Presidencia de Farmaindustria, es el orgullo que siento, que sentimos en la industria farmac\u00e9utica, del trabajo que est\u00e1 realizando SIGRE para dar respuesta a los nuevos requerimientos establecidos en la legislaci\u00f3n.<\/p>\n<p>Ahora llegan nuevos retos, como la gesti\u00f3n de los residuos de envases comerciales e industriales. Contar con una soluci\u00f3n colectiva, eficaz y adaptada a las particularidades del medicamento es esencial para el sector farmac\u00e9utico.<\/p>\n<p>SIGRE est\u00e1 demostrando, una vez m\u00e1s, su capacidad para anticiparse y ofrecer una respuesta solvente y alineada con los principios de sostenibilidad y econom\u00eda circular. Gracias a su experiencia en la gesti\u00f3n de los botiquines domiciliarios, ahora podr\u00e1 asumir con solvencia los residuos de envases de medicamentos en hospitales, centros sanitarios y otros puntos del canal farmac\u00e9utico (\u00a1creo que m\u00e1s de 120.000!), garantizando una trazabilidad rigurosa, seguridad medioambiental y eficiencia operativa.<\/p>\n","protected":false},"excerpt":{"rendered":"<p>En octubre del a\u00f1o pasado, Farmaindustria present\u00f3 el informe \u201cSostenibilidad en cifras: impacto social y medioambiental de la industria farmac\u00e9utica\u201d. \u00bfCu\u00e1les considera que son los principales compromisos y retos del sector en materia de ESG? Lo primero que me gustar\u00eda se\u00f1alar es que la industria farmac\u00e9utica innovadora ha situado la sostenibilidad en el centro de [&hellip;]<\/p>\n","protected":false},"author":12,"featured_media":0,"parent":10671,"menu_order":93,"comment_status":"closed","ping_status":"closed","template":"sigre-entrevista.php","meta":{"footnotes":""},"class_list":["post-10676","page","type-page","status-publish","hentry"],"_links":{"self":[{"href":"https:\/\/www.sigre.es\/boletin\/wp-json\/wp\/v2\/pages\/10676","targetHints":{"allow":["GET"]}}],"collection":[{"href":"https:\/\/www.sigre.es\/boletin\/wp-json\/wp\/v2\/pages"}],"about":[{"href":"https:\/\/www.sigre.es\/boletin\/wp-json\/wp\/v2\/types\/page"}],"author":[{"embeddable":true,"href":"https:\/\/www.sigre.es\/boletin\/wp-json\/wp\/v2\/users\/12"}],"replies":[{"embeddable":true,"href":"https:\/\/www.sigre.es\/boletin\/wp-json\/wp\/v2\/comments?post=10676"}],"version-history":[{"count":4,"href":"https:\/\/www.sigre.es\/boletin\/wp-json\/wp\/v2\/pages\/10676\/revisions"}],"predecessor-version":[{"id":10749,"href":"https:\/\/www.sigre.es\/boletin\/wp-json\/wp\/v2\/pages\/10676\/revisions\/10749"}],"up":[{"embeddable":true,"href":"https:\/\/www.sigre.es\/boletin\/wp-json\/wp\/v2\/pages\/10671"}],"wp:attachment":[{"href":"https:\/\/www.sigre.es\/boletin\/wp-json\/wp\/v2\/media?parent=10676"}],"curies":[{"name":"wp","href":"https:\/\/api.w.org\/{rel}","templated":true}]}}