{"id":10505,"date":"2025-04-08T10:12:21","date_gmt":"2025-04-08T09:12:21","guid":{"rendered":"https:\/\/www.sigre.es\/boletin\/?page_id=10505"},"modified":"2025-04-22T16:23:29","modified_gmt":"2025-04-22T15:23:29","slug":"editorial-91","status":"publish","type":"page","link":"https:\/\/www.sigre.es\/boletin\/sigre-informa-91\/editorial-91\/","title":{"rendered":"TRIBUNA DEL PRESIDENTE DE SIGRE"},"content":{"rendered":"<div id=\"fb-root\"><\/div>\n<p>En un momento de inestabilidad global en el que se cierne una amenaza sobre algunas de las bases de los criterios ESG (como saben, siglas referidas a medioambiente, compromiso social y gobernanza), es m\u00e1s necesario que nunca apostar por el cuidado de nuestro entorno, del planeta en el que vivimos. Los cambios pol\u00edticos y econ\u00f3micos en Estados Unidos han a\u00f1adido una capa de complejidad al cumplimiento de las estrategias de sostenibilidad de las empresas.<\/p>\n<p>Sin embargo, m\u00e1s all\u00e1 del contexto geopol\u00edtico, no cabe duda de que la sostenibilidad y la econom\u00eda circular son una prioridad para el sector farmac\u00e9utico. \u00a0Un sector como el nuestro, firmemente comprometido con la salud, lo est\u00e1 tambi\u00e9n con el bienestar del planeta con el necesario enfoque One Health.<\/p>\n<p>Y es que, parafraseando a Augusto Monterroso, \u201cal despertar, la triple crisis planetaria (cambio clim\u00e1tico, p\u00e9rdida de biodiversidad y contaminaci\u00f3n), todav\u00eda estaba all\u00ed\u201d. Estos factores ambientales afectan sobremanera a los pacientes, el coraz\u00f3n y la raz\u00f3n de ser de todas nuestras operaciones.<\/p>\n<p>En este escenario, SIGRE se erige como un actor fundamental en el desarrollo de soluciones sostenibles que permitan al sector avanzar en esta direcci\u00f3n.<\/p>\n<p>El ecodise\u00f1o es un pilar fundamental para la econom\u00eda circular en este sector. La elecci\u00f3n de materiales m\u00e1s sostenibles, la reducci\u00f3n del peso de los envases y la mejora en su reciclabilidad son acciones que contribuyen a disminuir la huella ambiental de los productos farmac\u00e9uticos. SIGRE impulsa estas iniciativas a trav\u00e9s del Plan Empresarial de Prevenci\u00f3n y Ecodise\u00f1o (PEPE), que fomenta la adopci\u00f3n de soluciones innovadoras en los envases de medicamentos con el objetivo de minimizar su impacto ambiental.<\/p>\n<p>Por otro lado, a trav\u00e9s de SIGRE, se fomentan h\u00e1bitos sanitarios saludables como la revisi\u00f3n peri\u00f3dica del botiqu\u00edn dom\u00e9stico, para reducir el peligro que puede suponer para nuestra salud el consumo de medicamentos sobrantes o caducados. Adem\u00e1s, depositar los residuos de medicamentos en el Punto SIGRE evita la contaminaci\u00f3n de nuestros r\u00edos y suelos y permite reciclar los materiales de los envases para darles un nuevo uso, ahorrando el consumo de materias primas v\u00edrgenes.<\/p>\n<p>El \u00e9xito de este sistema responde a la colaboraci\u00f3n de todos los actores implicados en la cadena del medicamento: industria farmac\u00e9utica, distribuci\u00f3n y farmacia.<\/p>\n<p>A este compromiso se suma la reciente ampliaci\u00f3n del \u00e1mbito de actuaci\u00f3n de SIGRE, que desde el 1 de enero de este a\u00f1o abarca tambi\u00e9n la gesti\u00f3n de los envases comerciales e industriales de medicamentos. Este nuevo enfoque refuerza el compromiso del sector farmac\u00e9utico con la sostenibilidad y la econom\u00eda circular, asegurando que todos los envases utilizados en la cadena de suministro farmac\u00e9utica sean gestionados de forma responsable y eficiente. Con esta ampliaci\u00f3n, SIGRE impulsar\u00e1 al sector farmac\u00e9utico hacia una mayor circularidad para reducir el impacto ambiental de su actividad.<\/p>\n","protected":false},"excerpt":{"rendered":"<p>En un momento de inestabilidad global en el que se cierne una amenaza sobre algunas de las bases de los criterios ESG (como saben, siglas referidas a medioambiente, compromiso social y gobernanza), es m\u00e1s necesario que nunca apostar por el cuidado de nuestro entorno, del planeta en el que vivimos. Los cambios pol\u00edticos y econ\u00f3micos [&hellip;]<\/p>\n","protected":false},"author":7,"featured_media":0,"parent":10459,"menu_order":123,"comment_status":"closed","ping_status":"closed","template":"sigre-entrevista.php","meta":{"footnotes":""},"class_list":["post-10505","page","type-page","status-publish","hentry"],"_links":{"self":[{"href":"https:\/\/www.sigre.es\/boletin\/wp-json\/wp\/v2\/pages\/10505","targetHints":{"allow":["GET"]}}],"collection":[{"href":"https:\/\/www.sigre.es\/boletin\/wp-json\/wp\/v2\/pages"}],"about":[{"href":"https:\/\/www.sigre.es\/boletin\/wp-json\/wp\/v2\/types\/page"}],"author":[{"embeddable":true,"href":"https:\/\/www.sigre.es\/boletin\/wp-json\/wp\/v2\/users\/7"}],"replies":[{"embeddable":true,"href":"https:\/\/www.sigre.es\/boletin\/wp-json\/wp\/v2\/comments?post=10505"}],"version-history":[{"count":14,"href":"https:\/\/www.sigre.es\/boletin\/wp-json\/wp\/v2\/pages\/10505\/revisions"}],"predecessor-version":[{"id":10657,"href":"https:\/\/www.sigre.es\/boletin\/wp-json\/wp\/v2\/pages\/10505\/revisions\/10657"}],"up":[{"embeddable":true,"href":"https:\/\/www.sigre.es\/boletin\/wp-json\/wp\/v2\/pages\/10459"}],"wp:attachment":[{"href":"https:\/\/www.sigre.es\/boletin\/wp-json\/wp\/v2\/media?parent=10505"}],"curies":[{"name":"wp","href":"https:\/\/api.w.org\/{rel}","templated":true}]}}