{"id":10482,"date":"2025-04-09T10:42:25","date_gmt":"2025-04-09T09:42:25","guid":{"rendered":"https:\/\/www.sigre.es\/boletin\/?page_id=10482"},"modified":"2025-07-10T10:53:57","modified_gmt":"2025-07-10T09:53:57","slug":"dudas-reciclaje-91","status":"publish","type":"page","link":"https:\/\/www.sigre.es\/boletin\/sigre-informa-91\/dudas-reciclaje-91\/","title":{"rendered":"DUDAS SOBRE RECICLAJE"},"content":{"rendered":"<div id=\"fb-root\"><\/div>\n<p>De acuerdo a la normativa vigente, la distribuci\u00f3n farmac\u00e9utica es la encargada de recoger de las farmacias los residuos de medicamentos y sus envases que los ciudadanos han ido depositando en los Puntos SIGRE. Una vez recogidos, en cualquiera de las visitas que realizan a la farmacia diariamente para entregar nuevos medicamentos, son trasladados a sus almacenes y depositados all\u00ed en contenedores estanco, ubicados a su vez en una zona especialmente identificada de sus instalaciones y separada de los productos farmac\u00e9uticos. Desde ah\u00ed, gestores autorizados los llevan hasta la Planta de Clasificaci\u00f3n de Envases y Residuos de Medicamentos situada en Tudela de Duero (Valladolid), instalaci\u00f3n pionera y referencia mundial en el tratamiento de este tipo de residuos.<\/p>\n<p>En esta Planta, <strong>la aplicaci\u00f3n de la inteligencia artificial y la rob\u00f3tica en la separaci\u00f3n y clasificaci\u00f3n de los residuos permiten ya reciclar casi el 70 por ciento de los envases<\/strong>. Un elevado porcentaje al que contribuye tambi\u00e9n el esfuerzo que la industria farmac\u00e9utica lleva a cabo en materia de ecodise\u00f1o. En las dos d\u00e9cadas de funcionamiento de SIGRE, las compa\u00f1\u00edas farmac\u00e9uticas han aplicado m\u00e1s de 3.500 iniciativas en este \u00e1mbito favoreciendo, entre otras mejoras ambientales, que los envases sean m\u00e1s f\u00e1cilmente reciclables.<\/p>\n<p>Aquellos <strong>restos de envases que no pueden reciclarse y los restos de medicamentos se aprovechan como fuente de energ\u00eda<\/strong>, de manera que se evita el consumo de combustibles f\u00f3siles.<\/p>\n<p>As\u00ed, <strong>todos los restos de medicamentos son destruidos<\/strong>, ya que seg\u00fan la <a href=\"https:\/\/www.aemps.gob.es\/donaciones-de-medicamentos\/\">normativa vigente y las instrucciones sobre donaciones de medicamentos de la Agencia Espa\u00f1ola de Medicamentos y Productos Sanitarios (AEMPS)<\/a>, est\u00e1 prohibido el uso de estos residuos para nuevos pacientes, tanto de nuestro pa\u00eds como de otros pa\u00edses, por el riesgo sanitario que supone su reutilizaci\u00f3n.<\/p>\n<p>&nbsp;<\/p>\n<p><img loading=\"lazy\" decoding=\"async\" class=\"aligncenter\" src=\"https:\/\/statics-diariomedico.uecdn.es\/cms\/2024-11\/native-si.jpg\" width=\"630\" height=\"420\" \/><\/p>\n","protected":false},"excerpt":{"rendered":"<p>De acuerdo a la normativa vigente, la distribuci\u00f3n farmac\u00e9utica es la encargada de recoger de las farmacias los residuos de medicamentos y sus envases que los ciudadanos han ido depositando en los Puntos SIGRE. Una vez recogidos, en cualquiera de las visitas que realizan a la farmacia diariamente para entregar nuevos medicamentos, son trasladados a [&hellip;]<\/p>\n","protected":false},"author":7,"featured_media":0,"parent":10459,"menu_order":176,"comment_status":"closed","ping_status":"closed","template":"articulo1.php","meta":{"footnotes":""},"class_list":["post-10482","page","type-page","status-publish","hentry"],"_links":{"self":[{"href":"https:\/\/www.sigre.es\/boletin\/wp-json\/wp\/v2\/pages\/10482","targetHints":{"allow":["GET"]}}],"collection":[{"href":"https:\/\/www.sigre.es\/boletin\/wp-json\/wp\/v2\/pages"}],"about":[{"href":"https:\/\/www.sigre.es\/boletin\/wp-json\/wp\/v2\/types\/page"}],"author":[{"embeddable":true,"href":"https:\/\/www.sigre.es\/boletin\/wp-json\/wp\/v2\/users\/7"}],"replies":[{"embeddable":true,"href":"https:\/\/www.sigre.es\/boletin\/wp-json\/wp\/v2\/comments?post=10482"}],"version-history":[{"count":13,"href":"https:\/\/www.sigre.es\/boletin\/wp-json\/wp\/v2\/pages\/10482\/revisions"}],"predecessor-version":[{"id":10823,"href":"https:\/\/www.sigre.es\/boletin\/wp-json\/wp\/v2\/pages\/10482\/revisions\/10823"}],"up":[{"embeddable":true,"href":"https:\/\/www.sigre.es\/boletin\/wp-json\/wp\/v2\/pages\/10459"}],"wp:attachment":[{"href":"https:\/\/www.sigre.es\/boletin\/wp-json\/wp\/v2\/media?parent=10482"}],"curies":[{"name":"wp","href":"https:\/\/api.w.org\/{rel}","templated":true}]}}