{"id":10473,"date":"2025-04-09T14:38:12","date_gmt":"2025-04-09T13:38:12","guid":{"rendered":"https:\/\/www.sigre.es\/boletin\/?page_id=10473"},"modified":"2025-07-10T11:36:47","modified_gmt":"2025-07-10T10:36:47","slug":"transparencia-91","status":"publish","type":"page","link":"https:\/\/www.sigre.es\/boletin\/sigre-informa-91\/transparencia-91\/","title":{"rendered":"TRANSPARENCIA"},"content":{"rendered":"<div id=\"fb-root\"><\/div>\n<p>Cerca de 40 farmac\u00e9uticos de Valladolid han visitado la <a href=\"https:\/\/www.sigre.es\/ciudadanos#que-se-hace-con-ellos\">Planta de clasificaci\u00f3n de envases y residuos de medicamentos<\/a>, donde fueron recibidos por personal de SIGRE y de Prezero Biotran, la empresa que gestiona esta instalaci\u00f3n.<\/p>\n<p>Durante la jornada, promovida por el Colegio Oficial de Farmac\u00e9uticos de esta provincia, los asistentes pudieron conocer de primera mano el proceso de clasificaci\u00f3n que se lleva a cabo con los residuos de medicamentos que los ciudadanos depositan en el contenedor blanco de sus farmacias (Punto SIGRE).<\/p>\n<p>Esta Planta se caracteriza por ser una instalaci\u00f3n pionera y contar con un elevado grado de automatizaci\u00f3n, as\u00ed como con herramientas de inteligencia artificial que permiten alcanzar un alto porcentaje de reciclado de los materiales de envases recuperados.<\/p>\n<p>Adem\u00e1s, se explic\u00f3 c\u00f3mo, tras 24 a\u00f1os de actividad, SIGRE se ha consolidado como la mayor alianza medioambiental del sector de la salud en Espa\u00f1a y una referencia a nivel mundial en la gesti\u00f3n de los residuos de medicamentos dom\u00e9sticos.<\/p>\n<p>&nbsp;<\/p>\n<p><a href=\"https:\/\/www.sigre.es\/boletin\/wp-content\/uploads\/2025\/03\/Visita-a-la-Planta-COF-Valladolid-1.jpeg\"><img loading=\"lazy\" decoding=\"async\" class=\"aligncenter wp-image-10474\" src=\"https:\/\/www.sigre.es\/boletin\/wp-content\/uploads\/2025\/03\/Visita-a-la-Planta-COF-Valladolid-1-300x225.jpeg\" alt=\"\" width=\"480\" height=\"360\" srcset=\"https:\/\/www.sigre.es\/boletin\/wp-content\/uploads\/2025\/03\/Visita-a-la-Planta-COF-Valladolid-1-300x225.jpeg 300w, https:\/\/www.sigre.es\/boletin\/wp-content\/uploads\/2025\/03\/Visita-a-la-Planta-COF-Valladolid-1-1024x768.jpeg 1024w, https:\/\/www.sigre.es\/boletin\/wp-content\/uploads\/2025\/03\/Visita-a-la-Planta-COF-Valladolid-1-768x576.jpeg 768w, https:\/\/www.sigre.es\/boletin\/wp-content\/uploads\/2025\/03\/Visita-a-la-Planta-COF-Valladolid-1-1536x1152.jpeg 1536w, https:\/\/www.sigre.es\/boletin\/wp-content\/uploads\/2025\/03\/Visita-a-la-Planta-COF-Valladolid-1.jpeg 2000w\" sizes=\"auto, (max-width: 480px) 100vw, 480px\" \/><\/a><\/p>\n<p>&nbsp;<\/p>\n<p><a href=\"https:\/\/www.sigre.es\/boletin\/wp-content\/uploads\/2025\/03\/Foto-visita-Valladolid-ii.jpg\"><img loading=\"lazy\" decoding=\"async\" class=\"aligncenter wp-image-10383\" src=\"https:\/\/www.sigre.es\/boletin\/wp-content\/uploads\/2025\/03\/Foto-visita-Valladolid-ii-300x140.jpg\" alt=\"\" width=\"760\" height=\"355\" srcset=\"https:\/\/www.sigre.es\/boletin\/wp-content\/uploads\/2025\/03\/Foto-visita-Valladolid-ii-300x140.jpg 300w, https:\/\/www.sigre.es\/boletin\/wp-content\/uploads\/2025\/03\/Foto-visita-Valladolid-ii-1024x478.jpg 1024w, https:\/\/www.sigre.es\/boletin\/wp-content\/uploads\/2025\/03\/Foto-visita-Valladolid-ii-768x359.jpg 768w, https:\/\/www.sigre.es\/boletin\/wp-content\/uploads\/2025\/03\/Foto-visita-Valladolid-ii-1536x717.jpg 1536w, https:\/\/www.sigre.es\/boletin\/wp-content\/uploads\/2025\/03\/Foto-visita-Valladolid-ii.jpg 1600w\" sizes=\"auto, (max-width: 760px) 100vw, 760px\" \/><\/a><\/p>\n","protected":false},"excerpt":{"rendered":"<p>Cerca de 40 farmac\u00e9uticos de Valladolid han visitado la Planta de clasificaci\u00f3n de envases y residuos de medicamentos, donde fueron recibidos por personal de SIGRE y de Prezero Biotran, la empresa que gestiona esta instalaci\u00f3n. Durante la jornada, promovida por el Colegio Oficial de Farmac\u00e9uticos de esta provincia, los asistentes pudieron conocer de primera mano [&hellip;]<\/p>\n","protected":false},"author":7,"featured_media":0,"parent":10459,"menu_order":175,"comment_status":"closed","ping_status":"closed","template":"articulo1.php","meta":{"footnotes":""},"class_list":["post-10473","page","type-page","status-publish","hentry"],"_links":{"self":[{"href":"https:\/\/www.sigre.es\/boletin\/wp-json\/wp\/v2\/pages\/10473","targetHints":{"allow":["GET"]}}],"collection":[{"href":"https:\/\/www.sigre.es\/boletin\/wp-json\/wp\/v2\/pages"}],"about":[{"href":"https:\/\/www.sigre.es\/boletin\/wp-json\/wp\/v2\/types\/page"}],"author":[{"embeddable":true,"href":"https:\/\/www.sigre.es\/boletin\/wp-json\/wp\/v2\/users\/7"}],"replies":[{"embeddable":true,"href":"https:\/\/www.sigre.es\/boletin\/wp-json\/wp\/v2\/comments?post=10473"}],"version-history":[{"count":12,"href":"https:\/\/www.sigre.es\/boletin\/wp-json\/wp\/v2\/pages\/10473\/revisions"}],"predecessor-version":[{"id":10831,"href":"https:\/\/www.sigre.es\/boletin\/wp-json\/wp\/v2\/pages\/10473\/revisions\/10831"}],"up":[{"embeddable":true,"href":"https:\/\/www.sigre.es\/boletin\/wp-json\/wp\/v2\/pages\/10459"}],"wp:attachment":[{"href":"https:\/\/www.sigre.es\/boletin\/wp-json\/wp\/v2\/media?parent=10473"}],"curies":[{"name":"wp","href":"https:\/\/api.w.org\/{rel}","templated":true}]}}