{"id":10465,"date":"2025-04-09T14:38:53","date_gmt":"2025-04-09T13:38:53","guid":{"rendered":"https:\/\/www.sigre.es\/boletin\/?page_id=10465"},"modified":"2025-07-10T10:53:47","modified_gmt":"2025-07-10T09:53:47","slug":"foros-y-congresos-91","status":"publish","type":"page","link":"https:\/\/www.sigre.es\/boletin\/sigre-informa-91\/foros-y-congresos-91\/","title":{"rendered":"FOROS Y CONGRESOS"},"content":{"rendered":"<div id=\"fb-root\"><\/div>\n<p>Durante este primer trimestre del a\u00f1o hemos seguido desempe\u00f1ando un rol activo en diversos foros para poner en valor la actividad que realiza SIGRE, que se ha convertido en la mayor alianza medioambiental del sector de la salud para avanzar hacia una econom\u00eda circular.<\/p>\n<p>Nuestra participaci\u00f3n en la <a href=\"https:\/\/anefp.org\/es\/notas-de-prensa\/la-iii-green-week-selfcare-punto-de-encuentro-entre-el-sector-del-autocuidado-y-la\">III Green Week Selfcare<\/a>, organizada por la Asociaci\u00f3n para el Autocuidado de la Salud (anefp) y en la <a href=\"https:\/\/www.farmaceuticos.com\/revista\/espana\/7-jornada-distribucion\/\">7\u00aa Jornada Nacional de Distribuci\u00f3n Farmac\u00e9utica<\/a>, organizada por el Consejo General de Colegios de Farmac\u00e9uticos, por citar solo un par de ejemplos, as\u00ed lo demuestran.<\/p>\n<p>Ambos eventos han servido para escenificar el fuerte compromiso del sector farmac\u00e9utico con la sostenibilidad ambiental, que se ha visto reforzado con la ampliaci\u00f3n de nuestra actividad a la gesti\u00f3n de los envases comerciales e industriales de medicamentos.<\/p>\n<p>Tambi\u00e9n queremos destacar nuestra colaboraci\u00f3n, un a\u00f1o m\u00e1s, con el <strong><a href=\"https:\/\/www.ehu.eus\/es\/web\/graduondokoak\/experto-universidad-farmacontaminacion\">T\u00edtulo Propio sobre Farmacontaminaci\u00f3n<\/a><\/strong> de la Universidad del Pa\u00eds Vasco<strong>, <\/strong>que nos permite explicar a los futuros profesionales sanitarios c\u00f3mo a trav\u00e9s de SIGRE se reducen los perjuicios que los residuos de medicamentos pueden ocasionar en el medio ambiente.<\/p>\n<table style=\"border-collapse: collapse; width: 100%; height: 228px;\">\n<tbody>\n<tr style=\"height: 228px;\">\n<td style=\"width: 50%; height: 228px;\"><a href=\"https:\/\/www.sigre.es\/boletin\/wp-content\/uploads\/2025\/03\/WhatsApp-Image-2025-02-24-at-13.01.46.jpeg\"><img loading=\"lazy\" decoding=\"async\" class=\"aligncenter wp-image-10468\" src=\"https:\/\/www.sigre.es\/boletin\/wp-content\/uploads\/2025\/03\/WhatsApp-Image-2025-02-24-at-13.01.46-300x225.jpeg\" alt=\"\" width=\"360\" height=\"270\" srcset=\"https:\/\/www.sigre.es\/boletin\/wp-content\/uploads\/2025\/03\/WhatsApp-Image-2025-02-24-at-13.01.46-300x225.jpeg 300w, https:\/\/www.sigre.es\/boletin\/wp-content\/uploads\/2025\/03\/WhatsApp-Image-2025-02-24-at-13.01.46-1024x768.jpeg 1024w, https:\/\/www.sigre.es\/boletin\/wp-content\/uploads\/2025\/03\/WhatsApp-Image-2025-02-24-at-13.01.46-768x576.jpeg 768w, https:\/\/www.sigre.es\/boletin\/wp-content\/uploads\/2025\/03\/WhatsApp-Image-2025-02-24-at-13.01.46-1536x1152.jpeg 1536w, https:\/\/www.sigre.es\/boletin\/wp-content\/uploads\/2025\/03\/WhatsApp-Image-2025-02-24-at-13.01.46.jpeg 1600w\" sizes=\"auto, (max-width: 360px) 100vw, 360px\" \/><\/a><\/td>\n<td style=\"width: 50%; height: 228px;\"><a href=\"https:\/\/www.sigre.es\/boletin\/wp-content\/uploads\/2025\/03\/Miguel-Vega_VII-Jornada-de-distribucion-farmaceutica-2.jpeg\"><img loading=\"lazy\" decoding=\"async\" class=\"aligncenter wp-image-10466\" src=\"https:\/\/www.sigre.es\/boletin\/wp-content\/uploads\/2025\/03\/Miguel-Vega_VII-Jornada-de-distribucion-farmaceutica-2-300x200.jpeg\" alt=\"\" width=\"428\" height=\"286\" srcset=\"https:\/\/www.sigre.es\/boletin\/wp-content\/uploads\/2025\/03\/Miguel-Vega_VII-Jornada-de-distribucion-farmaceutica-2-300x200.jpeg 300w, https:\/\/www.sigre.es\/boletin\/wp-content\/uploads\/2025\/03\/Miguel-Vega_VII-Jornada-de-distribucion-farmaceutica-2-1024x682.jpeg 1024w, https:\/\/www.sigre.es\/boletin\/wp-content\/uploads\/2025\/03\/Miguel-Vega_VII-Jornada-de-distribucion-farmaceutica-2-768x512.jpeg 768w, https:\/\/www.sigre.es\/boletin\/wp-content\/uploads\/2025\/03\/Miguel-Vega_VII-Jornada-de-distribucion-farmaceutica-2-1536x1023.jpeg 1536w, https:\/\/www.sigre.es\/boletin\/wp-content\/uploads\/2025\/03\/Miguel-Vega_VII-Jornada-de-distribucion-farmaceutica-2.jpeg 1600w\" sizes=\"auto, (max-width: 428px) 100vw, 428px\" \/><\/a><\/td>\n<\/tr>\n<\/tbody>\n<\/table>\n","protected":false},"excerpt":{"rendered":"<p>Durante este primer trimestre del a\u00f1o hemos seguido desempe\u00f1ando un rol activo en diversos foros para poner en valor la actividad que realiza SIGRE, que se ha convertido en la mayor alianza medioambiental del sector de la salud para avanzar hacia una econom\u00eda circular. Nuestra participaci\u00f3n en la III Green Week Selfcare, organizada por la [&hellip;]<\/p>\n","protected":false},"author":7,"featured_media":0,"parent":10459,"menu_order":150,"comment_status":"closed","ping_status":"closed","template":"sigre-entrevista.php","meta":{"footnotes":""},"class_list":["post-10465","page","type-page","status-publish","hentry"],"_links":{"self":[{"href":"https:\/\/www.sigre.es\/boletin\/wp-json\/wp\/v2\/pages\/10465","targetHints":{"allow":["GET"]}}],"collection":[{"href":"https:\/\/www.sigre.es\/boletin\/wp-json\/wp\/v2\/pages"}],"about":[{"href":"https:\/\/www.sigre.es\/boletin\/wp-json\/wp\/v2\/types\/page"}],"author":[{"embeddable":true,"href":"https:\/\/www.sigre.es\/boletin\/wp-json\/wp\/v2\/users\/7"}],"replies":[{"embeddable":true,"href":"https:\/\/www.sigre.es\/boletin\/wp-json\/wp\/v2\/comments?post=10465"}],"version-history":[{"count":8,"href":"https:\/\/www.sigre.es\/boletin\/wp-json\/wp\/v2\/pages\/10465\/revisions"}],"predecessor-version":[{"id":10821,"href":"https:\/\/www.sigre.es\/boletin\/wp-json\/wp\/v2\/pages\/10465\/revisions\/10821"}],"up":[{"embeddable":true,"href":"https:\/\/www.sigre.es\/boletin\/wp-json\/wp\/v2\/pages\/10459"}],"wp:attachment":[{"href":"https:\/\/www.sigre.es\/boletin\/wp-json\/wp\/v2\/media?parent=10465"}],"curies":[{"name":"wp","href":"https:\/\/api.w.org\/{rel}","templated":true}]}}