{"id":10462,"date":"2025-04-09T14:38:59","date_gmt":"2025-04-09T13:38:59","guid":{"rendered":"https:\/\/www.sigre.es\/boletin\/?page_id=10462"},"modified":"2025-07-10T11:36:28","modified_gmt":"2025-07-10T10:36:28","slug":"comunicacion-91","status":"publish","type":"page","link":"https:\/\/www.sigre.es\/boletin\/sigre-informa-91\/comunicacion-91\/","title":{"rendered":"COMUNICACI\u00d3N"},"content":{"rendered":"<div id=\"fb-root\"><\/div>\n<p>El pasado 6 de marzo se reuni\u00f3 el Comit\u00e9 de Comunicaci\u00f3n de SIGRE, constituido por representantes de Farmaindustria, Aeseg, Anefp, Fedifar y el Consejo General de Colegios Farmac\u00e9uticos.<\/p>\n<p>La reuni\u00f3n se centr\u00f3, en primer lugar, en el an\u00e1lisis de los resultados de SIGRE en materia de comunicaci\u00f3n a lo largo de 2024, destacando el incremento del 55 % en la presencia en medios y el tono positivo de la repercusi\u00f3n medi\u00e1tica conseguida. Asimismo, la ampliaci\u00f3n de la actividad de SIGRE a la gesti\u00f3n de los envases comerciales e industriales de medicamentos ha sido protagonista en los territorios de conversaci\u00f3n del pasado a\u00f1o. Estos resultados han permitido afianzar la concienciaci\u00f3n ciudadana en el uso responsable de los medicamentos y contribuir a posicionar al sector farmac\u00e9utico como un referente en econom\u00eda circular.<\/p>\n<p>El Comit\u00e9 analiz\u00f3 tambi\u00e9n el nuevo Plan de Comunicaci\u00f3n 2025-2027, que incluye un total de 10 objetivos y 84 acciones para seguir visibilizando, bajo el enfoque One Health, la importancia de proteger el medio ambiente para cuidar nuestra propia salud.<\/p>\n<p><a href=\"https:\/\/www.sigre.es\/boletin\/wp-content\/uploads\/2025\/03\/5.png\"><img loading=\"lazy\" decoding=\"async\" class=\"aligncenter wp-image-10489\" src=\"https:\/\/www.sigre.es\/boletin\/wp-content\/uploads\/2025\/03\/5-300x210.png\" alt=\"\" width=\"411\" height=\"288\" srcset=\"https:\/\/www.sigre.es\/boletin\/wp-content\/uploads\/2025\/03\/5-300x210.png 300w, https:\/\/www.sigre.es\/boletin\/wp-content\/uploads\/2025\/03\/5.png 442w\" sizes=\"auto, (max-width: 411px) 100vw, 411px\" \/><\/a><\/p>\n","protected":false},"excerpt":{"rendered":"<p>El pasado 6 de marzo se reuni\u00f3 el Comit\u00e9 de Comunicaci\u00f3n de SIGRE, constituido por representantes de Farmaindustria, Aeseg, Anefp, Fedifar y el Consejo General de Colegios Farmac\u00e9uticos. La reuni\u00f3n se centr\u00f3, en primer lugar, en el an\u00e1lisis de los resultados de SIGRE en materia de comunicaci\u00f3n a lo largo de 2024, destacando el incremento [&hellip;]<\/p>\n","protected":false},"author":7,"featured_media":0,"parent":10459,"menu_order":148,"comment_status":"closed","ping_status":"closed","template":"sigre-entrevista.php","meta":{"footnotes":""},"class_list":["post-10462","page","type-page","status-publish","hentry"],"_links":{"self":[{"href":"https:\/\/www.sigre.es\/boletin\/wp-json\/wp\/v2\/pages\/10462","targetHints":{"allow":["GET"]}}],"collection":[{"href":"https:\/\/www.sigre.es\/boletin\/wp-json\/wp\/v2\/pages"}],"about":[{"href":"https:\/\/www.sigre.es\/boletin\/wp-json\/wp\/v2\/types\/page"}],"author":[{"embeddable":true,"href":"https:\/\/www.sigre.es\/boletin\/wp-json\/wp\/v2\/users\/7"}],"replies":[{"embeddable":true,"href":"https:\/\/www.sigre.es\/boletin\/wp-json\/wp\/v2\/comments?post=10462"}],"version-history":[{"count":9,"href":"https:\/\/www.sigre.es\/boletin\/wp-json\/wp\/v2\/pages\/10462\/revisions"}],"predecessor-version":[{"id":10830,"href":"https:\/\/www.sigre.es\/boletin\/wp-json\/wp\/v2\/pages\/10462\/revisions\/10830"}],"up":[{"embeddable":true,"href":"https:\/\/www.sigre.es\/boletin\/wp-json\/wp\/v2\/pages\/10459"}],"wp:attachment":[{"href":"https:\/\/www.sigre.es\/boletin\/wp-json\/wp\/v2\/media?parent=10462"}],"curies":[{"name":"wp","href":"https:\/\/api.w.org\/{rel}","templated":true}]}}