{"id":10443,"date":"2025-04-09T14:39:12","date_gmt":"2025-04-09T13:39:12","guid":{"rendered":"https:\/\/www.sigre.es\/boletin\/?page_id=10443"},"modified":"2025-07-10T11:33:44","modified_gmt":"2025-07-10T10:33:44","slug":"actualidad-91","status":"publish","type":"page","link":"https:\/\/www.sigre.es\/boletin\/sigre-informa-91\/actualidad-91\/","title":{"rendered":"ACTUALIDAD"},"content":{"rendered":"<div id=\"fb-root\"><\/div>\n<p>Si bien nueve de cada diez farmac\u00e9uticos afirman disponer de suficiente informaci\u00f3n para resolver las preguntas que les plantean, hay tres dudas que los ciudadanos suelen tener sobre el funcionamiento de SIGRE: qu\u00e9 se puede depositar en el Punto SIGRE, el destino final de los residuos y cu\u00e1les son los beneficios de su colaboraci\u00f3n.<\/p>\n<p>Para ayudar a disipar estas dudas, desde SIGRE hemos hecho llegar a las m\u00e1s de 22.200 farmacias repartidas por toda Espa\u00f1a dos nuevos adhesivos para potenciar el uso y conocimiento del Punto SIGRE.<\/p>\n<p>El primero es una infograf\u00eda que, de forma muy gr\u00e1fica y sencilla, indica que los envases vac\u00edos de medicamentos, junto con su caja de cart\u00f3n y prospecto, los restos de tratamientos ya finalizados, los medicamentos caducados o en mal estado de conservaci\u00f3n y los Sistemas Personalizados de Dosificaci\u00f3n deben depositarse en el Punto SIGRE. Tambi\u00e9n recoge aquellos otros residuos que no deben depositarse en este contenedor, como son los test de autodiagn\u00f3stico, las agujas, o las radiograf\u00edas, entre otros.<\/p>\n<p>El segundo adhesivo contiene un c\u00f3digo QR que redirige a una <u><a href=\"https:\/\/sigre.es\/landing\/sobre-sigre\/\">landing<\/a><\/u>\u00a0donde el ciudadano puede obtener informaci\u00f3n de inter\u00e9s sobre SIGRE, como por ejemplo el tratamiento que reciben los residuos o los beneficios socio-sanitarios y medioambientales derivados de su colaboraci\u00f3n.<a href=\"https:\/\/www.sigre.es\/boletin\/wp-content\/uploads\/2025\/03\/BSI-91.png\"><img loading=\"lazy\" decoding=\"async\" class=\"wp-image-10444 aligncenter\" src=\"https:\/\/www.sigre.es\/boletin\/wp-content\/uploads\/2025\/03\/BSI-91-210x300.png\" alt=\"\" width=\"270\" height=\"386\" srcset=\"https:\/\/www.sigre.es\/boletin\/wp-content\/uploads\/2025\/03\/BSI-91-210x300.png 210w, https:\/\/www.sigre.es\/boletin\/wp-content\/uploads\/2025\/03\/BSI-91.png 350w\" sizes=\"auto, (max-width: 270px) 100vw, 270px\" \/><\/a><\/p>\n<p>Con la instalaci\u00f3n de estas dos nuevas pegatinas informativas en los propios contenedores, queremos afianzar y mejorar la sensibilizaci\u00f3n ciudadana en el uso seguro de los medicamentos, que solo finaliza cuando se depositan sus residuos en el Punto SIGRE.<\/p>\n<p>&nbsp;<\/p>\n","protected":false},"excerpt":{"rendered":"<p>Si bien nueve de cada diez farmac\u00e9uticos afirman disponer de suficiente informaci\u00f3n para resolver las preguntas que les plantean, hay tres dudas que los ciudadanos suelen tener sobre el funcionamiento de SIGRE: qu\u00e9 se puede depositar en el Punto SIGRE, el destino final de los residuos y cu\u00e1les son los beneficios de su colaboraci\u00f3n. Para [&hellip;]<\/p>\n","protected":false},"author":7,"featured_media":10440,"parent":10459,"menu_order":140,"comment_status":"closed","ping_status":"closed","template":"sigre-entrevista.php","meta":{"footnotes":""},"class_list":["post-10443","page","type-page","status-publish","has-post-thumbnail","hentry"],"_links":{"self":[{"href":"https:\/\/www.sigre.es\/boletin\/wp-json\/wp\/v2\/pages\/10443","targetHints":{"allow":["GET"]}}],"collection":[{"href":"https:\/\/www.sigre.es\/boletin\/wp-json\/wp\/v2\/pages"}],"about":[{"href":"https:\/\/www.sigre.es\/boletin\/wp-json\/wp\/v2\/types\/page"}],"author":[{"embeddable":true,"href":"https:\/\/www.sigre.es\/boletin\/wp-json\/wp\/v2\/users\/7"}],"replies":[{"embeddable":true,"href":"https:\/\/www.sigre.es\/boletin\/wp-json\/wp\/v2\/comments?post=10443"}],"version-history":[{"count":9,"href":"https:\/\/www.sigre.es\/boletin\/wp-json\/wp\/v2\/pages\/10443\/revisions"}],"predecessor-version":[{"id":10829,"href":"https:\/\/www.sigre.es\/boletin\/wp-json\/wp\/v2\/pages\/10443\/revisions\/10829"}],"up":[{"embeddable":true,"href":"https:\/\/www.sigre.es\/boletin\/wp-json\/wp\/v2\/pages\/10459"}],"wp:featuredmedia":[{"embeddable":true,"href":"https:\/\/www.sigre.es\/boletin\/wp-json\/wp\/v2\/media\/10440"}],"wp:attachment":[{"href":"https:\/\/www.sigre.es\/boletin\/wp-json\/wp\/v2\/media?parent=10443"}],"curies":[{"name":"wp","href":"https:\/\/api.w.org\/{rel}","templated":true}]}}