{"id":10418,"date":"2025-04-09T14:39:24","date_gmt":"2025-04-09T13:39:24","guid":{"rendered":"https:\/\/www.sigre.es\/boletin\/?page_id=10418"},"modified":"2025-07-10T10:52:41","modified_gmt":"2025-07-10T09:52:41","slug":"formacion-91","status":"publish","type":"page","link":"https:\/\/www.sigre.es\/boletin\/sigre-informa-91\/formacion-91\/","title":{"rendered":"FORMACI\u00d3N"},"content":{"rendered":"<div id=\"fb-root\"><\/div>\n<p>El pasado 20 de enero, SIGRE llev\u00f3 a cabo una nueva sesi\u00f3n formativa para explicar el funcionamiento del Formulario SIGRELAB 5.0, a la que asistieron m\u00e1s de 200 representantes de compa\u00f1\u00edas farmac\u00e9uticas.<\/p>\n<p>A trav\u00e9s de esta herramienta digital, que incluye algunas actualizaciones derivadas de la nueva normativa sobre envases y residuos de envases, las empresas adheridas a SIGRE pueden facilitar la informaci\u00f3n detallada sobre las unidades y caracter\u00edsticas de los productos comercializados en el mercado espa\u00f1ol, as\u00ed como sobre los materiales utilizados en los envases.<\/p>\n<p>Esta formaci\u00f3n se consolida a\u00f1o tras a\u00f1o como una de las m\u00e1s solicitadas en el calendario de actividades que organiza SIGRE para sus asociados.<\/p>\n<p>&nbsp;<\/p>\n<p><a href=\"https:\/\/www.sigre.es\/boletin\/wp-content\/uploads\/2025\/03\/3.png\"><img loading=\"lazy\" decoding=\"async\" class=\"aligncenter wp-image-10487\" src=\"https:\/\/www.sigre.es\/boletin\/wp-content\/uploads\/2025\/03\/3-300x210.png\" alt=\"\" width=\"473\" height=\"331\" srcset=\"https:\/\/www.sigre.es\/boletin\/wp-content\/uploads\/2025\/03\/3-300x210.png 300w, https:\/\/www.sigre.es\/boletin\/wp-content\/uploads\/2025\/03\/3.png 442w\" sizes=\"auto, (max-width: 473px) 100vw, 473px\" \/><\/a><\/p>\n","protected":false},"excerpt":{"rendered":"<p>El pasado 20 de enero, SIGRE llev\u00f3 a cabo una nueva sesi\u00f3n formativa para explicar el funcionamiento del Formulario SIGRELAB 5.0, a la que asistieron m\u00e1s de 200 representantes de compa\u00f1\u00edas farmac\u00e9uticas. A trav\u00e9s de esta herramienta digital, que incluye algunas actualizaciones derivadas de la nueva normativa sobre envases y residuos de envases, las empresas [&hellip;]<\/p>\n","protected":false},"author":7,"featured_media":10384,"parent":10459,"menu_order":135,"comment_status":"closed","ping_status":"closed","template":"sigre-entrevista.php","meta":{"footnotes":""},"class_list":["post-10418","page","type-page","status-publish","has-post-thumbnail","hentry"],"_links":{"self":[{"href":"https:\/\/www.sigre.es\/boletin\/wp-json\/wp\/v2\/pages\/10418","targetHints":{"allow":["GET"]}}],"collection":[{"href":"https:\/\/www.sigre.es\/boletin\/wp-json\/wp\/v2\/pages"}],"about":[{"href":"https:\/\/www.sigre.es\/boletin\/wp-json\/wp\/v2\/types\/page"}],"author":[{"embeddable":true,"href":"https:\/\/www.sigre.es\/boletin\/wp-json\/wp\/v2\/users\/7"}],"replies":[{"embeddable":true,"href":"https:\/\/www.sigre.es\/boletin\/wp-json\/wp\/v2\/comments?post=10418"}],"version-history":[{"count":8,"href":"https:\/\/www.sigre.es\/boletin\/wp-json\/wp\/v2\/pages\/10418\/revisions"}],"predecessor-version":[{"id":10818,"href":"https:\/\/www.sigre.es\/boletin\/wp-json\/wp\/v2\/pages\/10418\/revisions\/10818"}],"up":[{"embeddable":true,"href":"https:\/\/www.sigre.es\/boletin\/wp-json\/wp\/v2\/pages\/10459"}],"wp:featuredmedia":[{"embeddable":true,"href":"https:\/\/www.sigre.es\/boletin\/wp-json\/wp\/v2\/media\/10384"}],"wp:attachment":[{"href":"https:\/\/www.sigre.es\/boletin\/wp-json\/wp\/v2\/media?parent=10418"}],"curies":[{"name":"wp","href":"https:\/\/api.w.org\/{rel}","templated":true}]}}