{"id":10398,"date":"2025-03-21T17:36:35","date_gmt":"2025-03-21T16:36:35","guid":{"rendered":"https:\/\/www.sigre.es\/boletin\/?page_id=10398"},"modified":"2025-07-10T10:52:43","modified_gmt":"2025-07-10T09:52:43","slug":"usoracional-91","status":"publish","type":"page","link":"https:\/\/www.sigre.es\/boletin\/sigre-informa-91\/usoracional-91\/","title":{"rendered":"USO RACIONAL"},"content":{"rendered":"<div id=\"fb-root\"><\/div>\n<p>El Ministerio de Sanidad y el ISMP-Espa\u00f1a han editado un <a href=\"https:\/\/seguridaddelpaciente.sanidad.gob.es\/practicasSeguras\/usoSeguroMedicamentos\/eresUnaPiezaClave\/dip_casa.pdf\">nuevo d\u00edptico informativo<\/a> para pacientes y cuidadores, como complemento a los materiales de los \u201c<a href=\"https:\/\/www.sigre.es\/boletin\/sigre-informa-81\/medios-2\/\">5 Momentos clave para la utilizaci\u00f3n segura de los medicamentos<\/a>\u201d, donde incide en la necesidad de depositar en el Punto SIGRE de las farmacias los medicamentos sobrantes o caducados.<\/p>\n<p>Este sencillo gesto, que ya realizan tres de cada cuatro hogares espa\u00f1oles, elimina el riesgo que supone para la salud el consumo de medicamentos sobrantes o caducados, <a href=\"https:\/\/www.miteco.gob.es\/es\/calidad-y-evaluacion-ambiental\/temas\/prevencion-y-gestion-residuos\/flujos\/domesticos\/fracciones\/medicamentos\/cual-es-su-ciclo-gestion.html\">evita la contaminaci\u00f3n de nuestros r\u00edos y suelos<\/a>, permite reciclar los materiales de los envases y garantiza la correcta eliminaci\u00f3n de los restos de medicamentos.<\/p>\n<p>Una pr\u00e1ctica que resulta esencial dentro del uso adecuado de los medicamentos, como tambi\u00e9n ha quedado de manifiesto en la campa\u00f1a \u201cSeguridad del paciente en farmacia\u201d promovida por la Conselleria de Sanitat de la Generalitat Valenciana.<\/p>\n<table style=\"border-collapse: collapse; width: 100%;\">\n<tbody>\n<tr>\n<td style=\"width: 37.8758%;\"><a href=\"https:\/\/www.sigre.es\/boletin\/wp-content\/uploads\/2025\/03\/Guia_Portada-e1742574685650.jpg\"><img loading=\"lazy\" decoding=\"async\" class=\"aligncenter size-medium wp-image-10400\" src=\"https:\/\/www.sigre.es\/boletin\/wp-content\/uploads\/2025\/03\/Guia_Portada-e1742574685650-200x300.jpg\" alt=\"\" width=\"200\" height=\"300\" srcset=\"https:\/\/www.sigre.es\/boletin\/wp-content\/uploads\/2025\/03\/Guia_Portada-e1742574685650-200x300.jpg 200w, https:\/\/www.sigre.es\/boletin\/wp-content\/uploads\/2025\/03\/Guia_Portada-e1742574685650-683x1024.jpg 683w, https:\/\/www.sigre.es\/boletin\/wp-content\/uploads\/2025\/03\/Guia_Portada-e1742574685650-768x1151.jpg 768w, https:\/\/www.sigre.es\/boletin\/wp-content\/uploads\/2025\/03\/Guia_Portada-e1742574685650-1025x1536.jpg 1025w, https:\/\/www.sigre.es\/boletin\/wp-content\/uploads\/2025\/03\/Guia_Portada-e1742574685650.jpg 1170w\" sizes=\"auto, (max-width: 200px) 100vw, 200px\" \/><\/a><\/td>\n<td style=\"width: 62.1242%;\"><a href=\"https:\/\/www.sigre.es\/boletin\/wp-content\/uploads\/2025\/03\/CAMPANA_SEGURIDAD-DEL-PACIENTE_TRIPTICO_CAST040225_page-0001.jpg\"><img loading=\"lazy\" decoding=\"async\" class=\"aligncenter wp-image-10401\" src=\"https:\/\/www.sigre.es\/boletin\/wp-content\/uploads\/2025\/03\/CAMPANA_SEGURIDAD-DEL-PACIENTE_TRIPTICO_CAST040225_page-0001-300x212.jpg\" alt=\"\" width=\"582\" height=\"411\" srcset=\"https:\/\/www.sigre.es\/boletin\/wp-content\/uploads\/2025\/03\/CAMPANA_SEGURIDAD-DEL-PACIENTE_TRIPTICO_CAST040225_page-0001-300x212.jpg 300w, https:\/\/www.sigre.es\/boletin\/wp-content\/uploads\/2025\/03\/CAMPANA_SEGURIDAD-DEL-PACIENTE_TRIPTICO_CAST040225_page-0001-1024x725.jpg 1024w, https:\/\/www.sigre.es\/boletin\/wp-content\/uploads\/2025\/03\/CAMPANA_SEGURIDAD-DEL-PACIENTE_TRIPTICO_CAST040225_page-0001-768x543.jpg 768w, https:\/\/www.sigre.es\/boletin\/wp-content\/uploads\/2025\/03\/CAMPANA_SEGURIDAD-DEL-PACIENTE_TRIPTICO_CAST040225_page-0001-1536x1087.jpg 1536w, https:\/\/www.sigre.es\/boletin\/wp-content\/uploads\/2025\/03\/CAMPANA_SEGURIDAD-DEL-PACIENTE_TRIPTICO_CAST040225_page-0001.jpg 1754w\" sizes=\"auto, (max-width: 582px) 100vw, 582px\" \/><\/a><\/td>\n<\/tr>\n<\/tbody>\n<\/table>\n<p>&nbsp;<\/p>\n","protected":false},"excerpt":{"rendered":"<p>El Ministerio de Sanidad y el ISMP-Espa\u00f1a han editado un nuevo d\u00edptico informativo para pacientes y cuidadores, como complemento a los materiales de los \u201c5 Momentos clave para la utilizaci\u00f3n segura de los medicamentos\u201d, donde incide en la necesidad de depositar en el Punto SIGRE de las farmacias los medicamentos sobrantes o caducados. Este sencillo [&hellip;]<\/p>\n","protected":false},"author":7,"featured_media":0,"parent":10459,"menu_order":134,"comment_status":"closed","ping_status":"closed","template":"sigre-entrevista.php","meta":{"footnotes":""},"class_list":["post-10398","page","type-page","status-publish","hentry"],"_links":{"self":[{"href":"https:\/\/www.sigre.es\/boletin\/wp-json\/wp\/v2\/pages\/10398","targetHints":{"allow":["GET"]}}],"collection":[{"href":"https:\/\/www.sigre.es\/boletin\/wp-json\/wp\/v2\/pages"}],"about":[{"href":"https:\/\/www.sigre.es\/boletin\/wp-json\/wp\/v2\/types\/page"}],"author":[{"embeddable":true,"href":"https:\/\/www.sigre.es\/boletin\/wp-json\/wp\/v2\/users\/7"}],"replies":[{"embeddable":true,"href":"https:\/\/www.sigre.es\/boletin\/wp-json\/wp\/v2\/comments?post=10398"}],"version-history":[{"count":15,"href":"https:\/\/www.sigre.es\/boletin\/wp-json\/wp\/v2\/pages\/10398\/revisions"}],"predecessor-version":[{"id":10819,"href":"https:\/\/www.sigre.es\/boletin\/wp-json\/wp\/v2\/pages\/10398\/revisions\/10819"}],"up":[{"embeddable":true,"href":"https:\/\/www.sigre.es\/boletin\/wp-json\/wp\/v2\/pages\/10459"}],"wp:attachment":[{"href":"https:\/\/www.sigre.es\/boletin\/wp-json\/wp\/v2\/media?parent=10398"}],"curies":[{"name":"wp","href":"https:\/\/api.w.org\/{rel}","templated":true}]}}